{"id":22853,"date":"2013-06-24T10:01:13","date_gmt":"2013-06-24T10:01:13","guid":{"rendered":"https:\/\/www.sistar.it\/prodotti\/airvisor-2-mv-dmak-0021e\/"},"modified":"2024-06-14T08:05:44","modified_gmt":"2024-06-14T08:05:44","slug":"airvisor-2-mv-dmak-0021e","status":"publish","type":"product","link":"https:\/\/www.sistar.it\/es\/prodotti\/airvisor-2-mv-dmak-0021e\/","title":{"rendered":"AIRVISOR 2 MV DMAK-0021E"},"content":{"rendered":"<p style=\"text-align: justify;\"><strong> Para aplicaciones de pintura:<\/strong> Respirador alimentado con aire comprimido filtrado y purificado para protecci\u00f3n contra gases, vapores, nieblas, polvo y humos.<\/p>\n<p style=\"text-align: justify;\">A\u00edsla el operador de los contaminantes del medio ambiente. Elimina el esfuerzo respiratorio y asegura un alto confort.<\/p>\n<p style=\"text-align: justify;\"><strong>Kit para pintar:<\/strong> casco con pantalla de acetato resistente a productos qu\u00edmicos, cintur\u00f3n con regulador de flujo y filtro de carb\u00f3n activado, tubo de aire para la pistola con desenganche r\u00e1pido, 2 cubiertas de pantalla desechables, capota de tela y protecci\u00f3n de la nuca.<\/p>\n<ul>\n<li>Presi\u00f3n de funcionamiento: 4,2 (58 psi) a 7 bar (102 psi).<\/li>\n<li>Rango de flujo del aire: 290 l \/ min.<\/li>\n<\/ul>\n<p>EN 14594:2018<br \/>\nEN 166 3-F<br \/>\nDPI Cat. III<br \/>\n<strong>CE<\/strong> 0082<\/p>\n<p>&nbsp;<\/p>\n<div id=\"footable_parent_22852\"\n         class=\" footable_parent ninja_table_wrapper loading_ninja_table wp_table_data_press_parent bootstrap4 colored_table\">\n                <table data-ninja_table_instance=\"ninja_table_instance_0\" data-footable_id=\"22852\" data-filter-delay=\"1000\" aria-label=\"AIRVISOR 2 MV DMAK-0021E( INGLESE )\"            id=\"footable_22852\"\n           data-unique_identifier=\"ninja_table_unique_id_2021761440_22852\"\n           class=\" foo-table ninja_footable foo_table_22852 ninja_table_unique_id_2021761440_22852 table  white nt_type_ajax_table table-hover vertical_centered inverted footable-paging-right ninja_table_search_disabled\">\n                <colgroup>\n                            <col class=\"ninja_column_0 \">\n                            <col class=\"ninja_column_1 \">\n                            <col class=\"ninja_column_2 \">\n                            <col class=\"ninja_column_3 \">\n                    <\/colgroup>\n            <\/table>\n                    <style type=\"text\/css\" id='ninja_table_custom_css_22852'>\n                        #footable_22852  {\n        font-family: sans-serif;\n        font-size: 14px;\n    }\n\n#footable_22852 td.ninja_column_0 { text-align: center; }#footable_22852 th.ninja_column_0 { text-align: center; }#footable_22852 td.ninja_column_1 { text-align: center; }#footable_22852 th.ninja_column_1 { text-align: center; }#footable_22852 td.ninja_column_2 { text-align: center; }#footable_22852 th.ninja_column_2 { text-align: center; }#footable_22852 td.ninja_column_3 { text-align: center; }#footable_22852 th.ninja_column_3 { text-align: center; }                <\/style>\n                \n    \n    \n<\/div>\n\n<div class=\"hidden\">507.0021, 507.1404, 507.1507, 1013938, 1001672, 1001778<\/div>\n","protected":false},"excerpt":{"rendered":"<p><a href=\"http:\/\/www.sistar.it\/it\/wp-content\/uploads\/Logo-Honeywell1.jpg\"><img loading=\"lazy\" class=\"alignnone size-full wp-image-5434\" src=\"http:\/\/www.sistar.it\/it\/wp-content\/uploads\/Logo-Honeywell1.jpg\" alt=\"Logo Honeywell\" width=\"138\" height=\"30\" \/><\/a><\/p>\n","protected":false},"featured_media":20097,"template":"","meta":[],"product_cat":[355],"product_tag":[],"acf":[],"_links":{"self":[{"href":"https:\/\/www.sistar.it\/es\/wp-json\/wp\/v2\/product\/22853"}],"collection":[{"href":"https:\/\/www.sistar.it\/es\/wp-json\/wp\/v2\/product"}],"about":[{"href":"https:\/\/www.sistar.it\/es\/wp-json\/wp\/v2\/types\/product"}],"wp:featuredmedia":[{"embeddable":true,"href":"https:\/\/www.sistar.it\/es\/wp-json\/wp\/v2\/media\/20097"}],"wp:attachment":[{"href":"https:\/\/www.sistar.it\/es\/wp-json\/wp\/v2\/media?parent=22853"}],"wp:term":[{"taxonomy":"product_cat","embeddable":true,"href":"https:\/\/www.sistar.it\/es\/wp-json\/wp\/v2\/product_cat?post=22853"},{"taxonomy":"product_tag","embeddable":true,"href":"https:\/\/www.sistar.it\/es\/wp-json\/wp\/v2\/product_tag?post=22853"}],"curies":[{"name":"wp","href":"https:\/\/api.w.org\/{rel}","templated":true}]}}