{"id":22785,"date":"2013-06-25T11:03:06","date_gmt":"2013-06-25T11:03:06","guid":{"rendered":"https:\/\/www.sistar.it\/prodotti\/mapa-alto-415\/"},"modified":"2024-09-16T12:26:20","modified_gmt":"2024-09-16T12:26:20","slug":"mapa-alto-415","status":"publish","type":"product","link":"https:\/\/www.sistar.it\/es\/prodotti\/mapa-alto-415\/","title":{"rendered":"ALTO 415"},"content":{"rendered":"<p>Guante de neopreno negro y l\u00e1tex natural. Acabado flocado interno, acabado estriado externo.<\/p>\n<p>M\u00e1xima sensibilidad para protecci\u00f3n ligera en contacto frecuente con productos qu\u00edmicos.<\/p>\n<p><strong>CE 0334<\/strong><\/p>\n<p><strong>\u00a0EN 420:2003 + A1:2009<\/strong>, DPI categor\u00eda III<\/p>\n<p><strong><span style=\"font-size: 14pt;\">Caracter\u00edsticas:<\/span><\/strong><\/p>\n<ul>\n<li><strong>Grosor:<\/strong> 0,60 mm<\/li>\n<li><strong>Tama\u00f1o:<\/strong> 32 cm<\/li>\n<\/ul>\n<p>&nbsp;<\/p>\n<div id=\"footable_parent_22784\"\n         class=\" footable_parent ninja_table_wrapper loading_ninja_table wp_table_data_press_parent bootstrap4 \">\n                <table data-ninja_table_instance=\"ninja_table_instance_0\" data-footable_id=\"22784\" data-filter-delay=\"1000\" aria-label=\"ALTO 415( INGLESE )\"            id=\"footable_22784\"\n           data-unique_identifier=\"ninja_table_unique_id_1725805798_22784\"\n           class=\" foo-table ninja_footable foo_table_22784 ninja_table_unique_id_1725805798_22784 table  nt_type_ajax_table table-bordered table-hover table-sm vertical_centered  footable-paging-right ninja_table_search_disabled\">\n                <colgroup>\n                            <col class=\"ninja_column_0 \">\n                            <col class=\"ninja_column_1 \">\n                            <col class=\"ninja_column_2 \">\n                    <\/colgroup>\n            <\/table>\n                    <style type=\"text\/css\" id='ninja_table_custom_css_22784'>\n                        #footable_22784  {\n        font-family: sans-serif;\n        font-size: 14px;\n    }\n\n#footable_22784 td.ninja_column_0 { text-align: center; }#footable_22784 th.ninja_column_0 { text-align: center; }#footable_22784 td.ninja_column_1 { text-align: center; }#footable_22784 th.ninja_column_1 { text-align: center; }#footable_22784 td.ninja_column_2 { text-align: center; }#footable_22784 th.ninja_column_2 { text-align: center; }                <\/style>\n                \n    \n    \n<\/div>\n\n<div class=\"hidden\">555.0415.8, 555.0415.9, 555.0415.10<\/div>\n<div class=\"hidden\"><img loading=\"lazy\" class=\"alignnone size-full wp-image-13694\" src=\"https:\/\/www.sistar.it\/wp-content\/uploads\/2013\/06\/pittogrammi-alto-415.jpg\" alt=\"\" width=\"587\" height=\"160\" \/><\/div>\n","protected":false},"excerpt":{"rendered":"<p>&nbsp;<\/p>\n<p>&nbsp;<\/p>\n","protected":false},"featured_media":20194,"template":"","meta":[],"product_cat":[361],"product_tag":[363],"acf":[],"_links":{"self":[{"href":"https:\/\/www.sistar.it\/es\/wp-json\/wp\/v2\/product\/22785"}],"collection":[{"href":"https:\/\/www.sistar.it\/es\/wp-json\/wp\/v2\/product"}],"about":[{"href":"https:\/\/www.sistar.it\/es\/wp-json\/wp\/v2\/types\/product"}],"wp:featuredmedia":[{"embeddable":true,"href":"https:\/\/www.sistar.it\/es\/wp-json\/wp\/v2\/media\/20194"}],"wp:attachment":[{"href":"https:\/\/www.sistar.it\/es\/wp-json\/wp\/v2\/media?parent=22785"}],"wp:term":[{"taxonomy":"product_cat","embeddable":true,"href":"https:\/\/www.sistar.it\/es\/wp-json\/wp\/v2\/product_cat?post=22785"},{"taxonomy":"product_tag","embeddable":true,"href":"https:\/\/www.sistar.it\/es\/wp-json\/wp\/v2\/product_tag?post=22785"}],"curies":[{"name":"wp","href":"https:\/\/api.w.org\/{rel}","templated":true}]}}