{"id":22742,"date":"2013-06-27T09:54:33","date_gmt":"2013-06-27T09:54:33","guid":{"rendered":"https:\/\/www.sistar.it\/prodotti\/tyvek-500-xpert-dupont\/"},"modified":"2025-04-24T07:10:04","modified_gmt":"2025-04-24T07:10:04","slug":"tyvek-500-xpert-dupont","status":"publish","type":"product","link":"https:\/\/www.sistar.it\/es\/prodotti\/tyvek-500-xpert-dupont\/","title":{"rendered":"TYVEK\u00ae 500 XPERT DuPont"},"content":{"rendered":"<p>Traje de trabajo con capucha. Dise\u00f1o ergon\u00f3mico-protector. Costuras exteriores reforzadas.<\/p>\n<p>Mu\u00f1ecas, tobillos y cara el\u00e1sticos. Cintura con el\u00e1stico (pegado). Cremallera y solapa en Tyvek\u00ae.<\/p>\n<ul>\n<li>Certificado seg\u00fan el Reglamento (UE) 2016\/425.<\/li>\n<li>Ropa de protecci\u00f3n qu\u00edmica, Categor\u00eda III, Tipo 5-B y 6-B<\/li>\n<li>EN 14126 (barrera contra agentes infecciosos), EN 1073-2 (protecci\u00f3n contra la contaminaci\u00f3n radiactiva)<\/li>\n<li>Tratamiento antiest\u00e1tico (EN 1149-5) en ambos lados<\/li>\n<\/ul>\n<p>&nbsp;<\/p>\n<p><strong><img loading=\"lazy\" class=\"alignnone size-full wp-image-33774\" src=\"https:\/\/www.sistar.it\/wp-content\/uploads\/2013\/06\/CE-LOGO.jpg\" alt=\"\" width=\"47\" height=\"34\" \/>0598<\/strong><\/p>\n<p>DPI categor\u00eda III<\/p>\n<p><img loading=\"lazy\" class=\"alignnone size-full wp-image-34479\" src=\"https:\/\/www.sistar.it\/wp-content\/uploads\/2013\/06\/603.300_pittogrammi.jpg\" alt=\"\" width=\"392\" height=\"76\" srcset=\"https:\/\/www.sistar.it\/wp-content\/uploads\/2013\/06\/603.300_pittogrammi.jpg 392w, https:\/\/www.sistar.it\/wp-content\/uploads\/2013\/06\/603.300_pittogrammi-320x62.jpg 320w\" sizes=\"(max-width: 392px) 100vw, 392px\" \/><\/p>\n<p>&nbsp;<\/p>\n<div id=\"footable_parent_22741\"\n         class=\" footable_parent ninja_table_wrapper loading_ninja_table wp_table_data_press_parent bootstrap4 colored_table\">\n                <table data-ninja_table_instance=\"ninja_table_instance_0\" data-footable_id=\"22741\" data-filter-delay=\"1000\" aria-label=\"Tuta Tyvek Dupont( INGLESE )\"            id=\"footable_22741\"\n           data-unique_identifier=\"ninja_table_unique_id_1829510950_22741\"\n           class=\" foo-table ninja_footable foo_table_22741 ninja_table_unique_id_1829510950_22741 table  white nt_type_ajax_table table-hover vertical_centered inverted footable-paging-right ninja_table_search_disabled\">\n                <colgroup>\n                            <col class=\"ninja_column_0 \">\n                            <col class=\"ninja_column_1 \">\n                            <col class=\"ninja_column_2 \">\n                    <\/colgroup>\n            <\/table>\n                    <style type=\"text\/css\" id='ninja_table_custom_css_22741'>\n                        #footable_22741  {\n        font-family: sans-serif;\n        font-size: 14px;\n    }\n\n#footable_22741 td.ninja_column_0 { text-align: center; }#footable_22741 th.ninja_column_0 { text-align: center; }#footable_22741 td.ninja_column_1 { text-align: center; }#footable_22741 th.ninja_column_1 { text-align: center; }#footable_22741 td.ninja_column_2 { text-align: center; }#footable_22741 th.ninja_column_2 { text-align: center; }                <\/style>\n                \n    \n    \n<\/div>\n\n<div class=\"hidden\">603.0300.S, 603.0300.M, 603.0300.L, 603.0300.XL, 603.0300.XXL, 603.0300.XXXL<\/div>\n","protected":false},"excerpt":{"rendered":"<p><img loading=\"lazy\" class=\"wp-image-12710 alignleft\" src=\"http:\/\/www.sistar.it\/it\/wp-content\/uploads\/Logo-Tyvek-Dupont.jpg\" alt=\"Logo-Tyvek-Dupont\" width=\"97\" height=\"96\" \/><\/p>\n","protected":false},"featured_media":20472,"template":"","meta":[],"product_cat":[359],"product_tag":[],"acf":[],"_links":{"self":[{"href":"https:\/\/www.sistar.it\/es\/wp-json\/wp\/v2\/product\/22742"}],"collection":[{"href":"https:\/\/www.sistar.it\/es\/wp-json\/wp\/v2\/product"}],"about":[{"href":"https:\/\/www.sistar.it\/es\/wp-json\/wp\/v2\/types\/product"}],"wp:featuredmedia":[{"embeddable":true,"href":"https:\/\/www.sistar.it\/es\/wp-json\/wp\/v2\/media\/20472"}],"wp:attachment":[{"href":"https:\/\/www.sistar.it\/es\/wp-json\/wp\/v2\/media?parent=22742"}],"wp:term":[{"taxonomy":"product_cat","embeddable":true,"href":"https:\/\/www.sistar.it\/es\/wp-json\/wp\/v2\/product_cat?post=22742"},{"taxonomy":"product_tag","embeddable":true,"href":"https:\/\/www.sistar.it\/es\/wp-json\/wp\/v2\/product_tag?post=22742"}],"curies":[{"name":"wp","href":"https:\/\/api.w.org\/{rel}","templated":true}]}}