{"id":22695,"date":"2017-06-05T15:42:04","date_gmt":"2017-06-05T15:42:04","guid":{"rendered":"https:\/\/www.sistar.it\/prodotti\/elipse-integra-spr-401\/"},"modified":"2024-06-14T07:29:16","modified_gmt":"2024-06-14T07:29:16","slug":"elipse-integra-spr-401","status":"publish","type":"product","link":"https:\/\/www.sistar.it\/es\/prodotti\/elipse-integra-spr-401\/","title":{"rendered":"ELIPSE INTEGRA SPR 401"},"content":{"rendered":"<p style=\"text-align: justify;\">Media m\u00e1scara con doble filtro, filtros A1-P3 RD que se pueden reemplazar con visor integrado.<\/p>\n<p style=\"text-align: justify;\">Protecci\u00f3n conjunta de ojos y tracto respiratorio de gases y vapores org\u00e1nicos, polvo, vapores met\u00e1licos, nieblas, microorganismos, como bacterias y virus.<\/p>\n<p style=\"text-align: justify;\">Protecci\u00f3n vers\u00e1til para sustancias en concentraciones hasta 1000 ppm y contra polvos y nieblas hasta 50 TLV.<\/p>\n<p style=\"text-align: justify;\">Los filtros HESPA + P3 tienen una eficiencia del 99,95%.<\/p>\n<p>EN140: 1998<br \/>\nEN166:2002 Class 2.F.K.N.<br \/>\nEN14387:2004+A1:2008<br \/>\nDPI Cat. III<br \/>\n<strong>CE<\/strong> 2797<\/p>\n<p>&nbsp;<\/p>\n<div id=\"footable_parent_22694\"\n         class=\" footable_parent ninja_table_wrapper loading_ninja_table wp_table_data_press_parent bootstrap4 colored_table\">\n                <table data-ninja_table_instance=\"ninja_table_instance_0\" data-footable_id=\"22694\" data-filter-delay=\"1000\" aria-label=\"ELIPSE INTEGRA SPR 401( INGLESE )\"            id=\"footable_22694\"\n           data-unique_identifier=\"ninja_table_unique_id_1543775919_22694\"\n           class=\" foo-table ninja_footable foo_table_22694 ninja_table_unique_id_1543775919_22694 table  white nt_type_ajax_table table-hover vertical_centered inverted footable-paging-right ninja_table_search_disabled\">\n                <colgroup>\n                            <col class=\"ninja_column_0 \">\n                            <col class=\"ninja_column_1 \">\n                            <col class=\"ninja_column_2 \">\n                    <\/colgroup>\n            <\/table>\n                    <style type=\"text\/css\" id='ninja_table_custom_css_22694'>\n                        #footable_22694  {\n        font-family: sans-serif;\n        font-size: 14px;\n    }\n\n#footable_22694 td.ninja_column_0 { text-align: center; }#footable_22694 th.ninja_column_0 { text-align: center; }#footable_22694 td.ninja_column_1 { text-align: center; }#footable_22694 th.ninja_column_1 { text-align: center; }#footable_22694 td.ninja_column_2 { text-align: center; }#footable_22694 th.ninja_column_2 { text-align: center; }                <\/style>\n                \n    \n    \n<\/div>\n\n<p>&nbsp;<\/p>\n<div class=\"hidden\">504.0401.L, 506.0520, 506.0341<\/div>\n","protected":false},"excerpt":{"rendered":"<p>Media m\u00e1scara con doble filtro, filtros A1-P3 RD que se pueden reemplazar con visor integrado. Protecci\u00f3n conjunta de ojos y tracto respiratorio de gases y vapores org\u00e1nicos, polvo, vapores met\u00e1licos, nieblas, microorganismos, como bacterias y virus. Protecci\u00f3n vers\u00e1til para sustancias en concentraciones hasta 1000 ppm y contra polvos y nieblas hasta 50 TLV. Los filtros&#8230;<\/p>\n","protected":false},"featured_media":20018,"template":"","meta":[],"product_cat":[355],"product_tag":[],"acf":[],"_links":{"self":[{"href":"https:\/\/www.sistar.it\/es\/wp-json\/wp\/v2\/product\/22695"}],"collection":[{"href":"https:\/\/www.sistar.it\/es\/wp-json\/wp\/v2\/product"}],"about":[{"href":"https:\/\/www.sistar.it\/es\/wp-json\/wp\/v2\/types\/product"}],"wp:featuredmedia":[{"embeddable":true,"href":"https:\/\/www.sistar.it\/es\/wp-json\/wp\/v2\/media\/20018"}],"wp:attachment":[{"href":"https:\/\/www.sistar.it\/es\/wp-json\/wp\/v2\/media?parent=22695"}],"wp:term":[{"taxonomy":"product_cat","embeddable":true,"href":"https:\/\/www.sistar.it\/es\/wp-json\/wp\/v2\/product_cat?post=22695"},{"taxonomy":"product_tag","embeddable":true,"href":"https:\/\/www.sistar.it\/es\/wp-json\/wp\/v2\/product_tag?post=22695"}],"curies":[{"name":"wp","href":"https:\/\/api.w.org\/{rel}","templated":true}]}}