{"id":22678,"date":"2018-11-27T10:56:04","date_gmt":"2018-11-27T10:56:04","guid":{"rendered":"https:\/\/www.sistar.it\/prodotti\/body-guard-plus\/"},"modified":"2025-05-12T15:20:06","modified_gmt":"2025-05-12T15:20:06","slug":"body-guard-plus","status":"publish","type":"product","link":"https:\/\/www.sistar.it\/es\/prodotti\/body-guard-plus\/","title":{"rendered":"Body-guard\u2122 plus"},"content":{"rendered":"<p>Traje de trabajo con capucha. Espalda totalmente transpirable.<\/p>\n<p>Particularmente c\u00f3modo, es ideal para pintura en carrocer\u00eda durante las estaciones c\u00e1lidas.<\/p>\n<p>Libre de agentes de silicona, sin liberaci\u00f3n de fibras.<\/p>\n<p>Costuras internas, el\u00e1sticos en mu\u00f1ecas, tobillos y cintura.<\/p>\n<p>Bolsillo adhesivo para aplicarlo en el punto m\u00e1s c\u00f3modo para el usuario.<\/p>\n<p>&nbsp;<\/p>\n<p><strong><img loading=\"lazy\" class=\"alignnone size-full wp-image-33774\" src=\"https:\/\/www.sistar.it\/wp-content\/uploads\/2013\/06\/CE-LOGO.jpg\" alt=\"\" width=\"47\" height=\"34\" \/>0624<\/strong><\/p>\n<p>DPI categor\u00eda III<\/p>\n<p style=\"text-align: justify;\"><img loading=\"lazy\" class=\"alignnone size-full wp-image-34636\" src=\"https:\/\/www.sistar.it\/wp-content\/uploads\/2018\/11\/603.0210_pittogrammi.png\" alt=\"\" width=\"597\" height=\"102\" srcset=\"https:\/\/www.sistar.it\/wp-content\/uploads\/2018\/11\/603.0210_pittogrammi.png 597w, https:\/\/www.sistar.it\/wp-content\/uploads\/2018\/11\/603.0210_pittogrammi-320x55.png 320w\" sizes=\"(max-width: 597px) 100vw, 597px\" \/><\/p>\n<p>&nbsp;<\/p>\n<div id=\"footable_parent_22677\"\n         class=\" footable_parent ninja_table_wrapper loading_ninja_table wp_table_data_press_parent bootstrap4 colored_table\">\n                <table data-ninja_table_instance=\"ninja_table_instance_0\" data-footable_id=\"22677\" data-filter-delay=\"1000\" aria-label=\"Tuta Body Guard Plus( INGLESE )\"            id=\"footable_22677\"\n           data-unique_identifier=\"ninja_table_unique_id_187104526_22677\"\n           class=\" foo-table ninja_footable foo_table_22677 ninja_table_unique_id_187104526_22677 table  white nt_type_ajax_table table-hover vertical_centered inverted footable-paging-right ninja_table_search_disabled\">\n                <colgroup>\n                            <col class=\"ninja_column_0 \">\n                            <col class=\"ninja_column_1 \">\n                            <col class=\"ninja_column_2 \">\n                    <\/colgroup>\n            <\/table>\n                    <style type=\"text\/css\" id='ninja_table_custom_css_22677'>\n                        #footable_22677  {\n        font-family: sans-serif;\n        font-size: 14px;\n    }\n\n#footable_22677 td.ninja_column_0 { text-align: center; }#footable_22677 th.ninja_column_0 { text-align: center; }#footable_22677 td.ninja_column_1 { text-align: center; }#footable_22677 th.ninja_column_1 { text-align: center; }#footable_22677 td.ninja_column_2 { text-align: center; }#footable_22677 th.ninja_column_2 { text-align: center; }                <\/style>\n                \n    \n    \n<\/div>\n\n<div class=\"hidden\">603.0210.M, 603.0210.L, 603.0210.XL, 603.0210.XXL<\/div>\n","protected":false},"excerpt":{"rendered":"<p>DPI Categor\u00eda III, tipo 5-6, antiest\u00e1tica<\/p>\n","protected":false},"featured_media":20413,"template":"","meta":[],"product_cat":[359],"product_tag":[],"acf":[],"_links":{"self":[{"href":"https:\/\/www.sistar.it\/es\/wp-json\/wp\/v2\/product\/22678"}],"collection":[{"href":"https:\/\/www.sistar.it\/es\/wp-json\/wp\/v2\/product"}],"about":[{"href":"https:\/\/www.sistar.it\/es\/wp-json\/wp\/v2\/types\/product"}],"wp:featuredmedia":[{"embeddable":true,"href":"https:\/\/www.sistar.it\/es\/wp-json\/wp\/v2\/media\/20413"}],"wp:attachment":[{"href":"https:\/\/www.sistar.it\/es\/wp-json\/wp\/v2\/media?parent=22678"}],"wp:term":[{"taxonomy":"product_cat","embeddable":true,"href":"https:\/\/www.sistar.it\/es\/wp-json\/wp\/v2\/product_cat?post=22678"},{"taxonomy":"product_tag","embeddable":true,"href":"https:\/\/www.sistar.it\/es\/wp-json\/wp\/v2\/product_tag?post=22678"}],"curies":[{"name":"wp","href":"https:\/\/api.w.org\/{rel}","templated":true}]}}