{"id":22667,"date":"2018-11-27T11:08:34","date_gmt":"2018-11-27T11:08:34","guid":{"rendered":"https:\/\/www.sistar.it\/prodotti\/sistar-f3v-2\/"},"modified":"2025-07-29T15:08:43","modified_gmt":"2025-07-29T15:08:43","slug":"sistar-f3v-2","status":"publish","type":"product","link":"https:\/\/www.sistar.it\/es\/prodotti\/sistar-f3v-2\/","title":{"rendered":"Sistar F3V"},"content":{"rendered":"<p>M\u00e1scara filtrante en forma de concha FFP3 NR D con v\u00e1lvula de exhalaci\u00f3n.<\/p>\n<p>Protecci\u00f3n contra part\u00edculas s\u00f3lidas y l\u00edquidas altamente t\u00f3xicas hasta 50 x TLV.<\/p>\n<p>Adecuada para polvos y aerosoles de productos altamente t\u00f3xicos como cromo, n\u00edquel, plomo, algunos pesticidas y qu\u00edmicos l\u00edquidos.<\/p>\n<p>Adecuado para la eliminaci\u00f3n del amianto.<\/p>\n<p>FFP3 NR D<br \/>\nEN149:2001+A1:2009<br \/>\nDPI cat. III<br \/>\nCE 0426<\/p>\n<div id=\"footable_parent_22666\"\n         class=\" footable_parent ninja_table_wrapper loading_ninja_table wp_table_data_press_parent bootstrap4 colored_table\">\n                <table data-ninja_table_instance=\"ninja_table_instance_0\" data-footable_id=\"22666\" data-filter-delay=\"1000\" aria-label=\"SISTAR F3V( INGLESE )\"            id=\"footable_22666\"\n           data-unique_identifier=\"ninja_table_unique_id_981409722_22666\"\n           class=\" foo-table ninja_footable foo_table_22666 ninja_table_unique_id_981409722_22666 table  white nt_type_ajax_table table-hover vertical_centered inverted footable-paging-right ninja_table_search_disabled\">\n                <colgroup>\n                            <col class=\"ninja_column_0 \">\n                            <col class=\"ninja_column_1 \">\n                    <\/colgroup>\n            <\/table>\n                    <style type=\"text\/css\" id='ninja_table_custom_css_22666'>\n                        #footable_22666  {\n        font-family: sans-serif;\n        font-size: 14px;\n    }\n\n#footable_22666 td.ninja_column_0 { text-align: center; }#footable_22666 th.ninja_column_0 { text-align: center; }#footable_22666 td.ninja_column_1 { text-align: center; }#footable_22666 th.ninja_column_1 { text-align: center; }                <\/style>\n                \n    \n    \n<\/div>\n\n<div class=\"hidden\">501.2055<\/div>\n","protected":false},"excerpt":{"rendered":"<p>&nbsp;<\/p>\n<p><a href=\"http:\/\/www.sistar.it\/it\/wp-content\/uploads\/Made-in-Italy1.jpg\"><img loading=\"lazy\" class=\"alignnone size-full wp-image-5418\" src=\"http:\/\/www.sistar.it\/it\/wp-content\/uploads\/Made-in-Italy1.jpg\" alt=\"Made in Italy\" width=\"303\" height=\"70\" \/><\/a><\/p>\n","protected":false},"featured_media":19983,"template":"","meta":[],"product_cat":[355],"product_tag":[],"acf":[],"_links":{"self":[{"href":"https:\/\/www.sistar.it\/es\/wp-json\/wp\/v2\/product\/22667"}],"collection":[{"href":"https:\/\/www.sistar.it\/es\/wp-json\/wp\/v2\/product"}],"about":[{"href":"https:\/\/www.sistar.it\/es\/wp-json\/wp\/v2\/types\/product"}],"wp:featuredmedia":[{"embeddable":true,"href":"https:\/\/www.sistar.it\/es\/wp-json\/wp\/v2\/media\/19983"}],"wp:attachment":[{"href":"https:\/\/www.sistar.it\/es\/wp-json\/wp\/v2\/media?parent=22667"}],"wp:term":[{"taxonomy":"product_cat","embeddable":true,"href":"https:\/\/www.sistar.it\/es\/wp-json\/wp\/v2\/product_cat?post=22667"},{"taxonomy":"product_tag","embeddable":true,"href":"https:\/\/www.sistar.it\/es\/wp-json\/wp\/v2\/product_tag?post=22667"}],"curies":[{"name":"wp","href":"https:\/\/api.w.org\/{rel}","templated":true}]}}