{"id":22622,"date":"2023-03-23T08:37:10","date_gmt":"2023-03-23T08:37:10","guid":{"rendered":"https:\/\/www.sistar.it\/prodotti\/tyvek-trouser\/"},"modified":"2024-03-20T10:30:57","modified_gmt":"2024-03-20T10:30:57","slug":"pantalones-de-trabajo-en-tyvek","status":"publish","type":"product","link":"https:\/\/www.sistar.it\/es\/prodotti\/pantalones-de-trabajo-en-tyvek\/","title":{"rendered":"Pantalones de trabajo  en TYVEK\u00ae"},"content":{"rendered":"<p>Pantalones con cintura el\u00e1stica en 100% polietileno Tyvek\u00ae.<\/p>\n<p>Ropa de trabajo de uso general y para la protecci\u00f3n parcial del cuerpo en ambientes de riesgos menores.<\/p>\n<p><strong>DPI Categor\u00eda I. S\u00f3lo para riesgos menores<\/strong><\/p>\n<p>&nbsp;<\/p>\n<div id=\"footable_parent_22620\"\n         class=\" footable_parent ninja_table_wrapper loading_ninja_table wp_table_data_press_parent bootstrap4 colored_table\">\n                <table data-ninja_table_instance=\"ninja_table_instance_0\" data-footable_id=\"22620\" data-filter-delay=\"1000\" aria-label=\"Pantalone in Tyvek( INGLESE )\"            id=\"footable_22620\"\n           data-unique_identifier=\"ninja_table_unique_id_1309972428_22620\"\n           class=\" foo-table ninja_footable foo_table_22620 ninja_table_unique_id_1309972428_22620 table  white nt_type_ajax_table table-hover vertical_centered inverted footable-paging-right ninja_table_search_disabled\">\n                <colgroup>\n                            <col class=\"ninja_column_0 \">\n                            <col class=\"ninja_column_1 \">\n                            <col class=\"ninja_column_2 \">\n                    <\/colgroup>\n            <\/table>\n                    <style type=\"text\/css\" id='ninja_table_custom_css_22620'>\n                        #footable_22620  {\n        font-family: sans-serif;\n        font-size: 14px;\n    }\n\n#footable_22620 td.ninja_column_0 { text-align: center; }#footable_22620 th.ninja_column_0 { text-align: center; }#footable_22620 td.ninja_column_1 { text-align: center; }#footable_22620 th.ninja_column_1 { text-align: center; }#footable_22620 td.ninja_column_2 { text-align: center; }#footable_22620 th.ninja_column_2 { text-align: center; }                <\/style>\n                \n    \n    \n<\/div>\n\n<div class=\"hidden\">603.0320.M, 603.0320.L, 603.0320.XL, 603.0320.XXL<\/div>\n","protected":false},"excerpt":{"rendered":"<p>Pantalones con cintura el\u00e1stica en 100% polietileno Tyvek\u00ae. Ropa de trabajo de uso general y para la protecci\u00f3n parcial del cuerpo en ambientes de riesgos menores. DPI Categor\u00eda I. S\u00f3lo para riesgos menores &nbsp; 603.0320.M, 603.0320.L, 603.0320.XL, 603.0320.XXL<\/p>\n","protected":false},"featured_media":20505,"template":"","meta":[],"product_cat":[359],"product_tag":[],"acf":[],"_links":{"self":[{"href":"https:\/\/www.sistar.it\/es\/wp-json\/wp\/v2\/product\/22622"}],"collection":[{"href":"https:\/\/www.sistar.it\/es\/wp-json\/wp\/v2\/product"}],"about":[{"href":"https:\/\/www.sistar.it\/es\/wp-json\/wp\/v2\/types\/product"}],"wp:featuredmedia":[{"embeddable":true,"href":"https:\/\/www.sistar.it\/es\/wp-json\/wp\/v2\/media\/20505"}],"wp:attachment":[{"href":"https:\/\/www.sistar.it\/es\/wp-json\/wp\/v2\/media?parent=22622"}],"wp:term":[{"taxonomy":"product_cat","embeddable":true,"href":"https:\/\/www.sistar.it\/es\/wp-json\/wp\/v2\/product_cat?post=22622"},{"taxonomy":"product_tag","embeddable":true,"href":"https:\/\/www.sistar.it\/es\/wp-json\/wp\/v2\/product_tag?post=22622"}],"curies":[{"name":"wp","href":"https:\/\/api.w.org\/{rel}","templated":true}]}}