{"id":22520,"date":"2013-06-26T09:33:28","date_gmt":"2013-06-26T09:33:28","guid":{"rendered":"https:\/\/www.sistar.it\/prodotti\/random-orbital-sander\/"},"modified":"2024-03-19T15:08:52","modified_gmt":"2024-03-19T15:08:52","slug":"lijadora-rotorbital","status":"publish","type":"product","link":"https:\/\/www.sistar.it\/es\/prodotti\/lijadora-rotorbital\/","title":{"rendered":"Lijadora rotorbital"},"content":{"rendered":"<p>Lijadora neum\u00e1tica rotorbital, con aspiraci\u00f3n de polvo y regulador de velocidad.<\/p>\n<p>La opci\u00f3n con \u00f3rbita 5,0 mm es adecuada como pulidora para eliminar hologramas, usando una esponja de pulido suave y una cofia de microfibra.<\/p>\n<p>Plato \u00d8150 mm no incluido.<\/p>\n<p>&nbsp;<\/p>\n<p><strong><span style=\"font-size: 14pt;\">Caracter\u00edsticas:<\/span><\/strong><\/p>\n<ul>\n<li>Con aspiraci\u00f3n<\/li>\n<li>Revoluciones por minuto: 12.000<\/li>\n<li>Di\u00e1metro: 150mm<\/li>\n<li>Rosca: 5\/16&#8221;<\/li>\n<li>Potencia del motor: 0,19 kW (0,25 hp)<\/li>\n<li>Presi\u00f3n: 6,3 bar (90 psi)<\/li>\n<li>Conexi\u00f3n del aire: 1\/4&#8221;<\/li>\n<li>Consumo de aire: 57 l\/m (2.0 cfm)<\/li>\n<li>Peso: 710 g<\/li>\n<li>Embalaje: 1 pcs<\/li>\n<\/ul>\n<p>&nbsp;<\/p>\n<div id=\"footable_parent_22519\"\n         class=\" footable_parent ninja_table_wrapper loading_ninja_table wp_table_data_press_parent bootstrap4 colored_table\">\n                <table data-ninja_table_instance=\"ninja_table_instance_0\" data-footable_id=\"22519\" data-filter-delay=\"1000\" aria-label=\"LEVIGATRICE PALMARE ROTORBITALE( INGLESE )\"            id=\"footable_22519\"\n           data-unique_identifier=\"ninja_table_unique_id_818526202_22519\"\n           class=\" foo-table ninja_footable foo_table_22519 ninja_table_unique_id_818526202_22519 table  white nt_type_ajax_table table-hover vertical_centered inverted footable-paging-right ninja_table_search_disabled\">\n                <colgroup>\n                            <col class=\"ninja_column_0 \">\n                            <col class=\"ninja_column_1 \">\n                            <col class=\"ninja_column_2 \">\n                    <\/colgroup>\n            <\/table>\n                    <style type=\"text\/css\" id='ninja_table_custom_css_22519'>\n                        #footable_22519  {\n        font-family: sans-serif;\n        font-size: 14px;\n    }\n\n#footable_22519 td.ninja_column_0 { text-align: center; }#footable_22519 th.ninja_column_0 { text-align: center; }#footable_22519 td.ninja_column_1 { text-align: center; }#footable_22519 th.ninja_column_1 { text-align: center; }#footable_22519 td.ninja_column_2 { text-align: center; }#footable_22519 th.ninja_column_2 { text-align: center; }                <\/style>\n                \n    \n    \n<\/div>\n\n<p>&nbsp;<\/p>\n<p>&nbsp;<\/p>\n<div class=\"hidden\">471.0836, 471.0856<\/div>\n","protected":false},"excerpt":{"rendered":"<p>Lijadora neum\u00e1tica rotorbital, con aspiraci\u00f3n de polvo y regulador de velocidad. La opci\u00f3n con \u00f3rbita 5,0 mm es adecuada como pulidora para eliminar hologramas, usando una esponja de pulido suave y una cofia de microfibra. Plato \u00d8150 mm no incluido. &nbsp; Caracter\u00edsticas: Con aspiraci\u00f3n Revoluciones por minuto: 12.000 Di\u00e1metro: 150mm Rosca: 5\/16&#8221; Potencia del motor:&#8230;<\/p>\n","protected":false},"featured_media":19631,"template":"","meta":[],"product_cat":[313,348],"product_tag":[],"acf":[],"_links":{"self":[{"href":"https:\/\/www.sistar.it\/es\/wp-json\/wp\/v2\/product\/22520"}],"collection":[{"href":"https:\/\/www.sistar.it\/es\/wp-json\/wp\/v2\/product"}],"about":[{"href":"https:\/\/www.sistar.it\/es\/wp-json\/wp\/v2\/types\/product"}],"wp:featuredmedia":[{"embeddable":true,"href":"https:\/\/www.sistar.it\/es\/wp-json\/wp\/v2\/media\/19631"}],"wp:attachment":[{"href":"https:\/\/www.sistar.it\/es\/wp-json\/wp\/v2\/media?parent=22520"}],"wp:term":[{"taxonomy":"product_cat","embeddable":true,"href":"https:\/\/www.sistar.it\/es\/wp-json\/wp\/v2\/product_cat?post=22520"},{"taxonomy":"product_tag","embeddable":true,"href":"https:\/\/www.sistar.it\/es\/wp-json\/wp\/v2\/product_tag?post=22520"}],"curies":[{"name":"wp","href":"https:\/\/api.w.org\/{rel}","templated":true}]}}