{"id":22514,"date":"2013-06-26T09:35:14","date_gmt":"2013-06-26T09:35:14","guid":{"rendered":"https:\/\/www.sistar.it\/prodotti\/small-random-orbital-sander\/"},"modified":"2024-03-19T14:54:30","modified_gmt":"2024-03-19T14:54:30","slug":"mini-lijadora-rotorbital","status":"publish","type":"product","link":"https:\/\/www.sistar.it\/es\/prodotti\/mini-lijadora-rotorbital\/","title":{"rendered":"Mini lijadora rotorbital"},"content":{"rendered":"<p>Mini lijadora neum\u00e1tica rotorbital, con o sin aspiraci\u00f3n de polvo de lijado. Regulador de velocidad. Plato \u00d873 mm no incluido.<\/p>\n<p><strong><span style=\"font-size: 14pt;\">Caracter\u00edsticas:<\/span><\/strong><\/p>\n<ul>\n<li>Orbita: 2,5mm<\/li>\n<li>Revoluciones por minuto: 12.000<\/li>\n<li>Di\u00e1metro: 76mm<\/li>\n<li>Rosca: 5\/16&#8221;<\/li>\n<li>Potencia del motor: 0,19 kW (0,25 hp)<\/li>\n<li>Presi\u00f3n: 6,3 bar (90 psi)<\/li>\n<li>Conexi\u00f3n del aire: 1\/4&#8221;<\/li>\n<li>Consumo de aire: 57 l\/m (2.0cfm)<\/li>\n<li>Peso: 610 g<\/li>\n<li>Embalaje: 1 pz<\/li>\n<\/ul>\n<p>&nbsp;<\/p>\n<div id=\"footable_parent_22513\"\n         class=\" footable_parent ninja_table_wrapper loading_ninja_table wp_table_data_press_parent bootstrap4 colored_table\">\n                <table data-ninja_table_instance=\"ninja_table_instance_0\" data-footable_id=\"22513\" data-filter-delay=\"1000\" aria-label=\"MINI LEVIGATRICE PALMARE ROTORBITALE( INGLESE )\"            id=\"footable_22513\"\n           data-unique_identifier=\"ninja_table_unique_id_1892219863_22513\"\n           class=\" foo-table ninja_footable foo_table_22513 ninja_table_unique_id_1892219863_22513 table  white nt_type_ajax_table table-hover vertical_centered inverted footable-paging-right ninja_table_search_disabled\">\n                <colgroup>\n                            <col class=\"ninja_column_0 \">\n                            <col class=\"ninja_column_1 \">\n                            <col class=\"ninja_column_2 \">\n                    <\/colgroup>\n            <\/table>\n                    <style type=\"text\/css\" id='ninja_table_custom_css_22513'>\n                        #footable_22513  {\n        font-family: sans-serif;\n        font-size: 14px;\n    }\n\n#footable_22513 td.ninja_column_0 { text-align: center; }#footable_22513 th.ninja_column_0 { text-align: center; }#footable_22513 td.ninja_column_1 { text-align: center; }#footable_22513 th.ninja_column_1 { text-align: center; }#footable_22513 td.ninja_column_2 { text-align: center; }#footable_22513 th.ninja_column_2 { text-align: center; }                <\/style>\n                \n    \n    \n<\/div>\n\n<div class=\"hidden\">471.0840, 471.0841<\/div>\n","protected":false},"excerpt":{"rendered":"<p>Mini lijadora neum\u00e1tica rotorbital, con o sin aspiraci\u00f3n de polvo de lijado. Regulador de velocidad. Plato \u00d873 mm no incluido. Caracter\u00edsticas: Orbita: 2,5mm Revoluciones por minuto: 12.000 Di\u00e1metro: 76mm Rosca: 5\/16&#8221; Potencia del motor: 0,19 kW (0,25 hp) Presi\u00f3n: 6,3 bar (90 psi) Conexi\u00f3n del aire: 1\/4&#8221; Consumo de aire: 57 l\/m (2.0cfm) Peso: 610&#8230;<\/p>\n","protected":false},"featured_media":19638,"template":"","meta":[],"product_cat":[313,348],"product_tag":[],"acf":[],"_links":{"self":[{"href":"https:\/\/www.sistar.it\/es\/wp-json\/wp\/v2\/product\/22514"}],"collection":[{"href":"https:\/\/www.sistar.it\/es\/wp-json\/wp\/v2\/product"}],"about":[{"href":"https:\/\/www.sistar.it\/es\/wp-json\/wp\/v2\/types\/product"}],"wp:featuredmedia":[{"embeddable":true,"href":"https:\/\/www.sistar.it\/es\/wp-json\/wp\/v2\/media\/19638"}],"wp:attachment":[{"href":"https:\/\/www.sistar.it\/es\/wp-json\/wp\/v2\/media?parent=22514"}],"wp:term":[{"taxonomy":"product_cat","embeddable":true,"href":"https:\/\/www.sistar.it\/es\/wp-json\/wp\/v2\/product_cat?post=22514"},{"taxonomy":"product_tag","embeddable":true,"href":"https:\/\/www.sistar.it\/es\/wp-json\/wp\/v2\/product_tag?post=22514"}],"curies":[{"name":"wp","href":"https:\/\/api.w.org\/{rel}","templated":true}]}}