{"id":22508,"date":"2013-06-26T09:37:17","date_gmt":"2013-06-26T09:37:17","guid":{"rendered":"https:\/\/www.sistar.it\/prodotti\/small-orbital-angular\/"},"modified":"2024-06-10T13:46:29","modified_gmt":"2024-06-10T13:46:29","slug":"mini-lijadora-angular-orbital","status":"publish","type":"product","link":"https:\/\/www.sistar.it\/es\/prodotti\/mini-lijadora-angular-orbital\/","title":{"rendered":"Mini lijadora angular orbital"},"content":{"rendered":"<p>Mini lijadora angular orbital neum\u00e1tica, con regulador de velocidad y pantalla digital en el mango.<\/p>\n<p>Ideal para eliminar defectos de pintado con el sistema 2Step SRD\u2122 Sistar Removing Defect (ver p\u00e1gina 226).<\/p>\n<p>Incluye plato \u00d830 mm y fijaci\u00f3n GRIP.<\/p>\n<p><strong><span style=\"font-size: 14pt;\">Caracter\u00edsticas:<\/span><\/strong><\/p>\n<ul>\n<li>Orbita: 1,5mm<\/li>\n<li>Revoluciones por minuto: 7.500<\/li>\n<li>Di\u00e1metro: 30mm<\/li>\n<li>Rosca: M10<\/li>\n<li>Potencia del motor: 0.22 kW (0.3 hp)<\/li>\n<li>Presi\u00f3n: 1.6 bar (23 psi)<\/li>\n<li>Conexi\u00f3n del aire: 1\/4&#8221;<\/li>\n<li>Consumo de aire: 17 l\/m (0.6 cfm)<\/li>\n<li>Tama\u00f1o: 187mm<\/li>\n<li>Peso: 650 g<\/li>\n<\/ul>\n<p>&nbsp;<\/p>\n<div id=\"footable_parent_22507\"\n         class=\" footable_parent ninja_table_wrapper loading_ninja_table wp_table_data_press_parent bootstrap4 colored_table\">\n                <table data-ninja_table_instance=\"ninja_table_instance_0\" data-footable_id=\"22507\" data-filter-delay=\"1000\" aria-label=\"MINI LEVIGATRICE ORBITALE ANGOLARE( INGLESE )\"            id=\"footable_22507\"\n           data-unique_identifier=\"ninja_table_unique_id_884972851_22507\"\n           class=\" foo-table ninja_footable foo_table_22507 ninja_table_unique_id_884972851_22507 table  white nt_type_ajax_table table-hover vertical_centered inverted footable-paging-right ninja_table_search_disabled\">\n                <colgroup>\n                            <col class=\"ninja_column_0 \">\n                            <col class=\"ninja_column_1 \">\n                    <\/colgroup>\n            <\/table>\n                    <style type=\"text\/css\" id='ninja_table_custom_css_22507'>\n                        #footable_22507  {\n        font-family: sans-serif;\n        font-size: 14px;\n    }\n\n#footable_22507 td.ninja_column_0 { text-align: center; }#footable_22507 th.ninja_column_0 { text-align: center; }#footable_22507 td.ninja_column_1 { text-align: center; }#footable_22507 th.ninja_column_1 { text-align: center; }                <\/style>\n                \n    \n    \n<\/div>\n\n<p>&nbsp;<\/p>\n<div class=\"hidden\">471.0860<\/div>\n","protected":false},"excerpt":{"rendered":"<p>Mini lijadora angular orbital neum\u00e1tica, con regulador de velocidad y pantalla digital en el mango. Ideal para eliminar defectos de pintado con el sistema 2Step SRD\u2122 Sistar Removing Defect (ver p\u00e1gina 226). Incluye plato \u00d830 mm y fijaci\u00f3n GRIP. Caracter\u00edsticas: Orbita: 1,5mm Revoluciones por minuto: 7.500 Di\u00e1metro: 30mm Rosca: M10 Potencia del motor: 0.22 kW&#8230;<\/p>\n","protected":false},"featured_media":19645,"template":"","meta":[],"product_cat":[313,348],"product_tag":[],"acf":[],"_links":{"self":[{"href":"https:\/\/www.sistar.it\/es\/wp-json\/wp\/v2\/product\/22508"}],"collection":[{"href":"https:\/\/www.sistar.it\/es\/wp-json\/wp\/v2\/product"}],"about":[{"href":"https:\/\/www.sistar.it\/es\/wp-json\/wp\/v2\/types\/product"}],"wp:featuredmedia":[{"embeddable":true,"href":"https:\/\/www.sistar.it\/es\/wp-json\/wp\/v2\/media\/19645"}],"wp:attachment":[{"href":"https:\/\/www.sistar.it\/es\/wp-json\/wp\/v2\/media?parent=22508"}],"wp:term":[{"taxonomy":"product_cat","embeddable":true,"href":"https:\/\/www.sistar.it\/es\/wp-json\/wp\/v2\/product_cat?post=22508"},{"taxonomy":"product_tag","embeddable":true,"href":"https:\/\/www.sistar.it\/es\/wp-json\/wp\/v2\/product_tag?post=22508"}],"curies":[{"name":"wp","href":"https:\/\/api.w.org\/{rel}","templated":true}]}}