{"id":22502,"date":"2013-06-26T09:39:19","date_gmt":"2013-06-26T09:39:19","guid":{"rendered":"https:\/\/www.sistar.it\/prodotti\/small-random-orbital-polisher\/"},"modified":"2025-02-17T10:34:03","modified_gmt":"2025-02-17T10:34:03","slug":"mini-pulidora-rotorbital","status":"publish","type":"product","link":"https:\/\/www.sistar.it\/es\/prodotti\/mini-pulidora-rotorbital\/","title":{"rendered":"Mini pulidora rotorbital"},"content":{"rendered":"<p style=\"text-align: justify;\">Mini pulidora neum\u00e1tica rotorbital, potente y robusta, con regulador de velocidad y pantalla digital en el mango.<\/p>\n<p style=\"text-align: justify;\">Ideal para\u00a0 eliminar defectos de pintado.<\/p>\n<p style=\"text-align: justify;\">Incluye plato \u00d873 mm con fijaci\u00f3n GRIP.<\/p>\n<p><strong><span style=\"font-size: 14pt;\">Caracter\u00edsticas:<\/span><\/strong><\/p>\n<ul>\n<li>Orbita: 14mm<\/li>\n<li>Revoluciones por minuto: 12.000<\/li>\n<li>Di\u00e1metro: 75mm<\/li>\n<li>Rosca: 5\/16&#8221;<\/li>\n<li>Potencia del motor: 0.22 kW (0.30hp)<\/li>\n<li style=\"text-align: left;\">Presi\u00f3n: 3.4 bar (50psi)<\/li>\n<li style=\"text-align: left;\">Conexi\u00f3n del aire: 1\/4&#8221;<\/li>\n<li style=\"text-align: left;\">Consumo de aire: 62 l\/m (2.2 cfm)<\/li>\n<li style=\"text-align: left;\">Tama\u00f1o: 252mm<\/li>\n<li style=\"text-align: left;\">Peso: 1200 g<\/li>\n<\/ul>\n<p>&nbsp;<\/p>\n<div id=\"footable_parent_22501\"\n         class=\" footable_parent ninja_table_wrapper loading_ninja_table wp_table_data_press_parent bootstrap4 colored_table\">\n                <table data-ninja_table_instance=\"ninja_table_instance_0\" data-footable_id=\"22501\" data-filter-delay=\"1000\" aria-label=\"MINI LUCIDATRICE ROTORBITALE( INGLESE )\"            id=\"footable_22501\"\n           data-unique_identifier=\"ninja_table_unique_id_423415761_22501\"\n           class=\" foo-table ninja_footable foo_table_22501 ninja_table_unique_id_423415761_22501 table  white nt_type_ajax_table table-hover vertical_centered inverted footable-paging-right ninja_table_search_disabled\">\n                <colgroup>\n                            <col class=\"ninja_column_0 \">\n                            <col class=\"ninja_column_1 \">\n                    <\/colgroup>\n            <\/table>\n                    <style type=\"text\/css\" id='ninja_table_custom_css_22501'>\n                        #footable_22501  {\n        font-family: sans-serif;\n        font-size: 14px;\n    }\n\n#footable_22501 td.ninja_column_0 { text-align: center; }#footable_22501 th.ninja_column_0 { text-align: center; }#footable_22501 td.ninja_column_1 { text-align: center; }#footable_22501 th.ninja_column_1 { text-align: center; }                <\/style>\n                \n    \n    \n<\/div>\n\n<div class=\"hidden\">471.0865<\/div>\n","protected":false},"excerpt":{"rendered":"<p>Mini pulidora neum\u00e1tica rotorbital, potente y robusta, con regulador de velocidad y pantalla digital en el mango. Ideal para\u00a0 eliminar defectos de pintado. Incluye plato \u00d873 mm con fijaci\u00f3n GRIP. Caracter\u00edsticas: Orbita: 14mm Revoluciones por minuto: 12.000 Di\u00e1metro: 75mm Rosca: 5\/16&#8221; Potencia del motor: 0.22 kW (0.30hp) Presi\u00f3n: 3.4 bar (50psi) Conexi\u00f3n del aire: 1\/4&#8221;&#8230;<\/p>\n","protected":false},"featured_media":19621,"template":"","meta":[],"product_cat":[313,353],"product_tag":[],"acf":[],"_links":{"self":[{"href":"https:\/\/www.sistar.it\/es\/wp-json\/wp\/v2\/product\/22502"}],"collection":[{"href":"https:\/\/www.sistar.it\/es\/wp-json\/wp\/v2\/product"}],"about":[{"href":"https:\/\/www.sistar.it\/es\/wp-json\/wp\/v2\/types\/product"}],"wp:featuredmedia":[{"embeddable":true,"href":"https:\/\/www.sistar.it\/es\/wp-json\/wp\/v2\/media\/19621"}],"wp:attachment":[{"href":"https:\/\/www.sistar.it\/es\/wp-json\/wp\/v2\/media?parent=22502"}],"wp:term":[{"taxonomy":"product_cat","embeddable":true,"href":"https:\/\/www.sistar.it\/es\/wp-json\/wp\/v2\/product_cat?post=22502"},{"taxonomy":"product_tag","embeddable":true,"href":"https:\/\/www.sistar.it\/es\/wp-json\/wp\/v2\/product_tag?post=22502"}],"curies":[{"name":"wp","href":"https:\/\/api.w.org\/{rel}","templated":true}]}}