{"id":22496,"date":"2013-06-26T09:44:57","date_gmt":"2013-06-26T09:44:57","guid":{"rendered":"https:\/\/www.sistar.it\/prodotti\/sprayseal-300\/"},"modified":"2024-06-10T14:03:56","modified_gmt":"2024-06-10T14:03:56","slug":"sprayseal-300","status":"publish","type":"product","link":"https:\/\/www.sistar.it\/es\/prodotti\/sprayseal-300\/","title":{"rendered":"SPRAYSEAL 300"},"content":{"rendered":"<p>Pistola neum\u00e1tica para pulverizar y aplicar selladores adhesivos pulverizables en cartucho de pl\u00e1stico.<\/p>\n<p>Posibilidad de regular la pulverizaci\u00f3n del producto para obtener cordones y pliegues similares al original, gracias a los accesorios suministrados.<\/p>\n<p><strong><span style=\"font-size: 14pt;\">Caracter\u00edsticas:<\/span><\/strong><\/p>\n<ul>\n<li>Cartucho: 290\/310 ml<\/li>\n<li>Presi\u00f3n: 3-5 bar<\/li>\n<li>Conexi\u00f3n del aire : 1\/4&#8221; M<\/li>\n<li>Tama\u00f1o: 310mm<\/li>\n<li>Peso: 1234 g<\/li>\n<li>Ruido en decibel: &lt; 80 dBA<\/li>\n<\/ul>\n<p>&nbsp;<\/p>\n<div id=\"footable_parent_22495\"\n         class=\" footable_parent ninja_table_wrapper loading_ninja_table wp_table_data_press_parent bootstrap4 colored_table\">\n                <table data-ninja_table_instance=\"ninja_table_instance_0\" data-footable_id=\"22495\" data-filter-delay=\"1000\" aria-label=\"SPRAYSEAL 300( INGLESE )\"            id=\"footable_22495\"\n           data-unique_identifier=\"ninja_table_unique_id_67611320_22495\"\n           class=\" foo-table ninja_footable foo_table_22495 ninja_table_unique_id_67611320_22495 table  white nt_type_ajax_table table-hover vertical_centered inverted footable-paging-right ninja_table_search_disabled\">\n                <colgroup>\n                            <col class=\"ninja_column_0 \">\n                            <col class=\"ninja_column_1 \">\n                    <\/colgroup>\n            <\/table>\n                    <style type=\"text\/css\" id='ninja_table_custom_css_22495'>\n                        #footable_22495  {\n        font-family: sans-serif;\n        font-size: 14px;\n    }\n\n#footable_22495 td.ninja_column_0 { text-align: center; }#footable_22495 th.ninja_column_0 { text-align: center; }#footable_22495 td.ninja_column_1 { text-align: center; }#footable_22495 th.ninja_column_1 { text-align: center; }                <\/style>\n                \n    \n    \n<\/div>\n\n<div class=\"hidden\">468.0130<\/div>\n","protected":false},"excerpt":{"rendered":"<p>Pistola neum\u00e1tica para pulverizar y aplicar selladores adhesivos pulverizables en cartucho de pl\u00e1stico. Posibilidad de regular la pulverizaci\u00f3n del producto para obtener cordones y pliegues similares al original, gracias a los accesorios suministrados. Caracter\u00edsticas: Cartucho: 290\/310 ml Presi\u00f3n: 3-5 bar Conexi\u00f3n del aire : 1\/4&#8221; M Tama\u00f1o: 310mm Peso: 1234 g Ruido en decibel: &lt;&#8230;<\/p>\n","protected":false},"featured_media":19675,"template":"","meta":[],"product_cat":[313,344],"product_tag":[],"acf":[],"_links":{"self":[{"href":"https:\/\/www.sistar.it\/es\/wp-json\/wp\/v2\/product\/22496"}],"collection":[{"href":"https:\/\/www.sistar.it\/es\/wp-json\/wp\/v2\/product"}],"about":[{"href":"https:\/\/www.sistar.it\/es\/wp-json\/wp\/v2\/types\/product"}],"wp:featuredmedia":[{"embeddable":true,"href":"https:\/\/www.sistar.it\/es\/wp-json\/wp\/v2\/media\/19675"}],"wp:attachment":[{"href":"https:\/\/www.sistar.it\/es\/wp-json\/wp\/v2\/media?parent=22496"}],"wp:term":[{"taxonomy":"product_cat","embeddable":true,"href":"https:\/\/www.sistar.it\/es\/wp-json\/wp\/v2\/product_cat?post=22496"},{"taxonomy":"product_tag","embeddable":true,"href":"https:\/\/www.sistar.it\/es\/wp-json\/wp\/v2\/product_tag?post=22496"}],"curies":[{"name":"wp","href":"https:\/\/api.w.org\/{rel}","templated":true}]}}