{"id":22472,"date":"2013-06-26T10:14:22","date_gmt":"2013-06-26T10:14:22","guid":{"rendered":"https:\/\/www.sistar.it\/prodotti\/manuseal-400\/"},"modified":"2024-06-10T14:37:55","modified_gmt":"2024-06-10T14:37:55","slug":"manuseal-400","status":"publish","type":"product","link":"https:\/\/www.sistar.it\/es\/prodotti\/manuseal-400\/","title":{"rendered":"MANUSEAL 400"},"content":{"rendered":"<p>Pistola manual de metal para la aplicaci\u00f3n de selladores adhesivos. El tubo es de aluminio.<\/p>\n<p>El mango y todos los puntos de contacto est\u00e1n recubiertos con goma antideslizante.<\/p>\n<p>Varilla de empuje y embrague calibrado en acero templado.<\/p>\n<p><strong><span style=\"font-size: 14pt;\">Caracter\u00edsticas:<\/span><\/strong><\/p>\n<ul>\n<li>Cartucho: 290\/310 ml<\/li>\n<li>Bolso: 300\/400 ml<\/li>\n<li>Fuerza del empuje: 350 Kgf &#8211; 3,432 kN<\/li>\n<li>Tama\u00f1o: 410 mm<\/li>\n<li>Peso: 1083 g<\/li>\n<\/ul>\n<p>&nbsp;<\/p>\n<div id=\"footable_parent_22471\"\n         class=\" footable_parent ninja_table_wrapper loading_ninja_table wp_table_data_press_parent bootstrap4 colored_table\">\n                <table data-ninja_table_instance=\"ninja_table_instance_0\" data-footable_id=\"22471\" data-filter-delay=\"1000\" aria-label=\"MANUSEAL 400( INGLESE )\"            id=\"footable_22471\"\n           data-unique_identifier=\"ninja_table_unique_id_116917310_22471\"\n           class=\" foo-table ninja_footable foo_table_22471 ninja_table_unique_id_116917310_22471 table  white nt_type_ajax_table table-hover vertical_centered inverted footable-paging-right ninja_table_search_disabled\">\n                <colgroup>\n                            <col class=\"ninja_column_0 \">\n                            <col class=\"ninja_column_1 \">\n                    <\/colgroup>\n            <\/table>\n                    <style type=\"text\/css\" id='ninja_table_custom_css_22471'>\n                        #footable_22471  {\n        font-family: sans-serif;\n        font-size: 14px;\n    }\n\n#footable_22471 td.ninja_column_0 { text-align: center; }#footable_22471 th.ninja_column_0 { text-align: center; }#footable_22471 td.ninja_column_1 { text-align: center; }#footable_22471 th.ninja_column_1 { text-align: center; }                <\/style>\n                \n    \n    \n<\/div>\n\n<div class=\"hidden\">468.0156<\/div>\n","protected":false},"excerpt":{"rendered":"<p>Pistola manual de metal para la aplicaci\u00f3n de selladores adhesivos. El tubo es de aluminio. El mango y todos los puntos de contacto est\u00e1n recubiertos con goma antideslizante. Varilla de empuje y embrague calibrado en acero templado. Caracter\u00edsticas: Cartucho: 290\/310 ml Bolso: 300\/400 ml Fuerza del empuje: 350 Kgf &#8211; 3,432 kN Tama\u00f1o: 410 mm&#8230;<\/p>\n","protected":false},"featured_media":19701,"template":"","meta":[],"product_cat":[313,344],"product_tag":[],"acf":[],"_links":{"self":[{"href":"https:\/\/www.sistar.it\/es\/wp-json\/wp\/v2\/product\/22472"}],"collection":[{"href":"https:\/\/www.sistar.it\/es\/wp-json\/wp\/v2\/product"}],"about":[{"href":"https:\/\/www.sistar.it\/es\/wp-json\/wp\/v2\/types\/product"}],"wp:featuredmedia":[{"embeddable":true,"href":"https:\/\/www.sistar.it\/es\/wp-json\/wp\/v2\/media\/19701"}],"wp:attachment":[{"href":"https:\/\/www.sistar.it\/es\/wp-json\/wp\/v2\/media?parent=22472"}],"wp:term":[{"taxonomy":"product_cat","embeddable":true,"href":"https:\/\/www.sistar.it\/es\/wp-json\/wp\/v2\/product_cat?post=22472"},{"taxonomy":"product_tag","embeddable":true,"href":"https:\/\/www.sistar.it\/es\/wp-json\/wp\/v2\/product_tag?post=22472"}],"curies":[{"name":"wp","href":"https:\/\/api.w.org\/{rel}","templated":true}]}}