{"id":22462,"date":"2013-07-10T11:31:38","date_gmt":"2013-07-10T11:31:38","guid":{"rendered":"https:\/\/www.sistar.it\/prodotti\/manuseal-290\/"},"modified":"2024-06-10T14:43:49","modified_gmt":"2024-06-10T14:43:49","slug":"manuseal-290","status":"publish","type":"product","link":"https:\/\/www.sistar.it\/es\/prodotti\/manuseal-290\/","title":{"rendered":"MANUSEAL 290"},"content":{"rendered":"<p>Pistola manual de metal para la aplicaci\u00f3n de selladores adhesivos.<\/p>\n<p>Embrague y varilla de empuje de secci\u00f3n hexagonal hechos en acero templado. Sistema antigoteo.<\/p>\n<p><strong><span style=\"font-size: 14pt;\">Caracter\u00edsticas:<\/span><\/strong><\/p>\n<ul>\n<li>Cartucho: 290\/310 ml<\/li>\n<li>Fuerza del empuje: 160 Kgf (8 bar) &#8211; 1,569 kN<\/li>\n<li>Tama\u00f1o: 335 mm<\/li>\n<li>Peso: 490 g<\/li>\n<\/ul>\n<p>&nbsp;<\/p>\n<div id=\"footable_parent_22461\"\n         class=\" footable_parent ninja_table_wrapper loading_ninja_table wp_table_data_press_parent bootstrap4 colored_table\">\n                <table data-ninja_table_instance=\"ninja_table_instance_0\" data-footable_id=\"22461\" data-filter-delay=\"1000\" aria-label=\"MANUSEAL 290( INGLESE )\"            id=\"footable_22461\"\n           data-unique_identifier=\"ninja_table_unique_id_293221428_22461\"\n           class=\" foo-table ninja_footable foo_table_22461 ninja_table_unique_id_293221428_22461 table  white nt_type_ajax_table table-hover vertical_centered inverted footable-paging-right ninja_table_search_disabled\">\n                <colgroup>\n                            <col class=\"ninja_column_0 \">\n                            <col class=\"ninja_column_1 \">\n                    <\/colgroup>\n            <\/table>\n                    <style type=\"text\/css\" id='ninja_table_custom_css_22461'>\n                        #footable_22461  {\n        font-family: sans-serif;\n        font-size: 14px;\n    }\n\n#footable_22461 td.ninja_column_0 { text-align: center; }#footable_22461 th.ninja_column_0 { text-align: center; }#footable_22461 td.ninja_column_1 { text-align: center; }#footable_22461 th.ninja_column_1 { text-align: center; }                <\/style>\n                \n    \n    \n<\/div>\n\n<div class=\"hidden\">468.0150<\/div>\n","protected":false},"excerpt":{"rendered":"<p>Pistola manual de metal para la aplicaci\u00f3n de selladores adhesivos. Embrague y varilla de empuje de secci\u00f3n hexagonal hechos en acero templado. Sistema antigoteo. Caracter\u00edsticas: Cartucho: 290\/310 ml Fuerza del empuje: 160 Kgf (8 bar) &#8211; 1,569 kN Tama\u00f1o: 335 mm Peso: 490 g &nbsp; 468.0150<\/p>\n","protected":false},"featured_media":19711,"template":"","meta":[],"product_cat":[313,344],"product_tag":[],"acf":[],"_links":{"self":[{"href":"https:\/\/www.sistar.it\/es\/wp-json\/wp\/v2\/product\/22462"}],"collection":[{"href":"https:\/\/www.sistar.it\/es\/wp-json\/wp\/v2\/product"}],"about":[{"href":"https:\/\/www.sistar.it\/es\/wp-json\/wp\/v2\/types\/product"}],"wp:featuredmedia":[{"embeddable":true,"href":"https:\/\/www.sistar.it\/es\/wp-json\/wp\/v2\/media\/19711"}],"wp:attachment":[{"href":"https:\/\/www.sistar.it\/es\/wp-json\/wp\/v2\/media?parent=22462"}],"wp:term":[{"taxonomy":"product_cat","embeddable":true,"href":"https:\/\/www.sistar.it\/es\/wp-json\/wp\/v2\/product_cat?post=22462"},{"taxonomy":"product_tag","embeddable":true,"href":"https:\/\/www.sistar.it\/es\/wp-json\/wp\/v2\/product_tag?post=22462"}],"curies":[{"name":"wp","href":"https:\/\/api.w.org\/{rel}","templated":true}]}}