{"id":22457,"date":"2013-07-10T11:49:28","date_gmt":"2013-07-10T11:49:28","guid":{"rendered":"https:\/\/www.sistar.it\/prodotti\/accuseal-400t\/"},"modified":"2024-06-10T14:31:41","modified_gmt":"2024-06-10T14:31:41","slug":"accuseal-400t","status":"publish","type":"product","link":"https:\/\/www.sistar.it\/es\/prodotti\/accuseal-400t\/","title":{"rendered":"ACCUSEAL 400T"},"content":{"rendered":"<p style=\"text-align: justify;\">Pistola inal\u00e1mbrica a bater\u00eda, para la aplicaci\u00f3n de selladores adhesivos en cartucho y bolsa.<\/p>\n<p style=\"text-align: justify;\">Bater\u00eda recargable de iones de litio (Li-ion) 7,2V-1,5 Ah. Regulador de velocidad y sistema antigoteo.<\/p>\n<p style=\"text-align: justify;\">Bot\u00f3n de seguridad para evitar la activaci\u00f3n accidental. Luz LED roja en el mango.<\/p>\n<p style=\"text-align: justify;\">Suministrado en malet\u00edn de pl\u00e1stico con cargador de bater\u00eda y tubo PET transparente para control de la aplicaci\u00f3n.<\/p>\n<p><strong><span style=\"font-size: 14pt;\">Caracter\u00edsticas:<\/span><\/strong><\/p>\n<ul>\n<li>Cartucho: 290\/310 ml<\/li>\n<li>Bolso: 300\/400 ml<\/li>\n<li>Revoluciones por minuto: 5,5 mm\/sec<\/li>\n<li>Fuerza del empuje: 400 Kgf 3,900 kN<\/li>\n<li>Tama\u00f1o: 420 mm<\/li>\n<li>Peso: 1372 g<\/li>\n<\/ul>\n<p>&nbsp;<\/p>\n<div id=\"footable_parent_22455\"\n         class=\" footable_parent ninja_table_wrapper loading_ninja_table wp_table_data_press_parent bootstrap4 colored_table\">\n                <table data-ninja_table_instance=\"ninja_table_instance_0\" data-footable_id=\"22455\" data-filter-delay=\"1000\" aria-label=\"ACCUSEAL 400T( INGLESE )\"            id=\"footable_22455\"\n           data-unique_identifier=\"ninja_table_unique_id_1039687032_22455\"\n           class=\" foo-table ninja_footable foo_table_22455 ninja_table_unique_id_1039687032_22455 table  white nt_type_ajax_table table-hover vertical_centered inverted footable-paging-right ninja_table_search_disabled\">\n                <colgroup>\n                            <col class=\"ninja_column_0 \">\n                            <col class=\"ninja_column_1 \">\n                    <\/colgroup>\n            <\/table>\n                    <style type=\"text\/css\" id='ninja_table_custom_css_22455'>\n                        #footable_22455  {\n        font-family: sans-serif;\n        font-size: 14px;\n    }\n\n#footable_22455 td.ninja_column_0 { text-align: center; }#footable_22455 th.ninja_column_0 { text-align: center; }#footable_22455 td.ninja_column_1 { text-align: center; }#footable_22455 th.ninja_column_1 { text-align: center; }                <\/style>\n                \n    \n    \n<\/div>\n\n<p>&nbsp;<\/p>\n<p style=\"text-align: center;\"><strong>Bater\u00eda de recambio\u00a0Li-ion 7,2V-1,5 Ah<\/strong><\/p>\n<div id=\"footable_parent_22456\"\n         class=\" footable_parent ninja_table_wrapper loading_ninja_table wp_table_data_press_parent bootstrap4 colored_table\">\n                <table data-ninja_table_instance=\"ninja_table_instance_1\" data-footable_id=\"22456\" data-filter-delay=\"1000\" aria-label=\"Batteria ricambio ACCUSEAL 400T( INGLESE )\"            id=\"footable_22456\"\n           data-unique_identifier=\"ninja_table_unique_id_1286501921_22456\"\n           class=\" foo-table ninja_footable foo_table_22456 ninja_table_unique_id_1286501921_22456 table  white nt_type_ajax_table table-hover vertical_centered inverted footable-paging-right ninja_table_search_disabled\">\n                <colgroup>\n                            <col class=\"ninja_column_0 \">\n                            <col class=\"ninja_column_1 \">\n                            <col class=\"ninja_column_2 \">\n                    <\/colgroup>\n            <\/table>\n                    <style type=\"text\/css\" id='ninja_table_custom_css_22455'>\n                        #footable_22455  {\n        font-family: sans-serif;\n        font-size: 14px;\n    }\n\n#footable_22455 td.ninja_column_0 { text-align: center; }#footable_22455 th.ninja_column_0 { text-align: center; }#footable_22455 td.ninja_column_1 { text-align: center; }#footable_22455 th.ninja_column_1 { text-align: center; }                <\/style>\n                                <style type=\"text\/css\" id='ninja_table_custom_css_22456'>\n                        #footable_22456  {\n        font-family: sans-serif;\n        font-size: 14px;\n    }\n\n#footable_22456 td.ninja_column_0 { text-align: center; }#footable_22456 th.ninja_column_0 { text-align: center; }#footable_22456 td.ninja_column_1 { text-align: center; }#footable_22456 th.ninja_column_1 { text-align: center; }#footable_22456 td.ninja_column_2 { text-align: center; }#footable_22456 th.ninja_column_2 { text-align: center; }                <\/style>\n                \n    \n    \n<\/div>\n\n<p>&nbsp;<\/p>\n<div class=\"hidden\">468.0123T, 468.0129<\/div>\n","protected":false},"excerpt":{"rendered":"<p>Pistola inal\u00e1mbrica a bater\u00eda, para la aplicaci\u00f3n de selladores adhesivos en cartucho y bolsa. Bater\u00eda recargable de iones de litio (Li-ion) 7,2V-1,5 Ah. Regulador de velocidad y sistema antigoteo. Bot\u00f3n de seguridad para evitar la activaci\u00f3n accidental. Luz LED roja en el mango. Suministrado en malet\u00edn de pl\u00e1stico con cargador de bater\u00eda y tubo PET&#8230;<\/p>\n","protected":false},"featured_media":19685,"template":"","meta":[],"product_cat":[313,344],"product_tag":[],"acf":[],"_links":{"self":[{"href":"https:\/\/www.sistar.it\/es\/wp-json\/wp\/v2\/product\/22457"}],"collection":[{"href":"https:\/\/www.sistar.it\/es\/wp-json\/wp\/v2\/product"}],"about":[{"href":"https:\/\/www.sistar.it\/es\/wp-json\/wp\/v2\/types\/product"}],"wp:featuredmedia":[{"embeddable":true,"href":"https:\/\/www.sistar.it\/es\/wp-json\/wp\/v2\/media\/19685"}],"wp:attachment":[{"href":"https:\/\/www.sistar.it\/es\/wp-json\/wp\/v2\/media?parent=22457"}],"wp:term":[{"taxonomy":"product_cat","embeddable":true,"href":"https:\/\/www.sistar.it\/es\/wp-json\/wp\/v2\/product_cat?post=22457"},{"taxonomy":"product_tag","embeddable":true,"href":"https:\/\/www.sistar.it\/es\/wp-json\/wp\/v2\/product_tag?post=22457"}],"curies":[{"name":"wp","href":"https:\/\/api.w.org\/{rel}","templated":true}]}}