{"id":22451,"date":"2013-07-10T12:03:04","date_gmt":"2013-07-10T12:03:04","guid":{"rendered":"https:\/\/www.sistar.it\/prodotti\/pneubody-100\/"},"modified":"2024-03-19T11:04:57","modified_gmt":"2024-03-19T11:04:57","slug":"pneubody-100","status":"publish","type":"product","link":"https:\/\/www.sistar.it\/es\/prodotti\/pneubody-100\/","title":{"rendered":"PNEUBODY 100"},"content":{"rendered":"<p style=\"text-align: justify;\">Pistola neum\u00e1tica para la aplicaci\u00f3n de productos de protecci\u00f3n de bajos, antirruido, insonorizantes y ceras base disolvente.<\/p>\n<p style=\"text-align: justify;\">Con el dep\u00f3sito a presi\u00f3n se pueden utilizar productos a granel y botes de 1 kg\/L. Boquilla y flujo de aire regulables.<\/p>\n<p>&nbsp;<\/p>\n<p><strong><span style=\"font-size: 14pt;\">Caracter\u00edsticas:<\/span><\/strong><\/p>\n<ul>\n<li>Presi\u00f3n: 4-6 bar max 8 bar<\/li>\n<li>Consumo de aire: 200\/300 l\/min<\/li>\n<li>Conexi\u00f3n del aire: 1\/4&#8221;<\/li>\n<li>Peso: 1900 g<\/li>\n<li>Capacidad: 1 L\/Kg<\/li>\n<\/ul>\n<p>&nbsp;<\/p>\n<div id=\"footable_parent_22450\"\n         class=\" footable_parent ninja_table_wrapper loading_ninja_table wp_table_data_press_parent bootstrap4 colored_table\">\n                <table data-ninja_table_instance=\"ninja_table_instance_0\" data-footable_id=\"22450\" data-filter-delay=\"1000\" aria-label=\"PNEUBODY 100( INGLESE )\"            id=\"footable_22450\"\n           data-unique_identifier=\"ninja_table_unique_id_335550367_22450\"\n           class=\" foo-table ninja_footable foo_table_22450 ninja_table_unique_id_335550367_22450 table  white nt_type_ajax_table table-hover vertical_centered inverted footable-paging-right ninja_table_search_disabled\">\n                <colgroup>\n                            <col class=\"ninja_column_0 \">\n                            <col class=\"ninja_column_1 \">\n                    <\/colgroup>\n            <\/table>\n                    <style type=\"text\/css\" id='ninja_table_custom_css_22450'>\n                        #footable_22450  {\n        font-family: sans-serif;\n        font-size: 14px;\n    }\n\n#footable_22450 td.ninja_column_0 { text-align: center; }#footable_22450 th.ninja_column_0 { text-align: center; }#footable_22450 td.ninja_column_1 { text-align: center; }#footable_22450 th.ninja_column_1 { text-align: center; }                <\/style>\n                \n    \n    \n<\/div>\n\n<div class=\"hidden\">468.0100<\/div>\n","protected":false},"excerpt":{"rendered":"<p>Pistola neum\u00e1tica para la aplicaci\u00f3n de productos de protecci\u00f3n de bajos, antirruido, insonorizantes y ceras base disolvente. Con el dep\u00f3sito a presi\u00f3n se pueden utilizar productos a granel y botes de 1 kg\/L. Boquilla y flujo de aire regulables. &nbsp; Caracter\u00edsticas: Presi\u00f3n: 4-6 bar max 8 bar Consumo de aire: 200\/300 l\/min Conexi\u00f3n del aire:&#8230;<\/p>\n","protected":false},"featured_media":19599,"template":"","meta":[],"product_cat":[313,344],"product_tag":[],"acf":[],"_links":{"self":[{"href":"https:\/\/www.sistar.it\/es\/wp-json\/wp\/v2\/product\/22451"}],"collection":[{"href":"https:\/\/www.sistar.it\/es\/wp-json\/wp\/v2\/product"}],"about":[{"href":"https:\/\/www.sistar.it\/es\/wp-json\/wp\/v2\/types\/product"}],"wp:featuredmedia":[{"embeddable":true,"href":"https:\/\/www.sistar.it\/es\/wp-json\/wp\/v2\/media\/19599"}],"wp:attachment":[{"href":"https:\/\/www.sistar.it\/es\/wp-json\/wp\/v2\/media?parent=22451"}],"wp:term":[{"taxonomy":"product_cat","embeddable":true,"href":"https:\/\/www.sistar.it\/es\/wp-json\/wp\/v2\/product_cat?post=22451"},{"taxonomy":"product_tag","embeddable":true,"href":"https:\/\/www.sistar.it\/es\/wp-json\/wp\/v2\/product_tag?post=22451"}],"curies":[{"name":"wp","href":"https:\/\/api.w.org\/{rel}","templated":true}]}}