{"id":22440,"date":"2013-07-10T12:09:10","date_gmt":"2013-07-10T12:09:10","guid":{"rendered":"https:\/\/www.sistar.it\/prodotti\/pneubody-80\/"},"modified":"2025-05-07T09:55:11","modified_gmt":"2025-05-07T09:55:11","slug":"pneubody-80","status":"publish","type":"product","link":"https:\/\/www.sistar.it\/es\/prodotti\/pneubody-80\/","title":{"rendered":"PNEUBODY 80"},"content":{"rendered":"<p style=\"text-align: justify;\">Pistola neum\u00e1tica con boquilla fija para la aplicaci\u00f3n de productos de protecci\u00f3n de bajos, antirruido, insonorizantes y ceras base disolvente y base agua.<\/p>\n<p style=\"text-align: justify;\">Se conecta a botes de 1 o 2 Kg \/ L, con paso de rosca 42&#215;3. Incluye extensi\u00f3n para aplicaciones interiores.<\/p>\n<p>&nbsp;<\/p>\n<p><strong>Caracter\u00edsticas:<\/strong><\/p>\n<ul>\n<li>Presi\u00f3n: max 8 bar<\/li>\n<li>Consumo de aire: 200-300 l\/min<\/li>\n<li>Conexi\u00f3n del aire: 1\/4&#8221;<\/li>\n<li>Peso: 320 g<\/li>\n<\/ul>\n<p>&nbsp;<\/p>\n<div id=\"footable_parent_22439\"\n         class=\" footable_parent ninja_table_wrapper loading_ninja_table wp_table_data_press_parent bootstrap4 colored_table\">\n                <table data-ninja_table_instance=\"ninja_table_instance_0\" data-footable_id=\"22439\" data-filter-delay=\"1000\" aria-label=\"PNEUBODY 80( INGLESE )\"            id=\"footable_22439\"\n           data-unique_identifier=\"ninja_table_unique_id_1292085811_22439\"\n           class=\" foo-table ninja_footable foo_table_22439 ninja_table_unique_id_1292085811_22439 table  white nt_type_ajax_table table-hover vertical_centered inverted footable-paging-right ninja_table_search_disabled\">\n                <colgroup>\n                            <col class=\"ninja_column_0 \">\n                            <col class=\"ninja_column_1 \">\n                    <\/colgroup>\n            <\/table>\n                    <style type=\"text\/css\" id='ninja_table_custom_css_22439'>\n                        #footable_22439  {\n        font-family: sans-serif;\n        font-size: 14px;\n    }\n\n#footable_22439 td.ninja_column_0 { text-align: center; }#footable_22439 th.ninja_column_0 { text-align: center; }#footable_22439 td.ninja_column_1 { text-align: center; }#footable_22439 th.ninja_column_1 { text-align: center; }                <\/style>\n                \n    \n    \n<\/div>\n\n<div class=\"hidden\">830.06315<\/div>\n","protected":false},"excerpt":{"rendered":"<p>Pistola neum\u00e1tica con boquilla fija para la aplicaci\u00f3n de productos de protecci\u00f3n de bajos, antirruido, insonorizantes y ceras base disolvente y base agua. Se conecta a botes de 1 o 2 Kg \/ L, con paso de rosca 42&#215;3. Incluye extensi\u00f3n para aplicaciones interiores. &nbsp; Caracter\u00edsticas: Presi\u00f3n: max 8 bar Consumo de aire: 200-300 l\/min&#8230;<\/p>\n","protected":false},"featured_media":19616,"template":"","meta":[],"product_cat":[313,344],"product_tag":[],"acf":[],"_links":{"self":[{"href":"https:\/\/www.sistar.it\/es\/wp-json\/wp\/v2\/product\/22440"}],"collection":[{"href":"https:\/\/www.sistar.it\/es\/wp-json\/wp\/v2\/product"}],"about":[{"href":"https:\/\/www.sistar.it\/es\/wp-json\/wp\/v2\/types\/product"}],"wp:featuredmedia":[{"embeddable":true,"href":"https:\/\/www.sistar.it\/es\/wp-json\/wp\/v2\/media\/19616"}],"wp:attachment":[{"href":"https:\/\/www.sistar.it\/es\/wp-json\/wp\/v2\/media?parent=22440"}],"wp:term":[{"taxonomy":"product_cat","embeddable":true,"href":"https:\/\/www.sistar.it\/es\/wp-json\/wp\/v2\/product_cat?post=22440"},{"taxonomy":"product_tag","embeddable":true,"href":"https:\/\/www.sistar.it\/es\/wp-json\/wp\/v2\/product_tag?post=22440"}],"curies":[{"name":"wp","href":"https:\/\/api.w.org\/{rel}","templated":true}]}}