{"id":22412,"date":"2013-07-11T11:34:02","date_gmt":"2013-07-11T11:34:02","guid":{"rendered":"https:\/\/www.sistar.it\/prodotti\/pneumatic-filling-machine-2\/"},"modified":"2024-03-18T16:56:11","modified_gmt":"2024-03-18T16:56:11","slug":"maquina-neumatica-para-rellenar-aerosoles","status":"publish","type":"product","link":"https:\/\/www.sistar.it\/es\/prodotti\/maquina-neumatica-para-rellenar-aerosoles\/","title":{"rendered":"M\u00e1quina neum\u00e1tica para rellenar aerosoles"},"content":{"rendered":"<p>M\u00e1quina neum\u00e1tica para rellenar aerosoles precargados tapa est\u00e1ndar, con 100 ml de pintura.<\/p>\n<p>El dep\u00f3sito de pintura con 100 ml debe colocarse manualmente.<\/p>\n<p>Construcci\u00f3n robusta hecha totalmente en acero inoxidable.<\/p>\n<div id=\"footable_parent_22410\"\n         class=\" footable_parent ninja_table_wrapper loading_ninja_table wp_table_data_press_parent bootstrap4 colored_table\">\n                <table data-ninja_table_instance=\"ninja_table_instance_0\" data-footable_id=\"22410\" data-filter-delay=\"1000\" aria-label=\"MACCHINA RIEMPITRICE PNEUMATICA( INGLESE )\"            id=\"footable_22410\"\n           data-unique_identifier=\"ninja_table_unique_id_547036185_22410\"\n           class=\" foo-table ninja_footable foo_table_22410 ninja_table_unique_id_547036185_22410 table  white nt_type_ajax_table table-hover vertical_centered inverted footable-paging-right ninja_table_search_disabled\">\n                <colgroup>\n                            <col class=\"ninja_column_0 \">\n                            <col class=\"ninja_column_1 \">\n                            <col class=\"ninja_column_2 \">\n                            <col class=\"ninja_column_3 \">\n                    <\/colgroup>\n            <\/table>\n                    <style type=\"text\/css\" id='ninja_table_custom_css_22410'>\n                        #footable_22410  {\n        font-family: sans-serif;\n        font-size: 14px;\n    }\n\n#footable_22410 td.ninja_column_0 { text-align: center; }#footable_22410 th.ninja_column_0 { text-align: center; }#footable_22410 td.ninja_column_1 { text-align: center; }#footable_22410 th.ninja_column_1 { text-align: center; }#footable_22410 td.ninja_column_2 { text-align: center; }#footable_22410 th.ninja_column_2 { text-align: center; }#footable_22410 td.ninja_column_3 { text-align: center; }#footable_22410 th.ninja_column_3 { text-align: center; }                <\/style>\n                \n    \n    \n<\/div>\n\n<div class=\"hidden\">406.0053<\/div>\n","protected":false},"excerpt":{"rendered":"<p>M\u00e1quina neum\u00e1tica para rellenar aerosoles precargados tapa est\u00e1ndar, con 100 ml de pintura. El dep\u00f3sito de pintura con 100 ml debe colocarse manualmente. Construcci\u00f3n robusta hecha totalmente en acero inoxidable. 406.0053<\/p>\n","protected":false},"featured_media":19833,"template":"","meta":[],"product_cat":[313,340],"product_tag":[],"acf":[],"_links":{"self":[{"href":"https:\/\/www.sistar.it\/es\/wp-json\/wp\/v2\/product\/22412"}],"collection":[{"href":"https:\/\/www.sistar.it\/es\/wp-json\/wp\/v2\/product"}],"about":[{"href":"https:\/\/www.sistar.it\/es\/wp-json\/wp\/v2\/types\/product"}],"wp:featuredmedia":[{"embeddable":true,"href":"https:\/\/www.sistar.it\/es\/wp-json\/wp\/v2\/media\/19833"}],"wp:attachment":[{"href":"https:\/\/www.sistar.it\/es\/wp-json\/wp\/v2\/media?parent=22412"}],"wp:term":[{"taxonomy":"product_cat","embeddable":true,"href":"https:\/\/www.sistar.it\/es\/wp-json\/wp\/v2\/product_cat?post=22412"},{"taxonomy":"product_tag","embeddable":true,"href":"https:\/\/www.sistar.it\/es\/wp-json\/wp\/v2\/product_tag?post=22412"}],"curies":[{"name":"wp","href":"https:\/\/api.w.org\/{rel}","templated":true}]}}