{"id":22407,"date":"2013-07-11T11:36:06","date_gmt":"2013-07-11T11:36:06","guid":{"rendered":"https:\/\/www.sistar.it\/prodotti\/pneumatic-filling-machine\/"},"modified":"2024-03-18T16:47:48","modified_gmt":"2024-03-18T16:47:48","slug":"maquina-manual-para-rellenar-aerosoles","status":"publish","type":"product","link":"https:\/\/www.sistar.it\/es\/prodotti\/maquina-manual-para-rellenar-aerosoles\/","title":{"rendered":"M\u00e1quina manual para rellenar aerosoles"},"content":{"rendered":"<p>M\u00e1quina manual para rellenar aerosoles precargados tapa est\u00e1ndar, con 100 ml de pintura.<\/p>\n<p>El dep\u00f3sito de pintura con 100 ml debe colocarse manualmente.<\/p>\n<p>Construcci\u00f3n robusta hecha totalmente en acero inoxidable.<\/p>\n<p>&nbsp;<\/p>\n<div id=\"footable_parent_22405\"\n         class=\" footable_parent ninja_table_wrapper loading_ninja_table wp_table_data_press_parent bootstrap4 colored_table\">\n                <table data-ninja_table_instance=\"ninja_table_instance_0\" data-footable_id=\"22405\" data-filter-delay=\"1000\" aria-label=\"MACCHINA RIEMPITRICE MANUALE( INGLESE )\"            id=\"footable_22405\"\n           data-unique_identifier=\"ninja_table_unique_id_647693156_22405\"\n           class=\" foo-table ninja_footable foo_table_22405 ninja_table_unique_id_647693156_22405 table  white nt_type_ajax_table table-hover vertical_centered inverted footable-paging-right ninja_table_search_disabled\">\n                <colgroup>\n                            <col class=\"ninja_column_0 \">\n                            <col class=\"ninja_column_1 \">\n                            <col class=\"ninja_column_2 \">\n                    <\/colgroup>\n            <\/table>\n                    <style type=\"text\/css\" id='ninja_table_custom_css_22405'>\n                        #footable_22405  {\n        font-family: sans-serif;\n        font-size: 14px;\n    }\n\n#footable_22405 td.ninja_column_0 { text-align: center; }#footable_22405 th.ninja_column_0 { text-align: center; }#footable_22405 td.ninja_column_1 { text-align: center; }#footable_22405 th.ninja_column_1 { text-align: center; }#footable_22405 td.ninja_column_2 { text-align: center; }#footable_22405 th.ninja_column_2 { text-align: center; }                <\/style>\n                \n    \n    \n<\/div>\n\n<p>&nbsp;<\/p>\n<div class=\"hidden\">406.0050<\/div>\n","protected":false},"excerpt":{"rendered":"<p>M\u00e1quina manual para rellenar aerosoles precargados tapa est\u00e1ndar, con 100 ml de pintura. El dep\u00f3sito de pintura con 100 ml debe colocarse manualmente. Construcci\u00f3n robusta hecha totalmente en acero inoxidable. &nbsp; &nbsp; 406.0050<\/p>\n","protected":false},"featured_media":19839,"template":"","meta":[],"product_cat":[313,340],"product_tag":[],"acf":[],"_links":{"self":[{"href":"https:\/\/www.sistar.it\/es\/wp-json\/wp\/v2\/product\/22407"}],"collection":[{"href":"https:\/\/www.sistar.it\/es\/wp-json\/wp\/v2\/product"}],"about":[{"href":"https:\/\/www.sistar.it\/es\/wp-json\/wp\/v2\/types\/product"}],"wp:featuredmedia":[{"embeddable":true,"href":"https:\/\/www.sistar.it\/es\/wp-json\/wp\/v2\/media\/19839"}],"wp:attachment":[{"href":"https:\/\/www.sistar.it\/es\/wp-json\/wp\/v2\/media?parent=22407"}],"wp:term":[{"taxonomy":"product_cat","embeddable":true,"href":"https:\/\/www.sistar.it\/es\/wp-json\/wp\/v2\/product_cat?post=22407"},{"taxonomy":"product_tag","embeddable":true,"href":"https:\/\/www.sistar.it\/es\/wp-json\/wp\/v2\/product_tag?post=22407"}],"curies":[{"name":"wp","href":"https:\/\/api.w.org\/{rel}","templated":true}]}}