{"id":22387,"date":"2020-01-27T12:25:36","date_gmt":"2020-01-27T12:25:36","guid":{"rendered":"https:\/\/www.sistar.it\/prodotti\/cox-airflow-3\/"},"modified":"2024-06-10T13:54:04","modified_gmt":"2024-06-10T13:54:04","slug":"cox-airflow-3","status":"publish","type":"product","link":"https:\/\/www.sistar.it\/es\/prodotti\/cox-airflow-3\/","title":{"rendered":"COX\u2122 Airflow\u2122 3"},"content":{"rendered":"<p>Pistola neum\u00e1tica original COX\u2122 para la aplicaci\u00f3n de selladores adhesivos en cartucho.<\/p>\n<p>Ligera, potente, ergon\u00f3mica, silenciosa, con regulador de presi\u00f3n de aire y sistema antigoteo.<\/p>\n<p><strong><span style=\"font-size: 14pt;\">Caracter\u00edsticas:<\/span><\/strong><\/p>\n<ul>\n<li>Cartucho de 280\/290\/310 ml<\/li>\n<li>Presi\u00f3n: 8,6 bar (125 psi) max<\/li>\n<li>Fuerza del empuje: 153 Kgf &#8211; 1,75 kN<\/li>\n<li>Connexi\u00f3n del aire: 1\/4&#8243; M<\/li>\n<li>Tama\u00f1o: 235 mm<\/li>\n<li>Peso: 600 g<\/li>\n<li>Ruido en decibel: &lt;70 dBA<\/li>\n<\/ul>\n<p>&nbsp;<\/p>\n<div id=\"footable_parent_22386\"\n         class=\" footable_parent ninja_table_wrapper loading_ninja_table wp_table_data_press_parent bootstrap4 colored_table\">\n                <table data-ninja_table_instance=\"ninja_table_instance_0\" data-footable_id=\"22386\" data-filter-delay=\"1000\" aria-label=\"COX\u2122 Airflow\u2122 3( INGLESE )\"            id=\"footable_22386\"\n           data-unique_identifier=\"ninja_table_unique_id_158702219_22386\"\n           class=\" foo-table ninja_footable foo_table_22386 ninja_table_unique_id_158702219_22386 table  white nt_type_ajax_table table-hover vertical_centered inverted footable-paging-right ninja_table_search_disabled\">\n                <colgroup>\n                            <col class=\"ninja_column_0 \">\n                            <col class=\"ninja_column_1 \">\n                    <\/colgroup>\n            <\/table>\n                    <style type=\"text\/css\" id='ninja_table_custom_css_22386'>\n                        #footable_22386  {\n        font-family: sans-serif;\n        font-size: 14px;\n    }\n\n#footable_22386 td.ninja_column_0 { text-align: center; }#footable_22386 th.ninja_column_0 { text-align: center; }#footable_22386 td.ninja_column_1 { text-align: center; }#footable_22386 th.ninja_column_1 { text-align: center; }                <\/style>\n                \n    \n    \n<\/div>\n\n<p>&nbsp;<\/p>\n<p>&nbsp;<\/p>\n<div class=\"hidden\">468.0112<\/div>\n","protected":false},"excerpt":{"rendered":"<p>Pistola neum\u00e1tica original COX\u2122 para la aplicaci\u00f3n de selladores adhesivos en cartucho. Ligera, potente, ergon\u00f3mica, silenciosa, con regulador de presi\u00f3n de aire y sistema antigoteo. Caracter\u00edsticas: Cartucho de 280\/290\/310 ml Presi\u00f3n: 8,6 bar (125 psi) max Fuerza del empuje: 153 Kgf &#8211; 1,75 kN Connexi\u00f3n del aire: 1\/4&#8243; M Tama\u00f1o: 235 mm Peso: 600 g&#8230;<\/p>\n","protected":false},"featured_media":19655,"template":"","meta":[],"product_cat":[313,344],"product_tag":[],"acf":[],"_links":{"self":[{"href":"https:\/\/www.sistar.it\/es\/wp-json\/wp\/v2\/product\/22387"}],"collection":[{"href":"https:\/\/www.sistar.it\/es\/wp-json\/wp\/v2\/product"}],"about":[{"href":"https:\/\/www.sistar.it\/es\/wp-json\/wp\/v2\/types\/product"}],"wp:featuredmedia":[{"embeddable":true,"href":"https:\/\/www.sistar.it\/es\/wp-json\/wp\/v2\/media\/19655"}],"wp:attachment":[{"href":"https:\/\/www.sistar.it\/es\/wp-json\/wp\/v2\/media?parent=22387"}],"wp:term":[{"taxonomy":"product_cat","embeddable":true,"href":"https:\/\/www.sistar.it\/es\/wp-json\/wp\/v2\/product_cat?post=22387"},{"taxonomy":"product_tag","embeddable":true,"href":"https:\/\/www.sistar.it\/es\/wp-json\/wp\/v2\/product_tag?post=22387"}],"curies":[{"name":"wp","href":"https:\/\/api.w.org\/{rel}","templated":true}]}}