{"id":22364,"date":"2023-03-31T13:49:13","date_gmt":"2023-03-31T13:49:13","guid":{"rendered":"https:\/\/www.sistar.it\/prodotti\/airbrush-g-pro-2-with-assisted-cup\/"},"modified":"2024-03-19T10:15:43","modified_gmt":"2024-03-19T10:15:43","slug":"aerografo-g-pro-2-con-taza-asistida","status":"publish","type":"product","link":"https:\/\/www.sistar.it\/es\/prodotti\/aerografo-g-pro-2-con-taza-asistida\/","title":{"rendered":"Aer\u00f3grafo G-PRO 2 con taza asistida"},"content":{"rendered":"<p>Pistola de gravedad con cuerpo cromado y tecnolog\u00eda HVLP, para automoci\u00f3n e industria.<\/p>\n<p>Adecuada para pinturas base agua y disolvente.<\/p>\n<p>Cabezal del aire, aguja y boquilla est\u00e1n hechos en acero inoxidable.<\/p>\n<p>Amplia variedad de picos.<\/p>\n<p>El vaso de nailon con sistema antigoteo y ajuste por gravedad tiene una capacidad de 600 ml.<\/p>\n<p>El paquete incluye: aer\u00f3grafo completo, copa superior, filtro de pintura, llave universal, llave hexagonal, cepillo de limpieza e instrucciones.<\/p>\n<p><strong><span style=\"font-size: 14pt;\">Caracter\u00edsticas:<\/span><\/strong><\/p>\n<ul>\n<li>Presi\u00f3n: 3.0 bar (45 psi)<\/li>\n<li>Consumo de aire: 348 l\/min<\/li>\n<li>Conexi\u00f3n del aire: 1\/4&#8221;<\/li>\n<li>Peso: 545 g<\/li>\n<\/ul>\n<p>Disponible con boquilla\u00a0\u00d8 1,2 mm |\u00a0 | \u00d8 1,3 mm |\u00a0 | \u00d8 1,4 mm |\u00a0 | \u00d8 1,6mm |\u00a0 | \u00d8 1,7 mm |\u00a0 | \u00d8 1,8 mm |\u00a0 | \u00d8 2,0 mm |\u00a0 | \u00d8 2,5 mm |\u00a0 | \u00d8 3,0 mm |<\/p>\n<p>&nbsp;<\/p>\n<div id=\"footable_parent_22363\"\n         class=\" footable_parent ninja_table_wrapper loading_ninja_table wp_table_data_press_parent bootstrap4 colored_table\">\n                <table data-ninja_table_instance=\"ninja_table_instance_0\" data-footable_id=\"22363\" data-filter-delay=\"1000\" aria-label=\"Aerografo G-PRO 2 Con Tazza Assistita( INGLESE )\"            id=\"footable_22363\"\n           data-unique_identifier=\"ninja_table_unique_id_193260712_22363\"\n           class=\" foo-table ninja_footable foo_table_22363 ninja_table_unique_id_193260712_22363 table  white nt_type_ajax_table table-hover vertical_centered inverted footable-paging-right ninja_table_search_disabled\">\n                <colgroup>\n                            <col class=\"ninja_column_0 \">\n                            <col class=\"ninja_column_1 \">\n                            <col class=\"ninja_column_2 \">\n                    <\/colgroup>\n            <\/table>\n                    <style type=\"text\/css\" id='ninja_table_custom_css_22363'>\n                        #footable_22363  {\n        font-family: sans-serif;\n        font-size: 14px;\n    }\n\n#footable_22363 td.ninja_column_0 { text-align: center; }#footable_22363 th.ninja_column_0 { text-align: center; }#footable_22363 td.ninja_column_1 { text-align: center; }#footable_22363 th.ninja_column_1 { text-align: center; }#footable_22363 td.ninja_column_2 { text-align: center; }#footable_22363 th.ninja_column_2 { text-align: center; }                <\/style>\n                \n    \n    \n<\/div>\n\n<p>&nbsp;<\/p>\n<div class=\"hidden\">440.0011. \u00d8, 440.0006.\u00d8, 830.40024<\/div>\n<h5><\/h5>\n<h5 style=\"text-align: left;\"><span style=\"font-size: 36pt;\"><span style=\"font-size: 18pt;\">Repuestos G-PRO 2:\u00a0<\/span><\/span><\/h5>\n<p>&nbsp;<\/p>\n<p><strong><span style=\"font-size: 14pt;\">KIT COMPLETO DE PROYECTOR:<\/span><\/strong><\/p>\n<h4><\/h4>\n<h4><\/h4>\n<h4 style=\"text-align: center;\"><img loading=\"lazy\" class=\"size-full wp-image-13986 alignleft\" src=\"https:\/\/www.sistar.it\/wp-content\/uploads\/2019\/02\/440.0006-Kit-proiettore-Completo-G-PRO-2.png\" alt=\"\" width=\"500\" height=\"224\" srcset=\"https:\/\/www.sistar.it\/wp-content\/uploads\/2019\/02\/440.0006-Kit-proiettore-Completo-G-PRO-2.png 500w, https:\/\/www.sistar.it\/wp-content\/uploads\/2019\/02\/440.0006-Kit-proiettore-Completo-G-PRO-2-320x143.png 320w\" sizes=\"(max-width: 500px) 100vw, 500px\" \/><\/h4>\n<h4 style=\"text-align: center;\"><\/h4>\n<h4><\/h4>\n<h4><\/h4>\n<h4><\/h4>\n<h4><\/h4>\n<h4 style=\"text-align: left;\"><\/h4>\n<p style=\"text-align: left;\">El cabezal de aire, la boquilla y la aguja est\u00e1n fabricados en acero inoxidable con extrema precisi\u00f3n para conseguir una atomizaci\u00f3n excelente.<\/p>\n<h4 style=\"text-align: center;\"><\/h4>\n<div id=\"footable_parent_22419\"\n         class=\" footable_parent ninja_table_wrapper loading_ninja_table wp_table_data_press_parent bootstrap4 colored_table\">\n                <table data-ninja_table_instance=\"ninja_table_instance_1\" data-footable_id=\"22419\" data-filter-delay=\"1000\" aria-label=\"Kit Proiettore Completo G-PRO 2 con tazza assistita( INGLESE )\"            id=\"footable_22419\"\n           data-unique_identifier=\"ninja_table_unique_id_613463518_22419\"\n           class=\" foo-table ninja_footable foo_table_22419 ninja_table_unique_id_613463518_22419 table  white nt_type_ajax_table table-hover vertical_centered inverted footable-paging-right ninja_table_search_disabled\">\n                <colgroup>\n                            <col class=\"ninja_column_0 \">\n                            <col class=\"ninja_column_1 \">\n                            <col class=\"ninja_column_2 \">\n                    <\/colgroup>\n            <\/table>\n                    <style type=\"text\/css\" id='ninja_table_custom_css_22363'>\n                        #footable_22363  {\n        font-family: sans-serif;\n        font-size: 14px;\n    }\n\n#footable_22363 td.ninja_column_0 { text-align: center; }#footable_22363 th.ninja_column_0 { text-align: center; }#footable_22363 td.ninja_column_1 { text-align: center; }#footable_22363 th.ninja_column_1 { text-align: center; }#footable_22363 td.ninja_column_2 { text-align: center; }#footable_22363 th.ninja_column_2 { text-align: center; }                <\/style>\n                                <style type=\"text\/css\" id='ninja_table_custom_css_22419'>\n                        #footable_22419  {\n        font-family: sans-serif;\n        font-size: 14px;\n    }\n\n#footable_22419 td.ninja_column_0 { text-align: center; }#footable_22419 th.ninja_column_0 { text-align: center; }#footable_22419 td.ninja_column_1 { text-align: center; }#footable_22419 th.ninja_column_1 { text-align: center; }#footable_22419 td.ninja_column_2 { text-align: center; }#footable_22419 th.ninja_column_2 { text-align: center; }                <\/style>\n                \n    \n    \n<\/div>\n\n<h4><\/h4>\n<p style=\"text-align: left;\"><strong><span style=\"font-size: 18pt;\">TAZA DE GRAVEDAD<\/span><\/strong><\/p>\n<p><img loading=\"lazy\" class=\"wp-image-9334 alignleft\" src=\"http:\/\/www.sistar.it\/it\/wp-content\/uploads\/Tazza-847x1024.jpg\" alt=\"Tazza\" width=\"303\" height=\"367\" \/><\/p>\n<h4><\/h4>\n<h4><\/h4>\n<h4><\/h4>\n<h4><\/h4>\n<h4><\/h4>\n<h4><\/h4>\n<h4><\/h4>\n<h4><\/h4>\n<h4><\/h4>\n<h4 style=\"text-align: left;\"><\/h4>\n<p>Vaso de nylon 600 ml para pistola G-PRO 2 E G-2005 HVLP<\/p>\n<p>&nbsp;<\/p>\n<div id=\"footable_parent_22420\"\n         class=\" footable_parent ninja_table_wrapper loading_ninja_table wp_table_data_press_parent bootstrap4 colored_table\">\n                <table data-ninja_table_instance=\"ninja_table_instance_2\" data-footable_id=\"22420\" data-filter-delay=\"1000\" aria-label=\"TAZZA IN NYLON( INGLESE )\"            id=\"footable_22420\"\n           data-unique_identifier=\"ninja_table_unique_id_813002886_22420\"\n           class=\" foo-table ninja_footable foo_table_22420 ninja_table_unique_id_813002886_22420 table  white nt_type_ajax_table table-hover vertical_centered inverted footable-paging-right ninja_table_search_disabled\">\n                <colgroup>\n                            <col class=\"ninja_column_0 \">\n                            <col class=\"ninja_column_1 \">\n                            <col class=\"ninja_column_2 \">\n                    <\/colgroup>\n            <\/table>\n                    <style type=\"text\/css\" id='ninja_table_custom_css_22363'>\n                        #footable_22363  {\n        font-family: sans-serif;\n        font-size: 14px;\n    }\n\n#footable_22363 td.ninja_column_0 { text-align: center; }#footable_22363 th.ninja_column_0 { text-align: center; }#footable_22363 td.ninja_column_1 { text-align: center; }#footable_22363 th.ninja_column_1 { text-align: center; }#footable_22363 td.ninja_column_2 { text-align: center; }#footable_22363 th.ninja_column_2 { text-align: center; }                <\/style>\n                                <style type=\"text\/css\" id='ninja_table_custom_css_22419'>\n                        #footable_22419  {\n        font-family: sans-serif;\n        font-size: 14px;\n    }\n\n#footable_22419 td.ninja_column_0 { text-align: center; }#footable_22419 th.ninja_column_0 { text-align: center; }#footable_22419 td.ninja_column_1 { text-align: center; }#footable_22419 th.ninja_column_1 { text-align: center; }#footable_22419 td.ninja_column_2 { text-align: center; }#footable_22419 th.ninja_column_2 { text-align: center; }                <\/style>\n                                <style type=\"text\/css\" id='ninja_table_custom_css_22420'>\n                        #footable_22420  {\n        font-family: sans-serif;\n        font-size: 14px;\n    }\n\n#footable_22420 td.ninja_column_0 { text-align: center; }#footable_22420 th.ninja_column_0 { text-align: center; }#footable_22420 td.ninja_column_1 { text-align: center; }#footable_22420 th.ninja_column_1 { text-align: center; }#footable_22420 td.ninja_column_2 { text-align: center; }#footable_22420 th.ninja_column_2 { text-align: center; }                <\/style>\n                \n    \n    \n<\/div>\n\n<p>&nbsp;<\/p>\n","protected":false},"excerpt":{"rendered":"<p>Pistola de copa asistida por presi\u00f3n de gravedad para mejorar el flujo de pinturas de alta viscosidad<\/p>\n","protected":false},"featured_media":19543,"template":"","meta":[],"product_cat":[313,351],"product_tag":[],"acf":[],"_links":{"self":[{"href":"https:\/\/www.sistar.it\/es\/wp-json\/wp\/v2\/product\/22364"}],"collection":[{"href":"https:\/\/www.sistar.it\/es\/wp-json\/wp\/v2\/product"}],"about":[{"href":"https:\/\/www.sistar.it\/es\/wp-json\/wp\/v2\/types\/product"}],"wp:featuredmedia":[{"embeddable":true,"href":"https:\/\/www.sistar.it\/es\/wp-json\/wp\/v2\/media\/19543"}],"wp:attachment":[{"href":"https:\/\/www.sistar.it\/es\/wp-json\/wp\/v2\/media?parent=22364"}],"wp:term":[{"taxonomy":"product_cat","embeddable":true,"href":"https:\/\/www.sistar.it\/es\/wp-json\/wp\/v2\/product_cat?post=22364"},{"taxonomy":"product_tag","embeddable":true,"href":"https:\/\/www.sistar.it\/es\/wp-json\/wp\/v2\/product_tag?post=22364"}],"curies":[{"name":"wp","href":"https:\/\/api.w.org\/{rel}","templated":true}]}}