{"id":22356,"date":"2024-03-01T10:44:09","date_gmt":"2024-03-01T10:44:09","guid":{"rendered":"https:\/\/www.sistar.it\/prodotti\/kit-ninja\/"},"modified":"2024-06-03T06:54:29","modified_gmt":"2024-06-03T06:54:29","slug":"kit-ninja","status":"publish","type":"product","link":"https:\/\/www.sistar.it\/es\/prodotti\/kit-ninja\/","title":{"rendered":"KIT NINJA"},"content":{"rendered":"<p>Pistola de gravedad con tecnolog\u00eda HVLP o de alta transferencia para carrocer\u00eda e industria.<\/p>\n<p>Cuerpo cromado y anodizado para productos de pintura al disolvente y al agua.<\/p>\n<p>Tap\u00f3n de aire, aguja y boquilla de acero inoxidable.<\/p>\n<p>&nbsp;<\/p>\n<p><strong>El kit est\u00e1 compuesto por:<\/strong><\/p>\n<ul>\n<li>Una pistola Ninja a elegir entre 3 modelos diferentes disponibles\u00a0(NINJA BA1 HVLP, NINJA BT+, NINJA PR1)<\/li>\n<li>Un man\u00f3metro\u00a0cod. 440.0009<\/li>\n<li>Un malet\u00edn case cod. 910.2036<\/li>\n<\/ul>\n<p>&nbsp;<\/p>\n<div id=\"footable_parent_22354\"\n         class=\" footable_parent ninja_table_wrapper loading_ninja_table wp_table_data_press_parent bootstrap4 colored_table\">\n                <table data-ninja_table_instance=\"ninja_table_instance_0\" data-footable_id=\"22354\" data-filter-delay=\"1000\" aria-label=\"KIT NINJA( INGLESE )\"            id=\"footable_22354\"\n           data-unique_identifier=\"ninja_table_unique_id_37186950_22354\"\n           class=\" foo-table ninja_footable foo_table_22354 ninja_table_unique_id_37186950_22354 table  white nt_type_ajax_table table-hover vertical_centered inverted footable-paging-right ninja_table_search_disabled\">\n                <colgroup>\n                            <col class=\"ninja_column_0 \">\n                            <col class=\"ninja_column_1 \">\n                            <col class=\"ninja_column_2 \">\n                    <\/colgroup>\n            <\/table>\n                    <style type=\"text\/css\" id='ninja_table_custom_css_22354'>\n                        #footable_22354  {\n        font-family: sans-serif;\n        font-size: 14px;\n    }\n\n#footable_22354 td.ninja_column_0 { text-align: center; }#footable_22354 th.ninja_column_0 { text-align: center; }#footable_22354 td.ninja_column_1 { text-align: center; }#footable_22354 th.ninja_column_1 { text-align: center; }#footable_22354 td.ninja_column_2 { text-align: center; }#footable_22354 th.ninja_column_2 { text-align: center; }                <\/style>\n                \n    \n    \n<\/div>\n\n<p>&nbsp;<\/p>\n<div class=\"hidden\">440.0300.13.K1, 440.0310.13.K1, 440.0310.14.K1, 440.0320.16.K1, 440.0320.18.K1<\/div>\n","protected":false},"excerpt":{"rendered":"<p>Pistola de gravedad con tecnolog\u00eda HVLP o de alta transferencia para carrocer\u00eda e industria. Cuerpo cromado y anodizado para productos de pintura al disolvente y al agua. Tap\u00f3n de aire, aguja y boquilla de acero inoxidable. &nbsp; El kit est\u00e1 compuesto por: Una pistola Ninja a elegir entre 3 modelos diferentes disponibles\u00a0(NINJA BA1 HVLP, NINJA&#8230;<\/p>\n","protected":false},"featured_media":19506,"template":"","meta":[],"product_cat":[313,351],"product_tag":[],"acf":[],"_links":{"self":[{"href":"https:\/\/www.sistar.it\/es\/wp-json\/wp\/v2\/product\/22356"}],"collection":[{"href":"https:\/\/www.sistar.it\/es\/wp-json\/wp\/v2\/product"}],"about":[{"href":"https:\/\/www.sistar.it\/es\/wp-json\/wp\/v2\/types\/product"}],"wp:featuredmedia":[{"embeddable":true,"href":"https:\/\/www.sistar.it\/es\/wp-json\/wp\/v2\/media\/19506"}],"wp:attachment":[{"href":"https:\/\/www.sistar.it\/es\/wp-json\/wp\/v2\/media?parent=22356"}],"wp:term":[{"taxonomy":"product_cat","embeddable":true,"href":"https:\/\/www.sistar.it\/es\/wp-json\/wp\/v2\/product_cat?post=22356"},{"taxonomy":"product_tag","embeddable":true,"href":"https:\/\/www.sistar.it\/es\/wp-json\/wp\/v2\/product_tag?post=22356"}],"curies":[{"name":"wp","href":"https:\/\/api.w.org\/{rel}","templated":true}]}}