{"id":22342,"date":"2024-03-01T13:08:58","date_gmt":"2024-03-01T13:08:58","guid":{"rendered":"https:\/\/www.sistar.it\/prodotti\/extension-nozzles-kit\/"},"modified":"2024-03-18T13:48:16","modified_gmt":"2024-03-18T13:48:16","slug":"kit-de-extension","status":"publish","type":"product","link":"https:\/\/www.sistar.it\/es\/prodotti\/kit-de-extension\/","title":{"rendered":"Kit de extensi\u00f3n"},"content":{"rendered":"<p>Kit con 3 extensiones para pistola neum\u00e1tica Pneubody 100.<\/p>\n<p>Indispensables para la aplicaci\u00f3n de productos de insonorizaci\u00f3n y protecci\u00f3n en zonas de dif\u00edcil acceso.<\/p>\n<p>Incluye 3 boquillas: \u00e1ngulo de 90\u00b0, chorro en abanico recto, chorro recto de 360\u00b0.<\/p>\n<p>&nbsp;<\/p>\n<div id=\"footable_parent_22341\"\n         class=\" footable_parent ninja_table_wrapper loading_ninja_table wp_table_data_press_parent bootstrap4 colored_table\">\n                <table data-ninja_table_instance=\"ninja_table_instance_0\" data-footable_id=\"22341\" data-filter-delay=\"1000\" aria-label=\"KIT PROLUNGHE( INGLESE )\"            id=\"footable_22341\"\n           data-unique_identifier=\"ninja_table_unique_id_699203601_22341\"\n           class=\" foo-table ninja_footable foo_table_22341 ninja_table_unique_id_699203601_22341 table  white nt_type_ajax_table table-hover vertical_centered inverted footable-paging-right ninja_table_search_disabled\">\n                <colgroup>\n                            <col class=\"ninja_column_0 \">\n                            <col class=\"ninja_column_1 \">\n                            <col class=\"ninja_column_2 \">\n                    <\/colgroup>\n            <\/table>\n                    <style type=\"text\/css\" id='ninja_table_custom_css_22341'>\n                        #footable_22341  {\n        font-family: sans-serif;\n        font-size: 14px;\n    }\n\n#footable_22341 td.ninja_column_0 { text-align: center; }#footable_22341 th.ninja_column_0 { text-align: center; }#footable_22341 td.ninja_column_1 { text-align: center; }#footable_22341 th.ninja_column_1 { text-align: center; }#footable_22341 td.ninja_column_2 { text-align: center; }#footable_22341 th.ninja_column_2 { text-align: center; }                <\/style>\n                \n    \n    \n<\/div>\n\n<div class=\"hidden\">468.0101<\/div>\n","protected":false},"excerpt":{"rendered":"<p>Kit con 3 extensiones para pistola neum\u00e1tica Pneubody 100. Indispensables para la aplicaci\u00f3n de productos de insonorizaci\u00f3n y protecci\u00f3n en zonas de dif\u00edcil acceso. Incluye 3 boquillas: \u00e1ngulo de 90\u00b0, chorro en abanico recto, chorro recto de 360\u00b0. &nbsp; 468.0101<\/p>\n","protected":false},"featured_media":19611,"template":"","meta":[],"product_cat":[313,344],"product_tag":[],"acf":[],"_links":{"self":[{"href":"https:\/\/www.sistar.it\/es\/wp-json\/wp\/v2\/product\/22342"}],"collection":[{"href":"https:\/\/www.sistar.it\/es\/wp-json\/wp\/v2\/product"}],"about":[{"href":"https:\/\/www.sistar.it\/es\/wp-json\/wp\/v2\/types\/product"}],"wp:featuredmedia":[{"embeddable":true,"href":"https:\/\/www.sistar.it\/es\/wp-json\/wp\/v2\/media\/19611"}],"wp:attachment":[{"href":"https:\/\/www.sistar.it\/es\/wp-json\/wp\/v2\/media?parent=22342"}],"wp:term":[{"taxonomy":"product_cat","embeddable":true,"href":"https:\/\/www.sistar.it\/es\/wp-json\/wp\/v2\/product_cat?post=22342"},{"taxonomy":"product_tag","embeddable":true,"href":"https:\/\/www.sistar.it\/es\/wp-json\/wp\/v2\/product_tag?post=22342"}],"curies":[{"name":"wp","href":"https:\/\/api.w.org\/{rel}","templated":true}]}}