{"id":22326,"date":"2024-03-04T08:46:15","date_gmt":"2024-03-04T08:46:15","guid":{"rendered":"https:\/\/www.sistar.it\/prodotti\/voylet-n125-hvlp-mini-2\/"},"modified":"2024-03-18T13:00:00","modified_gmt":"2024-03-18T13:00:00","slug":"voylet-n125-hvlp-mini-2","status":"publish","type":"product","link":"https:\/\/www.sistar.it\/es\/prodotti\/voylet-n125-hvlp-mini-2\/","title":{"rendered":"VOYLET N125 HVLP MINI"},"content":{"rendered":"<p>Mini pistola de pulverizaci\u00f3n de gravedad con tecnolog\u00eda HVLP para retocar y reparar manchas en la carrocer\u00eda.<\/p>\n<p>Adecuada para usar con productos de pintura a base de solvente y agua.<\/p>\n<p>Boquilla y aguja de acero inoxidable, tapa del aire de acero inoxidable con anillo de aluminio, vaso de nylon de 125 ml.<\/p>\n<p>&nbsp;<\/p>\n<p><strong><span style=\"font-size: 14pt;\">Caracter\u00edsticas:<\/span><\/strong><\/p>\n<ul>\n<li>Presi\u00f3n: 2.5 bar (30 psi)<\/li>\n<li>Consumo de aire: 110 l\/min<\/li>\n<li>Conexi\u00f3n del aire: 1\/4&#8221;<\/li>\n<li>Peso: 286 g<\/li>\n<\/ul>\n<p>&nbsp;<\/p>\n<div id=\"footable_parent_22323\"\n         class=\" footable_parent ninja_table_wrapper loading_ninja_table wp_table_data_press_parent bootstrap4 colored_table\">\n                <table data-ninja_table_instance=\"ninja_table_instance_0\" data-footable_id=\"22323\" data-filter-delay=\"1000\" aria-label=\"VOYLET N125 HVLP MINI( INGLESE )\"            id=\"footable_22323\"\n           data-unique_identifier=\"ninja_table_unique_id_2117582175_22323\"\n           class=\" foo-table ninja_footable foo_table_22323 ninja_table_unique_id_2117582175_22323 table  white nt_type_ajax_table table-hover vertical_centered inverted footable-paging-right ninja_table_search_disabled\">\n                <colgroup>\n                            <col class=\"ninja_column_0 \">\n                            <col class=\"ninja_column_1 \">\n                            <col class=\"ninja_column_2 \">\n                    <\/colgroup>\n            <\/table>\n                    <style type=\"text\/css\" id='ninja_table_custom_css_22323'>\n                        #footable_22323  {\n        font-family: sans-serif;\n        font-size: 14px;\n    }\n\n#footable_22323 td.ninja_column_0 { text-align: center; }#footable_22323 th.ninja_column_0 { text-align: center; }#footable_22323 td.ninja_column_1 { text-align: center; }#footable_22323 th.ninja_column_1 { text-align: center; }#footable_22323 td.ninja_column_2 { text-align: center; }#footable_22323 th.ninja_column_2 { text-align: center; }                <\/style>\n                \n    \n    \n<\/div>\n\n<p>&nbsp;<\/p>\n<p style=\"text-align: center;\"><strong>Cambio completo del proyector<\/strong><\/p>\n<div id=\"footable_parent_22324\"\n         class=\" footable_parent ninja_table_wrapper loading_ninja_table wp_table_data_press_parent bootstrap4 colored_table\">\n                <table data-ninja_table_instance=\"ninja_table_instance_1\" data-footable_id=\"22324\" data-filter-delay=\"1000\" aria-label=\"Ricambio proiettore VOYLET N125( INGLESE )\"            id=\"footable_22324\"\n           data-unique_identifier=\"ninja_table_unique_id_201102166_22324\"\n           class=\" foo-table ninja_footable foo_table_22324 ninja_table_unique_id_201102166_22324 table  white nt_type_ajax_table table-hover vertical_centered inverted footable-paging-right ninja_table_search_disabled\">\n                <colgroup>\n                            <col class=\"ninja_column_0 \">\n                            <col class=\"ninja_column_1 \">\n                            <col class=\"ninja_column_2 \">\n                    <\/colgroup>\n            <\/table>\n                    <style type=\"text\/css\" id='ninja_table_custom_css_22323'>\n                        #footable_22323  {\n        font-family: sans-serif;\n        font-size: 14px;\n    }\n\n#footable_22323 td.ninja_column_0 { text-align: center; }#footable_22323 th.ninja_column_0 { text-align: center; }#footable_22323 td.ninja_column_1 { text-align: center; }#footable_22323 th.ninja_column_1 { text-align: center; }#footable_22323 td.ninja_column_2 { text-align: center; }#footable_22323 th.ninja_column_2 { text-align: center; }                <\/style>\n                                <style type=\"text\/css\" id='ninja_table_custom_css_22324'>\n                        #footable_22324  {\n        font-family: sans-serif;\n        font-size: 14px;\n    }\n\n#footable_22324 td.ninja_column_0 { text-align: center; }#footable_22324 th.ninja_column_0 { text-align: center; }#footable_22324 td.ninja_column_1 { text-align: center; }#footable_22324 th.ninja_column_1 { text-align: center; }#footable_22324 td.ninja_column_2 { text-align: center; }#footable_22324 th.ninja_column_2 { text-align: center; }                <\/style>\n                \n    \n    \n<\/div>\n\n<p>&nbsp;<\/p>\n<p style=\"text-align: center;\"><strong>Vaso de nylon de 125 ml<\/strong><\/p>\n<div id=\"footable_parent_22325\"\n         class=\" footable_parent ninja_table_wrapper loading_ninja_table wp_table_data_press_parent bootstrap4 colored_table\">\n                <table data-ninja_table_instance=\"ninja_table_instance_2\" data-footable_id=\"22325\" data-filter-delay=\"1000\" aria-label=\"Ricambio tazza gravit\u00e0 VOYLET N125( INGLESE )\"            id=\"footable_22325\"\n           data-unique_identifier=\"ninja_table_unique_id_546595057_22325\"\n           class=\" foo-table ninja_footable foo_table_22325 ninja_table_unique_id_546595057_22325 table  white nt_type_ajax_table table-hover vertical_centered inverted footable-paging-right ninja_table_search_disabled\">\n                <colgroup>\n                            <col class=\"ninja_column_0 \">\n                            <col class=\"ninja_column_1 \">\n                    <\/colgroup>\n            <\/table>\n                    <style type=\"text\/css\" id='ninja_table_custom_css_22323'>\n                        #footable_22323  {\n        font-family: sans-serif;\n        font-size: 14px;\n    }\n\n#footable_22323 td.ninja_column_0 { text-align: center; }#footable_22323 th.ninja_column_0 { text-align: center; }#footable_22323 td.ninja_column_1 { text-align: center; }#footable_22323 th.ninja_column_1 { text-align: center; }#footable_22323 td.ninja_column_2 { text-align: center; }#footable_22323 th.ninja_column_2 { text-align: center; }                <\/style>\n                                <style type=\"text\/css\" id='ninja_table_custom_css_22324'>\n                        #footable_22324  {\n        font-family: sans-serif;\n        font-size: 14px;\n    }\n\n#footable_22324 td.ninja_column_0 { text-align: center; }#footable_22324 th.ninja_column_0 { text-align: center; }#footable_22324 td.ninja_column_1 { text-align: center; }#footable_22324 th.ninja_column_1 { text-align: center; }#footable_22324 td.ninja_column_2 { text-align: center; }#footable_22324 th.ninja_column_2 { text-align: center; }                <\/style>\n                                <style type=\"text\/css\" id='ninja_table_custom_css_22325'>\n                        #footable_22325  {\n        font-family: sans-serif;\n        font-size: 14px;\n    }\n\n#footable_22325 td.ninja_column_0 { text-align: center; }#footable_22325 th.ninja_column_0 { text-align: center; }#footable_22325 td.ninja_column_1 { text-align: center; }#footable_22325 th.ninja_column_1 { text-align: center; }                <\/style>\n                \n    \n    \n<\/div>\n\n<p>&nbsp;<\/p>\n<div class=\"hidden\">440.0060.08, 440.0060.10, 440.0061.08, 440.0061.10, 440.0060<\/div>\n","protected":false},"excerpt":{"rendered":"<p>Mini pistola de pulverizaci\u00f3n de gravedad con tecnolog\u00eda HVLP para retocar y reparar manchas en la carrocer\u00eda. Adecuada para usar con productos de pintura a base de solvente y agua. Boquilla y aguja de acero inoxidable, tapa del aire de acero inoxidable con anillo de aluminio, vaso de nylon de 125 ml. &nbsp; Caracter\u00edsticas: Presi\u00f3n:&#8230;<\/p>\n","protected":false},"featured_media":19566,"template":"","meta":[],"product_cat":[313,351],"product_tag":[],"acf":[],"_links":{"self":[{"href":"https:\/\/www.sistar.it\/es\/wp-json\/wp\/v2\/product\/22326"}],"collection":[{"href":"https:\/\/www.sistar.it\/es\/wp-json\/wp\/v2\/product"}],"about":[{"href":"https:\/\/www.sistar.it\/es\/wp-json\/wp\/v2\/types\/product"}],"wp:featuredmedia":[{"embeddable":true,"href":"https:\/\/www.sistar.it\/es\/wp-json\/wp\/v2\/media\/19566"}],"wp:attachment":[{"href":"https:\/\/www.sistar.it\/es\/wp-json\/wp\/v2\/media?parent=22326"}],"wp:term":[{"taxonomy":"product_cat","embeddable":true,"href":"https:\/\/www.sistar.it\/es\/wp-json\/wp\/v2\/product_cat?post=22326"},{"taxonomy":"product_tag","embeddable":true,"href":"https:\/\/www.sistar.it\/es\/wp-json\/wp\/v2\/product_tag?post=22326"}],"curies":[{"name":"wp","href":"https:\/\/api.w.org\/{rel}","templated":true}]}}