{"id":22294,"date":"2024-03-04T10:25:47","date_gmt":"2024-03-04T10:25:47","guid":{"rendered":"https:\/\/www.sistar.it\/prodotti\/pressure-gauge-analogue\/"},"modified":"2024-06-10T14:56:32","modified_gmt":"2024-06-10T14:56:32","slug":"manometro-de-presion-analogico","status":"publish","type":"product","link":"https:\/\/www.sistar.it\/es\/prodotti\/manometro-de-presion-analogico\/","title":{"rendered":"Man\u00f3metro de presi\u00f3n anal\u00f3gico"},"content":{"rendered":"<p>Man\u00f3metro regulador para verificar la presi\u00f3n del aire que ingresa a la pistola pulverizaci\u00f3n.<\/p>\n<p>Pomo trasero o lateral para ajustar la presi\u00f3n.<\/p>\n<p><strong><span style=\"font-size: 14pt;\">Caracter\u00edsticas:<\/span><\/strong><\/p>\n<ul>\n<li>Presi\u00f3n: max 11 bar (160 psi)<\/li>\n<li>Conexi\u00f3n del aire: 1\/4&#8221; M in + 1\/4&#8221; F out<\/li>\n<li>Tama\u00f1o: \u00d8 40 mm<\/li>\n<li>Peso: 157 g<\/li>\n<\/ul>\n<p>&nbsp;<\/p>\n<div id=\"footable_parent_22293\"\n         class=\" footable_parent ninja_table_wrapper loading_ninja_table wp_table_data_press_parent bootstrap4 colored_table\">\n                <table data-ninja_table_instance=\"ninja_table_instance_0\" data-footable_id=\"22293\" data-filter-delay=\"1000\" aria-label=\"MANOMETRO REGOLATORE ANALOGICO( INGLESE )\"            id=\"footable_22293\"\n           data-unique_identifier=\"ninja_table_unique_id_1915474611_22293\"\n           class=\" foo-table ninja_footable foo_table_22293 ninja_table_unique_id_1915474611_22293 table  white nt_type_ajax_table table-hover vertical_centered inverted footable-paging-right ninja_table_search_disabled\">\n                <colgroup>\n                            <col class=\"ninja_column_0 \">\n                            <col class=\"ninja_column_1 \">\n                    <\/colgroup>\n            <\/table>\n                    <style type=\"text\/css\" id='ninja_table_custom_css_22293'>\n                        #footable_22293  {\n        font-family: sans-serif;\n        font-size: 14px;\n    }\n\n#footable_22293 td.ninja_column_0 { text-align: center; }#footable_22293 th.ninja_column_0 { text-align: center; }#footable_22293 td.ninja_column_1 { text-align: center; }#footable_22293 th.ninja_column_1 { text-align: center; }                <\/style>\n                \n    \n    \n<\/div>\n\n<div class=\"hidden\">440.0009<\/div>\n","protected":false},"excerpt":{"rendered":"<p>Man\u00f3metro regulador para verificar la presi\u00f3n del aire que ingresa a la pistola pulverizaci\u00f3n. Pomo trasero o lateral para ajustar la presi\u00f3n. Caracter\u00edsticas: Presi\u00f3n: max 11 bar (160 psi) Conexi\u00f3n del aire: 1\/4&#8221; M in + 1\/4&#8221; F out Tama\u00f1o: \u00d8 40 mm Peso: 157 g &nbsp; 440.0009<\/p>\n","protected":false},"featured_media":19736,"template":"","meta":[],"product_cat":[313,342],"product_tag":[],"acf":[],"_links":{"self":[{"href":"https:\/\/www.sistar.it\/es\/wp-json\/wp\/v2\/product\/22294"}],"collection":[{"href":"https:\/\/www.sistar.it\/es\/wp-json\/wp\/v2\/product"}],"about":[{"href":"https:\/\/www.sistar.it\/es\/wp-json\/wp\/v2\/types\/product"}],"wp:featuredmedia":[{"embeddable":true,"href":"https:\/\/www.sistar.it\/es\/wp-json\/wp\/v2\/media\/19736"}],"wp:attachment":[{"href":"https:\/\/www.sistar.it\/es\/wp-json\/wp\/v2\/media?parent=22294"}],"wp:term":[{"taxonomy":"product_cat","embeddable":true,"href":"https:\/\/www.sistar.it\/es\/wp-json\/wp\/v2\/product_cat?post=22294"},{"taxonomy":"product_tag","embeddable":true,"href":"https:\/\/www.sistar.it\/es\/wp-json\/wp\/v2\/product_tag?post=22294"}],"curies":[{"name":"wp","href":"https:\/\/api.w.org\/{rel}","templated":true}]}}