{"id":22262,"date":"2024-03-04T13:59:09","date_gmt":"2024-03-04T13:59:09","guid":{"rendered":"https:\/\/www.sistar.it\/prodotti\/mini-hot-staples\/"},"modified":"2024-06-10T15:18:35","modified_gmt":"2024-06-10T15:18:35","slug":"mini-aplicador-de-clips","status":"publish","type":"product","link":"https:\/\/www.sistar.it\/es\/prodotti\/mini-aplicador-de-clips\/","title":{"rendered":"Mini aplicador de clips"},"content":{"rendered":"<p>Esta m\u00e1quina de soldar en caliente para reparar piezas de pl\u00e1stico se ofrece en un kit que contiene los 3 tipos de grapas m\u00e1s utilizados (100 unidades cada uno) que le permiten llegar incluso a las zonas m\u00e1s dif\u00edciles.<\/p>\n<p><strong><span style=\"font-size: 14pt;\">Caracter\u00edsticas:<\/span><\/strong><\/p>\n<ul>\n<li>Longitud del cable: 1,5 m<\/li>\n<li>Voltaje: 230 V<\/li>\n<li>Tama\u00f1o corrugated clips: \u00d8 0,8 mm<\/li>\n<li>Tama\u00f1o three point clips:\u00a0 \u00d8 0,8 mm<\/li>\n<li>Tama\u00f1o internal corner clips: \u00d8 0,8 mm<\/li>\n<\/ul>\n<p>&nbsp;<\/p>\n<div id=\"footable_parent_22261\"\n         class=\" footable_parent ninja_table_wrapper loading_ninja_table wp_table_data_press_parent bootstrap4 colored_table\">\n                <table data-ninja_table_instance=\"ninja_table_instance_0\" data-footable_id=\"22261\" data-filter-delay=\"1000\" aria-label=\"MINI APPLICATORE PER GRAFFETTE( INGLESE )\"            id=\"footable_22261\"\n           data-unique_identifier=\"ninja_table_unique_id_645222275_22261\"\n           class=\" foo-table ninja_footable foo_table_22261 ninja_table_unique_id_645222275_22261 table  white nt_type_ajax_table table-hover vertical_centered inverted footable-paging-right ninja_table_search_disabled\">\n                <colgroup>\n                            <col class=\"ninja_column_0 \">\n                            <col class=\"ninja_column_1 \">\n                            <col class=\"ninja_column_2 \">\n                    <\/colgroup>\n            <\/table>\n                    <style type=\"text\/css\" id='ninja_table_custom_css_22261'>\n                        #footable_22261  {\n        font-family: sans-serif;\n        font-size: 14px;\n    }\n\n#footable_22261 td.ninja_column_0 { text-align: center; }#footable_22261 th.ninja_column_0 { text-align: center; }#footable_22261 td.ninja_column_1 { text-align: center; }#footable_22261 th.ninja_column_1 { text-align: center; }#footable_22261 td.ninja_column_2 { text-align: center; }#footable_22261 th.ninja_column_2 { text-align: center; }                <\/style>\n                \n    \n    \n<\/div>\n\n<div class=\"hidden\">450.0400, 450.0400.1, 450.0400.2, 450.0400.3<\/div>\n","protected":false},"excerpt":{"rendered":"<p>Esta m\u00e1quina de soldar en caliente para reparar piezas de pl\u00e1stico se ofrece en un kit que contiene los 3 tipos de grapas m\u00e1s utilizados (100 unidades cada uno) que le permiten llegar incluso a las zonas m\u00e1s dif\u00edciles. Caracter\u00edsticas: Longitud del cable: 1,5 m Voltaje: 230 V Tama\u00f1o corrugated clips: \u00d8 0,8 mm Tama\u00f1o&#8230;<\/p>\n","protected":false},"featured_media":19781,"template":"","meta":[],"product_cat":[313,342],"product_tag":[],"acf":[],"_links":{"self":[{"href":"https:\/\/www.sistar.it\/es\/wp-json\/wp\/v2\/product\/22262"}],"collection":[{"href":"https:\/\/www.sistar.it\/es\/wp-json\/wp\/v2\/product"}],"about":[{"href":"https:\/\/www.sistar.it\/es\/wp-json\/wp\/v2\/types\/product"}],"wp:featuredmedia":[{"embeddable":true,"href":"https:\/\/www.sistar.it\/es\/wp-json\/wp\/v2\/media\/19781"}],"wp:attachment":[{"href":"https:\/\/www.sistar.it\/es\/wp-json\/wp\/v2\/media?parent=22262"}],"wp:term":[{"taxonomy":"product_cat","embeddable":true,"href":"https:\/\/www.sistar.it\/es\/wp-json\/wp\/v2\/product_cat?post=22262"},{"taxonomy":"product_tag","embeddable":true,"href":"https:\/\/www.sistar.it\/es\/wp-json\/wp\/v2\/product_tag?post=22262"}],"curies":[{"name":"wp","href":"https:\/\/api.w.org\/{rel}","templated":true}]}}