{"id":22248,"date":"2024-03-04T13:45:20","date_gmt":"2024-03-04T13:45:20","guid":{"rendered":"https:\/\/www.sistar.it\/prodotti\/pad-disc-wool-washer\/"},"modified":"2024-04-15T08:17:22","modified_gmt":"2024-04-15T08:17:22","slug":"pad-disc-wool-washer-almohadilla-de-pulido-y-disco-de-lana-lavadora","status":"publish","type":"product","link":"https:\/\/www.sistar.it\/es\/prodotti\/pad-disc-wool-washer-almohadilla-de-pulido-y-disco-de-lana-lavadora\/","title":{"rendered":"Pad &#038; Disc wool washer &#8211; Almohadilla de pulido y disco de lana lavadora"},"content":{"rendered":"<p>Lavadora para almohadillas y discos de lana.<\/p>\n<p>Gracias a la rotaci\u00f3n de la pulidora, las almohadillas y los discos de lana quedan perfectamente limpios de contaminantes en un abrir y cerrar de ojos.<\/p>\n<p>Ligeramente humedecidos, est\u00e1n listos para ser reutilizados innumerables veces para un pulido perfecto.<\/p>\n<p>Tambi\u00e9n es \u00fatil para reducir el sobrecalentamiento de las almohadillas, normalmente causado por el movimiento rotatorio de la pulidora, alargando su vida \u00fatil.<\/p>\n<p>&nbsp;<\/p>\n<div id=\"footable_parent_22247\"\n         class=\" footable_parent ninja_table_wrapper loading_ninja_table wp_table_data_press_parent bootstrap4 colored_table\">\n                <table data-ninja_table_instance=\"ninja_table_instance_0\" data-footable_id=\"22247\" data-filter-delay=\"1000\" aria-label=\"PAD &amp; DISC WOOL WASHER( INGLESE )\"            id=\"footable_22247\"\n           data-unique_identifier=\"ninja_table_unique_id_1836323008_22247\"\n           class=\" foo-table ninja_footable foo_table_22247 ninja_table_unique_id_1836323008_22247 table  white nt_type_ajax_table table-hover vertical_centered inverted footable-paging-right ninja_table_search_disabled\">\n                <colgroup>\n                            <col class=\"ninja_column_0 \">\n                            <col class=\"ninja_column_1 \">\n                            <col class=\"ninja_column_2 \">\n                    <\/colgroup>\n            <\/table>\n                    <style type=\"text\/css\" id='ninja_table_custom_css_22247'>\n                        #footable_22247  {\n        font-family: sans-serif;\n        font-size: 14px;\n    }\n\n#footable_22247 td.ninja_column_0 { text-align: center; }#footable_22247 th.ninja_column_0 { text-align: center; }#footable_22247 td.ninja_column_1 { text-align: center; }#footable_22247 th.ninja_column_1 { text-align: center; }#footable_22247 td.ninja_column_2 { text-align: center; }#footable_22247 th.ninja_column_2 { text-align: center; }                <\/style>\n                \n    \n    \n<\/div>\n\n<div class=\"hidden\">415.1015<\/div>\n","protected":false},"excerpt":{"rendered":"<p>Lavadora para almohadillas y discos de lana. Gracias a la rotaci\u00f3n de la pulidora, las almohadillas y los discos de lana quedan perfectamente limpios de contaminantes en un abrir y cerrar de ojos. Ligeramente humedecidos, est\u00e1n listos para ser reutilizados innumerables veces para un pulido perfecto. Tambi\u00e9n es \u00fatil para reducir el sobrecalentamiento de las&#8230;<\/p>\n","protected":false},"featured_media":19776,"template":"","meta":[],"product_cat":[313,328,327],"product_tag":[],"acf":[],"_links":{"self":[{"href":"https:\/\/www.sistar.it\/es\/wp-json\/wp\/v2\/product\/22248"}],"collection":[{"href":"https:\/\/www.sistar.it\/es\/wp-json\/wp\/v2\/product"}],"about":[{"href":"https:\/\/www.sistar.it\/es\/wp-json\/wp\/v2\/types\/product"}],"wp:featuredmedia":[{"embeddable":true,"href":"https:\/\/www.sistar.it\/es\/wp-json\/wp\/v2\/media\/19776"}],"wp:attachment":[{"href":"https:\/\/www.sistar.it\/es\/wp-json\/wp\/v2\/media?parent=22248"}],"wp:term":[{"taxonomy":"product_cat","embeddable":true,"href":"https:\/\/www.sistar.it\/es\/wp-json\/wp\/v2\/product_cat?post=22248"},{"taxonomy":"product_tag","embeddable":true,"href":"https:\/\/www.sistar.it\/es\/wp-json\/wp\/v2\/product_tag?post=22248"}],"curies":[{"name":"wp","href":"https:\/\/api.w.org\/{rel}","templated":true}]}}