{"id":22198,"date":"2013-04-22T11:21:05","date_gmt":"2013-04-22T11:21:05","guid":{"rendered":"https:\/\/www.sistar.it\/prodotti\/star-soft\/"},"modified":"2024-04-12T09:00:47","modified_gmt":"2024-04-12T09:00:47","slug":"star-soft","status":"publish","type":"product","link":"https:\/\/www.sistar.it\/es\/prodotti\/star-soft\/","title":{"rendered":"Star-soft\u2122"},"content":{"rendered":"<p style=\"text-align: justify;\">Bayetas de algod\u00f3n para pulidos. Excelente suavidad, baja liberaci\u00f3n de fibras y alta capacidad de absorci\u00f3n.<\/p>\n<p style=\"text-align: justify;\">Resistente a disolventes y \u00e1cidos. Sin silicona y esterilizadas.<\/p>\n<div id=\"footable_parent_22196\"\n         class=\" footable_parent ninja_table_wrapper loading_ninja_table wp_table_data_press_parent bootstrap4 colored_table\">\n                <table data-ninja_table_instance=\"ninja_table_instance_0\" data-footable_id=\"22196\" data-filter-delay=\"1000\" aria-label=\"STAR-SOFT\u2122( INGLESE )\"            id=\"footable_22196\"\n           data-unique_identifier=\"ninja_table_unique_id_1650767529_22196\"\n           class=\" foo-table ninja_footable foo_table_22196 ninja_table_unique_id_1650767529_22196 table  white nt_type_ajax_table table-hover vertical_centered inverted footable-paging-right ninja_table_search_disabled\">\n                <colgroup>\n                            <col class=\"ninja_column_0 \">\n                            <col class=\"ninja_column_1 \">\n                            <col class=\"ninja_column_2 \">\n                            <col class=\"ninja_column_3 \">\n                    <\/colgroup>\n            <\/table>\n                    <style type=\"text\/css\" id='ninja_table_custom_css_22196'>\n                        #footable_22196  {\n        font-family: sans-serif;\n        font-size: 14px;\n    }\n\n#footable_22196 td.ninja_column_0 { text-align: center; }#footable_22196 th.ninja_column_0 { text-align: center; }#footable_22196 td.ninja_column_1 { text-align: center; }#footable_22196 th.ninja_column_1 { text-align: center; }#footable_22196 td.ninja_column_2 { text-align: center; }#footable_22196 th.ninja_column_2 { text-align: center; }#footable_22196 td.ninja_column_3 { text-align: center; }#footable_22196 th.ninja_column_3 { text-align: center; }                <\/style>\n                \n    \n    \n<\/div>\n\n<div class=\"hidden\">161.5010<\/div>\n","protected":false},"excerpt":{"rendered":"<p>Bayetas de algod\u00f3n para pulidos. Excelente suavidad, baja liberaci\u00f3n de fibras y alta capacidad de absorci\u00f3n. Resistente a disolventes y \u00e1cidos. Sin silicona y esterilizadas. 161.5010<\/p>\n","protected":false},"featured_media":19098,"template":"","meta":[],"product_cat":[330],"product_tag":[],"acf":[],"_links":{"self":[{"href":"https:\/\/www.sistar.it\/es\/wp-json\/wp\/v2\/product\/22198"}],"collection":[{"href":"https:\/\/www.sistar.it\/es\/wp-json\/wp\/v2\/product"}],"about":[{"href":"https:\/\/www.sistar.it\/es\/wp-json\/wp\/v2\/types\/product"}],"wp:featuredmedia":[{"embeddable":true,"href":"https:\/\/www.sistar.it\/es\/wp-json\/wp\/v2\/media\/19098"}],"wp:attachment":[{"href":"https:\/\/www.sistar.it\/es\/wp-json\/wp\/v2\/media?parent=22198"}],"wp:term":[{"taxonomy":"product_cat","embeddable":true,"href":"https:\/\/www.sistar.it\/es\/wp-json\/wp\/v2\/product_cat?post=22198"},{"taxonomy":"product_tag","embeddable":true,"href":"https:\/\/www.sistar.it\/es\/wp-json\/wp\/v2\/product_tag?post=22198"}],"curies":[{"name":"wp","href":"https:\/\/api.w.org\/{rel}","templated":true}]}}