{"id":22065,"date":"2013-05-24T09:48:58","date_gmt":"2013-05-24T09:48:58","guid":{"rendered":"https:\/\/www.sistar.it\/prodotti\/microfiber-cloths\/"},"modified":"2024-03-15T11:15:04","modified_gmt":"2024-03-15T11:15:04","slug":"panos-de-microfibra","status":"publish","type":"product","link":"https:\/\/www.sistar.it\/es\/prodotti\/panos-de-microfibra\/","title":{"rendered":"Pa\u00f1os de microfibra"},"content":{"rendered":"<p style=\"text-align: justify;\">Bayeta de microfibra azul para limpiar, pulir y eliminar rayas en la carrocer\u00eda del veh\u00edculo.<\/p>\n<p style=\"text-align: justify;\">Excelente poder de absorci\u00f3n, muy resistente y duradera tras varios lavados.<\/p>\n<div id=\"footable_parent_22061\"\n         class=\" footable_parent ninja_table_wrapper loading_ninja_table wp_table_data_press_parent bootstrap4 colored_table\">\n                <table data-ninja_table_instance=\"ninja_table_instance_0\" data-footable_id=\"22061\" data-filter-delay=\"1000\" aria-label=\"PANNI IN MICROFIBRA( INGLESE )\"            id=\"footable_22061\"\n           data-unique_identifier=\"ninja_table_unique_id_1464973758_22061\"\n           class=\" foo-table ninja_footable foo_table_22061 ninja_table_unique_id_1464973758_22061 table  white nt_type_ajax_table table-hover vertical_centered inverted footable-paging-right ninja_table_search_disabled\">\n                <colgroup>\n                            <col class=\"ninja_column_0 \">\n                            <col class=\"ninja_column_1 \">\n                            <col class=\"ninja_column_2 \">\n                            <col class=\"ninja_column_3 \">\n                    <\/colgroup>\n            <\/table>\n                    <style type=\"text\/css\" id='ninja_table_custom_css_22061'>\n                        #footable_22061  {\n        font-family: sans-serif;\n        font-size: 14px;\n    }\n\n#footable_22061 td.ninja_column_0 { text-align: center; }#footable_22061 th.ninja_column_0 { text-align: center; }#footable_22061 td.ninja_column_1 { text-align: center; }#footable_22061 th.ninja_column_1 { text-align: center; }#footable_22061 td.ninja_column_2 { text-align: center; }#footable_22061 th.ninja_column_2 { text-align: center; }#footable_22061 td.ninja_column_3 { text-align: center; }#footable_22061 th.ninja_column_3 { text-align: center; }                <\/style>\n                \n    \n    \n<\/div>\n\n<div class=\"hidden\">161.5574.B<\/div>\n","protected":false},"excerpt":{"rendered":"<p>Bayeta de microfibra azul para limpiar, pulir y eliminar rayas en la carrocer\u00eda del veh\u00edculo. Excelente poder de absorci\u00f3n, muy resistente y duradera tras varios lavados. 161.5574.B<\/p>\n","protected":false},"featured_media":19148,"template":"","meta":[],"product_cat":[330],"product_tag":[],"acf":[],"_links":{"self":[{"href":"https:\/\/www.sistar.it\/es\/wp-json\/wp\/v2\/product\/22065"}],"collection":[{"href":"https:\/\/www.sistar.it\/es\/wp-json\/wp\/v2\/product"}],"about":[{"href":"https:\/\/www.sistar.it\/es\/wp-json\/wp\/v2\/types\/product"}],"wp:featuredmedia":[{"embeddable":true,"href":"https:\/\/www.sistar.it\/es\/wp-json\/wp\/v2\/media\/19148"}],"wp:attachment":[{"href":"https:\/\/www.sistar.it\/es\/wp-json\/wp\/v2\/media?parent=22065"}],"wp:term":[{"taxonomy":"product_cat","embeddable":true,"href":"https:\/\/www.sistar.it\/es\/wp-json\/wp\/v2\/product_cat?post=22065"},{"taxonomy":"product_tag","embeddable":true,"href":"https:\/\/www.sistar.it\/es\/wp-json\/wp\/v2\/product_tag?post=22065"}],"curies":[{"name":"wp","href":"https:\/\/api.w.org\/{rel}","templated":true}]}}