{"id":22010,"date":"2013-06-27T12:04:39","date_gmt":"2013-06-27T12:04:39","guid":{"rendered":"https:\/\/www.sistar.it\/prodotti\/floor-dispenser\/"},"modified":"2024-03-15T09:35:51","modified_gmt":"2024-03-15T09:35:51","slug":"soporte-para-rollo-de-piso","status":"publish","type":"product","link":"https:\/\/www.sistar.it\/es\/prodotti\/soporte-para-rollo-de-piso\/","title":{"rendered":"Soporte para rollo de piso"},"content":{"rendered":"<p>Soporte de suelo met\u00e1lico para rollos de papel o de tejido no tejido con di\u00e1metro m\u00e1ximo 58 cm, ancho m\u00e1ximo 35 cm.<\/p>\n<div id=\"footable_parent_22009\"\n         class=\" footable_parent ninja_table_wrapper loading_ninja_table wp_table_data_press_parent bootstrap4 colored_table\">\n                <table data-ninja_table_instance=\"ninja_table_instance_0\" data-footable_id=\"22009\" data-filter-delay=\"1000\" aria-label=\"Portarotolo Da Pavimento( INGLESE )\"            id=\"footable_22009\"\n           data-unique_identifier=\"ninja_table_unique_id_1279316756_22009\"\n           class=\" foo-table ninja_footable foo_table_22009 ninja_table_unique_id_1279316756_22009 table  white nt_type_ajax_table table-hover vertical_centered inverted footable-paging-right ninja_table_search_disabled\">\n                <colgroup>\n                            <col class=\"ninja_column_0 \">\n                            <col class=\"ninja_column_1 \">\n                            <col class=\"ninja_column_2 \">\n                    <\/colgroup>\n            <\/table>\n                    <style type=\"text\/css\" id='ninja_table_custom_css_22009'>\n                        #footable_22009  {\n        font-family: sans-serif;\n        font-size: 14px;\n    }\n\n#footable_22009 td.ninja_column_0 { text-align: center; }#footable_22009 th.ninja_column_0 { text-align: center; }#footable_22009 td.ninja_column_1 { text-align: center; }#footable_22009 th.ninja_column_1 { text-align: center; }#footable_22009 td.ninja_column_2 { text-align: center; }#footable_22009 th.ninja_column_2 { text-align: center; }                <\/style>\n                \n    \n    \n<\/div>\n\n<div class=\"hidden\">576.8920<\/div>\n","protected":false},"excerpt":{"rendered":"<p>Soporte de suelo met\u00e1lico para rollos de papel o de tejido no tejido con di\u00e1metro m\u00e1ximo 58 cm, ancho m\u00e1ximo 35 cm. 576.8920<\/p>\n","protected":false},"featured_media":19087,"template":"","meta":[],"product_cat":[330,334],"product_tag":[],"acf":[],"_links":{"self":[{"href":"https:\/\/www.sistar.it\/es\/wp-json\/wp\/v2\/product\/22010"}],"collection":[{"href":"https:\/\/www.sistar.it\/es\/wp-json\/wp\/v2\/product"}],"about":[{"href":"https:\/\/www.sistar.it\/es\/wp-json\/wp\/v2\/types\/product"}],"wp:featuredmedia":[{"embeddable":true,"href":"https:\/\/www.sistar.it\/es\/wp-json\/wp\/v2\/media\/19087"}],"wp:attachment":[{"href":"https:\/\/www.sistar.it\/es\/wp-json\/wp\/v2\/media?parent=22010"}],"wp:term":[{"taxonomy":"product_cat","embeddable":true,"href":"https:\/\/www.sistar.it\/es\/wp-json\/wp\/v2\/product_cat?post=22010"},{"taxonomy":"product_tag","embeddable":true,"href":"https:\/\/www.sistar.it\/es\/wp-json\/wp\/v2\/product_tag?post=22010"}],"curies":[{"name":"wp","href":"https:\/\/api.w.org\/{rel}","templated":true}]}}