{"id":21997,"date":"2013-04-16T11:05:09","date_gmt":"2013-04-16T11:05:09","guid":{"rendered":"https:\/\/www.sistar.it\/prodotti\/manual-backing-pad-35-mm\/"},"modified":"2024-06-06T10:11:29","modified_gmt":"2024-06-06T10:11:29","slug":"taco-manual-35-mm","status":"publish","type":"product","link":"https:\/\/www.sistar.it\/es\/prodotti\/taco-manual-35-mm\/","title":{"rendered":"Taco manual \u00f8 35 mm"},"content":{"rendered":"<p style=\"text-align: justify;\">Taco de lijado manual, ideal para minidiscos de lija.<\/p>\n<p style=\"text-align: justify;\">Incorpora un lado r\u00edgido y otro semirr\u00edgido con soporte de goma, adem\u00e1s de una interfaz soft\/blanda para obtener diferentes durezas en cada proceso de trabajo.<\/p>\n<div id=\"footable_parent_21993\"\n         class=\" footable_parent ninja_table_wrapper loading_ninja_table wp_table_data_press_parent bootstrap4 \">\n                <table data-ninja_table_instance=\"ninja_table_instance_0\" data-footable_id=\"21993\" data-filter-delay=\"1000\" aria-label=\"Tampone manuale \u00d8 35 mm( INGLESE )\"            id=\"footable_21993\"\n           data-unique_identifier=\"ninja_table_unique_id_1146471765_21993\"\n           class=\" foo-table ninja_footable foo_table_21993 ninja_table_unique_id_1146471765_21993 table  nt_type_ajax_table table-bordered table-hover table-sm vertical_centered  footable-paging-right ninja_table_search_disabled\">\n                <colgroup>\n                            <col class=\"ninja_column_0 \">\n                            <col class=\"ninja_column_1 \">\n                            <col class=\"ninja_column_2 \">\n                            <col class=\"ninja_column_3 \">\n                    <\/colgroup>\n            <\/table>\n                    <style type=\"text\/css\" id='ninja_table_custom_css_21993'>\n                        #footable_21993  {\n        font-family: sans-serif;\n        font-size: 14px;\n    }\n\n#footable_21993 td.ninja_column_0 { text-align: center; }#footable_21993 th.ninja_column_0 { text-align: center; }#footable_21993 td.ninja_column_1 { text-align: center; }#footable_21993 th.ninja_column_1 { text-align: center; }#footable_21993 td.ninja_column_2 { text-align: center; }#footable_21993 th.ninja_column_2 { text-align: center; }#footable_21993 td.ninja_column_3 { text-align: center; }#footable_21993 th.ninja_column_3 { text-align: center; }                <\/style>\n                \n    \n    \n<\/div>\n\n<p>&nbsp;<\/p>\n<p>&nbsp;<\/p>\n<div class=\"hidden\">171.0530,171.0532<\/div>\n","protected":false},"excerpt":{"rendered":"<p>Taco de lijado manual, ideal para minidiscos de lija. Incorpora un lado r\u00edgido y otro semirr\u00edgido con soporte de goma, adem\u00e1s de una interfaz soft\/blanda para obtener diferentes durezas en cada proceso de trabajo. &nbsp; &nbsp; 171.0530,171.0532<\/p>\n","protected":false},"featured_media":25680,"template":"","meta":[],"product_cat":[292],"product_tag":[],"acf":[],"_links":{"self":[{"href":"https:\/\/www.sistar.it\/es\/wp-json\/wp\/v2\/product\/21997"}],"collection":[{"href":"https:\/\/www.sistar.it\/es\/wp-json\/wp\/v2\/product"}],"about":[{"href":"https:\/\/www.sistar.it\/es\/wp-json\/wp\/v2\/types\/product"}],"wp:featuredmedia":[{"embeddable":true,"href":"https:\/\/www.sistar.it\/es\/wp-json\/wp\/v2\/media\/25680"}],"wp:attachment":[{"href":"https:\/\/www.sistar.it\/es\/wp-json\/wp\/v2\/media?parent=21997"}],"wp:term":[{"taxonomy":"product_cat","embeddable":true,"href":"https:\/\/www.sistar.it\/es\/wp-json\/wp\/v2\/product_cat?post=21997"},{"taxonomy":"product_tag","embeddable":true,"href":"https:\/\/www.sistar.it\/es\/wp-json\/wp\/v2\/product_tag?post=21997"}],"curies":[{"name":"wp","href":"https:\/\/api.w.org\/{rel}","templated":true}]}}