{"id":21975,"date":"2024-02-27T14:15:45","date_gmt":"2024-02-27T14:15:45","guid":{"rendered":"https:\/\/www.sistar.it\/prodotti\/shine-sponge\/"},"modified":"2026-04-07T10:17:56","modified_gmt":"2026-04-07T10:17:56","slug":"shine-sponge","status":"publish","type":"product","link":"https:\/\/www.sistar.it\/es\/prodotti\/shine-sponge\/","title":{"rendered":"Shine sponge"},"content":{"rendered":"<p>Shine Sponge, esponja blanca para la limpieza de interiores de veh\u00edculos.<\/p>\n<p>Utilizado en combinaci\u00f3n con Simply Clean, puede eliminar la mayor\u00eda de las manchas y disolver la grasa del cuero, la imitaci\u00f3n de cuero y las piezas interiores de pl\u00e1stico.<\/p>\n<p>No utilizar en tejidos.<\/p>\n<div id=\"footable_parent_21974\"\n         class=\" footable_parent ninja_table_wrapper loading_ninja_table wp_table_data_press_parent bootstrap4 colored_table\">\n                <table data-ninja_table_instance=\"ninja_table_instance_0\" data-footable_id=\"21974\" data-filter-delay=\"1000\" aria-label=\"SHINE SPONGE( INGLESE )\"            id=\"footable_21974\"\n           data-unique_identifier=\"ninja_table_unique_id_988847618_21974\"\n           class=\" foo-table ninja_footable foo_table_21974 ninja_table_unique_id_988847618_21974 table  white nt_type_ajax_table table-hover vertical_centered inverted footable-paging-right ninja_table_search_disabled\">\n                <colgroup>\n                            <col class=\"ninja_column_0 \">\n                            <col class=\"ninja_column_1 \">\n                            <col class=\"ninja_column_2 \">\n                    <\/colgroup>\n            <\/table>\n                    <style type=\"text\/css\" id='ninja_table_custom_css_21974'>\n                        #footable_21974  {\n        font-family: sans-serif;\n        font-size: 14px;\n    }\n\n#footable_21974 td.ninja_column_0 { text-align: center; }#footable_21974 th.ninja_column_0 { text-align: center; }#footable_21974 td.ninja_column_1 { text-align: center; }#footable_21974 th.ninja_column_1 { text-align: center; }#footable_21974 td.ninja_column_2 { text-align: center; }#footable_21974 th.ninja_column_2 { text-align: center; }                <\/style>\n                \n    \n    \n<\/div>\n\n<div class=\"hidden\">166.0250<\/div>\n<div class=\"hidden\">car detailing<\/div>\n","protected":false},"excerpt":{"rendered":"<p>Shine Sponge, esponja blanca para la limpieza de interiores de veh\u00edculos. Utilizado en combinaci\u00f3n con Simply Clean, puede eliminar la mayor\u00eda de las manchas y disolver la grasa del cuero, la imitaci\u00f3n de cuero y las piezas interiores de pl\u00e1stico. No utilizar en tejidos. 166.0250 car detailing<\/p>\n","protected":false},"featured_media":19045,"template":"","meta":[],"product_cat":[330,328],"product_tag":[],"acf":[],"_links":{"self":[{"href":"https:\/\/www.sistar.it\/es\/wp-json\/wp\/v2\/product\/21975"}],"collection":[{"href":"https:\/\/www.sistar.it\/es\/wp-json\/wp\/v2\/product"}],"about":[{"href":"https:\/\/www.sistar.it\/es\/wp-json\/wp\/v2\/types\/product"}],"wp:featuredmedia":[{"embeddable":true,"href":"https:\/\/www.sistar.it\/es\/wp-json\/wp\/v2\/media\/19045"}],"wp:attachment":[{"href":"https:\/\/www.sistar.it\/es\/wp-json\/wp\/v2\/media?parent=21975"}],"wp:term":[{"taxonomy":"product_cat","embeddable":true,"href":"https:\/\/www.sistar.it\/es\/wp-json\/wp\/v2\/product_cat?post=21975"},{"taxonomy":"product_tag","embeddable":true,"href":"https:\/\/www.sistar.it\/es\/wp-json\/wp\/v2\/product_tag?post=21975"}],"curies":[{"name":"wp","href":"https:\/\/api.w.org\/{rel}","templated":true}]}}