{"id":21936,"date":"2013-04-16T11:06:34","date_gmt":"2013-04-16T11:06:34","guid":{"rendered":"https:\/\/www.sistar.it\/prodotti\/manual-backing-pad-4\/"},"modified":"2024-06-06T09:42:52","modified_gmt":"2024-06-06T09:42:52","slug":"tampon-manual-adaptable","status":"publish","type":"product","link":"https:\/\/www.sistar.it\/es\/prodotti\/tampon-manual-adaptable\/","title":{"rendered":"Tamp\u00f3n manual adaptable"},"content":{"rendered":"<p style=\"text-align: justify;\">Tamp\u00f3n manual de lijado, sin aspiraci\u00f3n.<\/p>\n<p style=\"text-align: justify;\">Con la placa r\u00edgida y la interfaz soft, se puede componer un tamp\u00f3n con diferentes durezas para cada requisito de lijado.<\/p>\n<p><strong>Caracter\u00edsticas:<\/strong><\/p>\n<ul>\n<li>Tama\u00f1o: 70x125mm<\/li>\n<li style=\"text-align: justify;\">Conexi\u00f3n: GRIP<\/li>\n<\/ul>\n<p>&nbsp;<\/p>\n<div id=\"footable_parent_21934\"\n         class=\" footable_parent ninja_table_wrapper loading_ninja_table wp_table_data_press_parent bootstrap4 \">\n                <table data-ninja_table_instance=\"ninja_table_instance_0\" data-footable_id=\"21934\" data-filter-delay=\"1000\" aria-label=\"Tampone Manuale Componibile( INGLESE )\"            id=\"footable_21934\"\n           data-unique_identifier=\"ninja_table_unique_id_1775902732_21934\"\n           class=\" foo-table ninja_footable foo_table_21934 ninja_table_unique_id_1775902732_21934 table  nt_type_ajax_table table-bordered table-hover table-sm vertical_centered  footable-paging-right ninja_table_search_disabled\">\n                <colgroup>\n                            <col class=\"ninja_column_0 \">\n                            <col class=\"ninja_column_1 \">\n                            <col class=\"ninja_column_2 \">\n                    <\/colgroup>\n            <\/table>\n                    <style type=\"text\/css\" id='ninja_table_custom_css_21934'>\n                        #footable_21934  {\n        font-family: sans-serif;\n        font-size: 14px;\n    }\n\n#footable_21934 td.ninja_column_0 { text-align: center; }#footable_21934 th.ninja_column_0 { text-align: center; }#footable_21934 td.ninja_column_1 { text-align: center; }#footable_21934 th.ninja_column_1 { text-align: center; }#footable_21934 td.ninja_column_2 { text-align: center; }#footable_21934 th.ninja_column_2 { text-align: center; }                <\/style>\n                \n    \n    \n<\/div>\n\n<p>&nbsp;<\/p>\n<div class=\"hidden\">171.0540,171.0541<\/div>\n","protected":false},"excerpt":{"rendered":"<p>Tamp\u00f3n manual de lijado, sin aspiraci\u00f3n. Con la placa r\u00edgida y la interfaz soft, se puede componer un tamp\u00f3n con diferentes durezas para cada requisito de lijado. Caracter\u00edsticas: Tama\u00f1o: 70x125mm Conexi\u00f3n: GRIP &nbsp; &nbsp; 171.0540,171.0541<\/p>\n","protected":false},"featured_media":17322,"template":"","meta":[],"product_cat":[292],"product_tag":[],"acf":[],"_links":{"self":[{"href":"https:\/\/www.sistar.it\/es\/wp-json\/wp\/v2\/product\/21936"}],"collection":[{"href":"https:\/\/www.sistar.it\/es\/wp-json\/wp\/v2\/product"}],"about":[{"href":"https:\/\/www.sistar.it\/es\/wp-json\/wp\/v2\/types\/product"}],"wp:featuredmedia":[{"embeddable":true,"href":"https:\/\/www.sistar.it\/es\/wp-json\/wp\/v2\/media\/17322"}],"wp:attachment":[{"href":"https:\/\/www.sistar.it\/es\/wp-json\/wp\/v2\/media?parent=21936"}],"wp:term":[{"taxonomy":"product_cat","embeddable":true,"href":"https:\/\/www.sistar.it\/es\/wp-json\/wp\/v2\/product_cat?post=21936"},{"taxonomy":"product_tag","embeddable":true,"href":"https:\/\/www.sistar.it\/es\/wp-json\/wp\/v2\/product_tag?post=21936"}],"curies":[{"name":"wp","href":"https:\/\/api.w.org\/{rel}","templated":true}]}}