{"id":21923,"date":"2013-04-16T11:08:01","date_gmt":"2013-04-16T11:08:01","guid":{"rendered":"https:\/\/www.sistar.it\/prodotti\/manual-backing-pad-3\/"},"modified":"2024-06-05T13:57:32","modified_gmt":"2024-06-05T13:57:32","slug":"garlopas-manuales","status":"publish","type":"product","link":"https:\/\/www.sistar.it\/es\/prodotti\/garlopas-manuales\/","title":{"rendered":"Garlopas manuales"},"content":{"rendered":"<p style=\"text-align: justify;\">Garlopas para lijado manual sobre superficies planas con aspiraci\u00f3n.<\/p>\n<p style=\"text-align: justify;\">Incluye conexiones de \u00d8 21 y 29 mm.<\/p>\n<p><strong>Caracter\u00edsticas:<\/strong><\/p>\n<ul>\n<li><strong>Blandura:<\/strong> HARD<\/li>\n<li><strong>Conexi\u00f3n:<\/strong> GRIP<\/li>\n<\/ul>\n<p>&nbsp;<\/p>\n<p style=\"text-align: justify;\"><div id=\"footable_parent_21919\"\n         class=\" footable_parent ninja_table_wrapper loading_ninja_table wp_table_data_press_parent bootstrap4 \">\n                <table data-ninja_table_instance=\"ninja_table_instance_0\" data-footable_id=\"21919\" data-filter-delay=\"1000\" aria-label=\"Tamponi manuali( INGLESE )\"            id=\"footable_21919\"\n           data-unique_identifier=\"ninja_table_unique_id_704755221_21919\"\n           class=\" foo-table ninja_footable foo_table_21919 ninja_table_unique_id_704755221_21919 table  nt_type_ajax_table table-bordered table-hover table-sm vertical_centered  footable-paging-right ninja_table_search_disabled\">\n                <colgroup>\n                            <col class=\"ninja_column_0 \">\n                            <col class=\"ninja_column_1 \">\n                            <col class=\"ninja_column_2 \">\n                            <col class=\"ninja_column_3 \">\n                    <\/colgroup>\n            <\/table>\n                    <style type=\"text\/css\" id='ninja_table_custom_css_21919'>\n                        #footable_21919  {\n        font-family: sans-serif;\n        font-size: 14px;\n    }\n\n#footable_21919 td.ninja_column_0 { text-align: center; }#footable_21919 th.ninja_column_0 { text-align: center; }#footable_21919 td.ninja_column_1 { text-align: center; }#footable_21919 th.ninja_column_1 { text-align: center; }#footable_21919 td.ninja_column_2 { text-align: center; }#footable_21919 th.ninja_column_2 { text-align: center; }#footable_21919 td.ninja_column_3 { text-align: center; }#footable_21919 th.ninja_column_3 { text-align: center; }                <\/style>\n                \n    \n    \n<\/div>\n<\/p>\n<p>&nbsp;<\/p>\n<div class=\"hidden\">171.0200, 171.0201, 171.0202, 171.0205<\/div>\n","protected":false},"excerpt":{"rendered":"<p>Garlopas para lijado manual sobre superficies planas con aspiraci\u00f3n. Incluye conexiones de \u00d8 21 y 29 mm. Caracter\u00edsticas: Blandura: HARD Conexi\u00f3n: GRIP &nbsp; &nbsp; 171.0200, 171.0201, 171.0202, 171.0205<\/p>\n","protected":false},"featured_media":17320,"template":"","meta":[],"product_cat":[292],"product_tag":[],"acf":[],"_links":{"self":[{"href":"https:\/\/www.sistar.it\/es\/wp-json\/wp\/v2\/product\/21923"}],"collection":[{"href":"https:\/\/www.sistar.it\/es\/wp-json\/wp\/v2\/product"}],"about":[{"href":"https:\/\/www.sistar.it\/es\/wp-json\/wp\/v2\/types\/product"}],"wp:featuredmedia":[{"embeddable":true,"href":"https:\/\/www.sistar.it\/es\/wp-json\/wp\/v2\/media\/17320"}],"wp:attachment":[{"href":"https:\/\/www.sistar.it\/es\/wp-json\/wp\/v2\/media?parent=21923"}],"wp:term":[{"taxonomy":"product_cat","embeddable":true,"href":"https:\/\/www.sistar.it\/es\/wp-json\/wp\/v2\/product_cat?post=21923"},{"taxonomy":"product_tag","embeddable":true,"href":"https:\/\/www.sistar.it\/es\/wp-json\/wp\/v2\/product_tag?post=21923"}],"curies":[{"name":"wp","href":"https:\/\/api.w.org\/{rel}","templated":true}]}}