{"id":21913,"date":"2024-02-28T09:07:20","date_gmt":"2024-02-28T09:07:20","guid":{"rendered":"https:\/\/www.sistar.it\/prodotti\/conical-foam-pad\/"},"modified":"2024-03-14T16:25:51","modified_gmt":"2024-03-14T16:25:51","slug":"tampon-tronco-conico","status":"publish","type":"product","link":"https:\/\/www.sistar.it\/es\/prodotti\/tampon-tronco-conico\/","title":{"rendered":"Tamp\u00f3n tronco-conico"},"content":{"rendered":"<p>Tamp\u00f3n de pulido tronco-c\u00f3nico en resina expandida de celda abierta, dise\u00f1ado para usar con las pulidoras orbitales como la Dual Action Polisher de Riwax.<\/p>\n<p style=\"text-align: center;\"><strong>ESPONJA PARA PULIR DE RESINA EXPANDIDA TRONCO-C\u00d3NICA AMARILLO MEDIA &#8211; CONEXI\u00d3N GRIP <\/strong><\/p>\n<div id=\"footable_parent_21910\"\n         class=\" footable_parent ninja_table_wrapper loading_ninja_table wp_table_data_press_parent bootstrap4 colored_table\">\n                <table data-ninja_table_instance=\"ninja_table_instance_0\" data-footable_id=\"21910\" data-filter-delay=\"1000\" aria-label=\"TAMPONE TRONCO-CONICO( INGLESE )\"            id=\"footable_21910\"\n           data-unique_identifier=\"ninja_table_unique_id_19554387_21910\"\n           class=\" foo-table ninja_footable foo_table_21910 ninja_table_unique_id_19554387_21910 table  white nt_type_ajax_table table-hover vertical_centered inverted footable-paging-right ninja_table_search_disabled\">\n                <colgroup>\n                            <col class=\"ninja_column_0 \">\n                            <col class=\"ninja_column_1 \">\n                            <col class=\"ninja_column_2 \">\n                    <\/colgroup>\n            <\/table>\n                    <style type=\"text\/css\" id='ninja_table_custom_css_21910'>\n                        #footable_21910  {\n        font-family: sans-serif;\n        font-size: 14px;\n    }\n\n#footable_21910 td.ninja_column_0 { text-align: center; }#footable_21910 th.ninja_column_0 { text-align: center; }#footable_21910 td.ninja_column_1 { text-align: center; }#footable_21910 th.ninja_column_1 { text-align: center; }#footable_21910 td.ninja_column_2 { text-align: center; }#footable_21910 th.ninja_column_2 { text-align: center; }                <\/style>\n                \n    \n    \n<\/div>\n\n<p>&nbsp;<\/p>\n<p style=\"text-align: center;\"><strong>ESPONJA PARA PULIR DE RESINA EXPANDIDA TRONCO-C\u00d3NICA AZUL SOFT &#8211; CONEXI\u00d3N GRIP<\/strong><\/p>\n<div id=\"footable_parent_21911\"\n         class=\" footable_parent ninja_table_wrapper loading_ninja_table wp_table_data_press_parent bootstrap4 colored_table\">\n                <table data-ninja_table_instance=\"ninja_table_instance_1\" data-footable_id=\"21911\" data-filter-delay=\"1000\" aria-label=\"TAMPONE TRONCO-CONICO( INGLESE )\"            id=\"footable_21911\"\n           data-unique_identifier=\"ninja_table_unique_id_1543216836_21911\"\n           class=\" foo-table ninja_footable foo_table_21911 ninja_table_unique_id_1543216836_21911 table  white nt_type_ajax_table table-hover vertical_centered inverted footable-paging-right ninja_table_search_disabled\">\n                <colgroup>\n                            <col class=\"ninja_column_0 \">\n                            <col class=\"ninja_column_1 \">\n                            <col class=\"ninja_column_2 \">\n                    <\/colgroup>\n            <\/table>\n                    <style type=\"text\/css\" id='ninja_table_custom_css_21910'>\n                        #footable_21910  {\n        font-family: sans-serif;\n        font-size: 14px;\n    }\n\n#footable_21910 td.ninja_column_0 { text-align: center; }#footable_21910 th.ninja_column_0 { text-align: center; }#footable_21910 td.ninja_column_1 { text-align: center; }#footable_21910 th.ninja_column_1 { text-align: center; }#footable_21910 td.ninja_column_2 { text-align: center; }#footable_21910 th.ninja_column_2 { text-align: center; }                <\/style>\n                                <style type=\"text\/css\" id='ninja_table_custom_css_21911'>\n                        #footable_21911  {\n        font-family: sans-serif;\n        font-size: 14px;\n    }\n\n#footable_21911 td.ninja_column_0 { text-align: center; }#footable_21911 th.ninja_column_0 { text-align: center; }#footable_21911 td.ninja_column_1 { text-align: center; }#footable_21911 th.ninja_column_1 { text-align: center; }#footable_21911 td.ninja_column_2 { text-align: center; }#footable_21911 th.ninja_column_2 { text-align: center; }                <\/style>\n                \n    \n    \n<\/div>\n\n<p>&nbsp;<\/p>\n<div class=\"hidden\">162.0170, 162.0171, 162.0172, 162.0173, 162.0174, 162.0180, 162.0181, 162.0182, 162.0183, 162.0184<\/div>\n","protected":false},"excerpt":{"rendered":"<p>Tamp\u00f3n de pulido tronco-c\u00f3nico en resina expandida de celda abierta, dise\u00f1ado para usar con las pulidoras orbitales como la Dual Action Polisher de Riwax. ESPONJA PARA PULIR DE RESINA EXPANDIDA TRONCO-C\u00d3NICA AMARILLO MEDIA &#8211; CONEXI\u00d3N GRIP &nbsp; ESPONJA PARA PULIR DE RESINA EXPANDIDA TRONCO-C\u00d3NICA AZUL SOFT &#8211; CONEXI\u00d3N GRIP &nbsp; 162.0170, 162.0171, 162.0172, 162.0173, 162.0174,&#8230;<\/p>\n","protected":false},"featured_media":19214,"template":"","meta":[],"product_cat":[330],"product_tag":[],"acf":[],"_links":{"self":[{"href":"https:\/\/www.sistar.it\/es\/wp-json\/wp\/v2\/product\/21913"}],"collection":[{"href":"https:\/\/www.sistar.it\/es\/wp-json\/wp\/v2\/product"}],"about":[{"href":"https:\/\/www.sistar.it\/es\/wp-json\/wp\/v2\/types\/product"}],"wp:featuredmedia":[{"embeddable":true,"href":"https:\/\/www.sistar.it\/es\/wp-json\/wp\/v2\/media\/19214"}],"wp:attachment":[{"href":"https:\/\/www.sistar.it\/es\/wp-json\/wp\/v2\/media?parent=21913"}],"wp:term":[{"taxonomy":"product_cat","embeddable":true,"href":"https:\/\/www.sistar.it\/es\/wp-json\/wp\/v2\/product_cat?post=21913"},{"taxonomy":"product_tag","embeddable":true,"href":"https:\/\/www.sistar.it\/es\/wp-json\/wp\/v2\/product_tag?post=21913"}],"curies":[{"name":"wp","href":"https:\/\/api.w.org\/{rel}","templated":true}]}}