{"id":21906,"date":"2024-02-28T10:08:35","date_gmt":"2024-02-28T10:08:35","guid":{"rendered":"https:\/\/www.sistar.it\/prodotti\/violet-wool-disc-with-interface\/"},"modified":"2024-06-10T12:25:31","modified_gmt":"2024-06-10T12:25:31","slug":"disco-de-lana-purpura-con-interfaz","status":"publish","type":"product","link":"https:\/\/www.sistar.it\/es\/prodotti\/disco-de-lana-purpura-con-interfaz\/","title":{"rendered":"Disco de lana p\u00farpura con interfaz"},"content":{"rendered":"<p>Disco de lana con interfaz de espuma integrada. Conexi\u00f3n fuerte y segura de alta calidad.<\/p>\n<p>Se puede utilizar tanto con la pulidora rotativa (c\u00f3digo 785.5715) como con la pulidora orbital Dual Action Polisher (c\u00f3digo 785.5713).<\/p>\n<p>La calidad del disco permite una larga vida; se puede lavar y reutilizar muchas veces.<\/p>\n<p>&nbsp;<\/p>\n<div id=\"footable_parent_21905\"\n         class=\" footable_parent ninja_table_wrapper loading_ninja_table wp_table_data_press_parent bootstrap4 colored_table\">\n                <table data-ninja_table_instance=\"ninja_table_instance_0\" data-footable_id=\"21905\" data-filter-delay=\"1000\" aria-label=\"DISCO DI LANA VIOLA CON INTERFACCIA( INGLESE )\"            id=\"footable_21905\"\n           data-unique_identifier=\"ninja_table_unique_id_1448201309_21905\"\n           class=\" foo-table ninja_footable foo_table_21905 ninja_table_unique_id_1448201309_21905 table  white nt_type_ajax_table table-hover vertical_centered inverted footable-paging-right ninja_table_search_disabled\">\n                <colgroup>\n                            <col class=\"ninja_column_0 \">\n                            <col class=\"ninja_column_1 \">\n                            <col class=\"ninja_column_2 \">\n                    <\/colgroup>\n            <\/table>\n                    <style type=\"text\/css\" id='ninja_table_custom_css_21905'>\n                        #footable_21905  {\n        font-family: sans-serif;\n        font-size: 14px;\n    }\n\n#footable_21905 td.ninja_column_0 { text-align: center; }#footable_21905 th.ninja_column_0 { text-align: center; }#footable_21905 td.ninja_column_1 { text-align: center; }#footable_21905 th.ninja_column_1 { text-align: center; }#footable_21905 td.ninja_column_2 { text-align: center; }#footable_21905 th.ninja_column_2 { text-align: center; }                <\/style>\n                \n    \n    \n<\/div>\n\n<div class=\"hidden\">162.0215, 162.0216, 162.0217<\/div>\n","protected":false},"excerpt":{"rendered":"<p>Disco de lana con interfaz de espuma integrada. Conexi\u00f3n fuerte y segura de alta calidad. Se puede utilizar tanto con la pulidora rotativa (c\u00f3digo 785.5715) como con la pulidora orbital Dual Action Polisher (c\u00f3digo 785.5713). La calidad del disco permite una larga vida; se puede lavar y reutilizar muchas veces. &nbsp; 162.0215, 162.0216, 162.0217<\/p>\n","protected":false},"featured_media":19258,"template":"","meta":[],"product_cat":[330],"product_tag":[],"acf":[],"_links":{"self":[{"href":"https:\/\/www.sistar.it\/es\/wp-json\/wp\/v2\/product\/21906"}],"collection":[{"href":"https:\/\/www.sistar.it\/es\/wp-json\/wp\/v2\/product"}],"about":[{"href":"https:\/\/www.sistar.it\/es\/wp-json\/wp\/v2\/types\/product"}],"wp:featuredmedia":[{"embeddable":true,"href":"https:\/\/www.sistar.it\/es\/wp-json\/wp\/v2\/media\/19258"}],"wp:attachment":[{"href":"https:\/\/www.sistar.it\/es\/wp-json\/wp\/v2\/media?parent=21906"}],"wp:term":[{"taxonomy":"product_cat","embeddable":true,"href":"https:\/\/www.sistar.it\/es\/wp-json\/wp\/v2\/product_cat?post=21906"},{"taxonomy":"product_tag","embeddable":true,"href":"https:\/\/www.sistar.it\/es\/wp-json\/wp\/v2\/product_tag?post=21906"}],"curies":[{"name":"wp","href":"https:\/\/api.w.org\/{rel}","templated":true}]}}