{"id":21891,"date":"2024-02-28T13:14:22","date_gmt":"2024-02-28T13:14:22","guid":{"rendered":"https:\/\/www.sistar.it\/prodotti\/tyre-brush\/"},"modified":"2026-04-07T10:07:34","modified_gmt":"2026-04-07T10:07:34","slug":"cepillo-para-neumaticos","status":"publish","type":"product","link":"https:\/\/www.sistar.it\/es\/prodotti\/cepillo-para-neumaticos\/","title":{"rendered":"Cepillo para neum\u00e1ticos"},"content":{"rendered":"<p>Cepillo limpiador de neum\u00e1ticos.<br \/>\nDise\u00f1ado con cerdas resistentes a productos qu\u00edmicos para una mayor durabilidad.<\/p>\n<div id=\"footable_parent_21890\"\n         class=\" footable_parent ninja_table_wrapper loading_ninja_table wp_table_data_press_parent bootstrap4 colored_table\">\n                <table data-ninja_table_instance=\"ninja_table_instance_0\" data-footable_id=\"21890\" data-filter-delay=\"1000\" aria-label=\"SPAZZOLA PER PNEUMATICI( INGLESE )\"            id=\"footable_21890\"\n           data-unique_identifier=\"ninja_table_unique_id_2004001381_21890\"\n           class=\" foo-table ninja_footable foo_table_21890 ninja_table_unique_id_2004001381_21890 table  white nt_type_ajax_table table-hover vertical_centered inverted footable-paging-right ninja_table_search_disabled\">\n                <colgroup>\n                            <col class=\"ninja_column_0 \">\n                            <col class=\"ninja_column_1 \">\n                            <col class=\"ninja_column_2 \">\n                    <\/colgroup>\n            <\/table>\n                    <style type=\"text\/css\" id='ninja_table_custom_css_21890'>\n                        #footable_21890  {\n        font-family: sans-serif;\n        font-size: 14px;\n    }\n\n#footable_21890 td.ninja_column_0 { text-align: center; }#footable_21890 th.ninja_column_0 { text-align: center; }#footable_21890 td.ninja_column_1 { text-align: center; }#footable_21890 th.ninja_column_1 { text-align: center; }#footable_21890 td.ninja_column_2 { text-align: center; }#footable_21890 th.ninja_column_2 { text-align: center; }                <\/style>\n                \n    \n    \n<\/div>\n\n<div class=\"hidden\">166.0202<\/div>\n<div class=\"hidden\">car detailing<\/div>\n","protected":false},"excerpt":{"rendered":"<p>Cepillo limpiador de neum\u00e1ticos. Dise\u00f1ado con cerdas resistentes a productos qu\u00edmicos para una mayor durabilidad. 166.0202 car detailing<\/p>\n","protected":false},"featured_media":19311,"template":"","meta":[],"product_cat":[330],"product_tag":[],"acf":[],"_links":{"self":[{"href":"https:\/\/www.sistar.it\/es\/wp-json\/wp\/v2\/product\/21891"}],"collection":[{"href":"https:\/\/www.sistar.it\/es\/wp-json\/wp\/v2\/product"}],"about":[{"href":"https:\/\/www.sistar.it\/es\/wp-json\/wp\/v2\/types\/product"}],"wp:featuredmedia":[{"embeddable":true,"href":"https:\/\/www.sistar.it\/es\/wp-json\/wp\/v2\/media\/19311"}],"wp:attachment":[{"href":"https:\/\/www.sistar.it\/es\/wp-json\/wp\/v2\/media?parent=21891"}],"wp:term":[{"taxonomy":"product_cat","embeddable":true,"href":"https:\/\/www.sistar.it\/es\/wp-json\/wp\/v2\/product_cat?post=21891"},{"taxonomy":"product_tag","embeddable":true,"href":"https:\/\/www.sistar.it\/es\/wp-json\/wp\/v2\/product_tag?post=21891"}],"curies":[{"name":"wp","href":"https:\/\/api.w.org\/{rel}","templated":true}]}}