{"id":21829,"date":"2024-02-23T15:16:47","date_gmt":"2024-02-23T15:16:47","guid":{"rendered":"https:\/\/www.sistar.it\/prodotti\/spray-matic-epdm\/"},"modified":"2024-07-08T13:59:33","modified_gmt":"2024-07-08T13:59:33","slug":"spray-matic-epdm","status":"publish","type":"product","link":"https:\/\/www.sistar.it\/es\/prodotti\/spray-matic-epdm\/","title":{"rendered":"Spray Matic EPDM"},"content":{"rendered":"<p>Botella pulverizadora a presi\u00f3n, hecha en polietileno HDPE.<\/p>\n<p>Las juntas de EPDM permiten su uso con m\u00faltiples componentes qu\u00edmicos (alcalinos con un PH entre 7 y 14 ), desengrasantes base agua o disolvente.<\/p>\n<p>Dispone de un dispositivo de bloqueo o continuado del pulverizado.<\/p>\n<p>Boquilla regulable.<\/p>\n<p><strong>Caracter\u00edsticas:<\/strong><\/p>\n<ul>\n<li>Capacidad: 1,5 L<\/li>\n<li>Tama\u00f1o: \u00d8 130 x 280 mm<\/li>\n<li>Juntas de caucho EPDM para productos con PH 7-14 (alcalinos)<\/li>\n<\/ul>\n<div id=\"footable_parent_21826\"\n         class=\" footable_parent ninja_table_wrapper loading_ninja_table wp_table_data_press_parent bootstrap4 colored_table\">\n                <table data-ninja_table_instance=\"ninja_table_instance_0\" data-footable_id=\"21826\" data-filter-delay=\"1000\" aria-label=\"SPRAY MATIC EPDM( INGLESE )\"            id=\"footable_21826\"\n           data-unique_identifier=\"ninja_table_unique_id_919369066_21826\"\n           class=\" foo-table ninja_footable foo_table_21826 ninja_table_unique_id_919369066_21826 table  white nt_type_ajax_table table-hover vertical_centered inverted footable-paging-right ninja_table_search_disabled\">\n                <colgroup>\n                            <col class=\"ninja_column_0 \">\n                            <col class=\"ninja_column_1 \">\n                            <col class=\"ninja_column_2 \">\n                    <\/colgroup>\n            <\/table>\n                    <style type=\"text\/css\" id='ninja_table_custom_css_21826'>\n                        #footable_21826  {\n        font-family: sans-serif;\n        font-size: 14px;\n    }\n\n#footable_21826 td.ninja_column_0 { text-align: center; }#footable_21826 th.ninja_column_0 { text-align: center; }#footable_21826 td.ninja_column_1 { text-align: center; }#footable_21826 th.ninja_column_1 { text-align: center; }#footable_21826 td.ninja_column_2 { text-align: center; }#footable_21826 th.ninja_column_2 { text-align: center; }                <\/style>\n                \n    \n    \n<\/div>\n\n<p>&nbsp;<\/p>\n<div class=\"hidden\">133.1503<\/div>\n","protected":false},"excerpt":{"rendered":"<p>Botella pulverizadora a presi\u00f3n, hecha en polietileno HDPE. Las juntas de EPDM permiten su uso con m\u00faltiples componentes qu\u00edmicos (alcalinos con un PH entre 7 y 14 ), desengrasantes base agua o disolvente. Dispone de un dispositivo de bloqueo o continuado del pulverizado. Boquilla regulable. Caracter\u00edsticas: Capacidad: 1,5 L Tama\u00f1o: \u00d8 130 x 280 mm&#8230;<\/p>\n","protected":false},"featured_media":18912,"template":"","meta":[],"product_cat":[318,320],"product_tag":[],"acf":[],"_links":{"self":[{"href":"https:\/\/www.sistar.it\/es\/wp-json\/wp\/v2\/product\/21829"}],"collection":[{"href":"https:\/\/www.sistar.it\/es\/wp-json\/wp\/v2\/product"}],"about":[{"href":"https:\/\/www.sistar.it\/es\/wp-json\/wp\/v2\/types\/product"}],"wp:featuredmedia":[{"embeddable":true,"href":"https:\/\/www.sistar.it\/es\/wp-json\/wp\/v2\/media\/18912"}],"wp:attachment":[{"href":"https:\/\/www.sistar.it\/es\/wp-json\/wp\/v2\/media?parent=21829"}],"wp:term":[{"taxonomy":"product_cat","embeddable":true,"href":"https:\/\/www.sistar.it\/es\/wp-json\/wp\/v2\/product_cat?post=21829"},{"taxonomy":"product_tag","embeddable":true,"href":"https:\/\/www.sistar.it\/es\/wp-json\/wp\/v2\/product_tag?post=21829"}],"curies":[{"name":"wp","href":"https:\/\/api.w.org\/{rel}","templated":true}]}}