{"id":21805,"date":"2013-03-15T11:30:45","date_gmt":"2013-03-15T11:30:45","guid":{"rendered":"https:\/\/www.sistar.it\/prodotti\/paint-dirt-remover\/"},"modified":"2024-04-11T15:47:08","modified_gmt":"2024-04-11T15:47:08","slug":"paint-dirt-remover","status":"publish","type":"product","link":"https:\/\/www.sistar.it\/es\/prodotti\/paint-dirt-remover\/","title":{"rendered":"Paint dirt remover"},"content":{"rendered":"<p style=\"text-align: justify;\">Kit con bol\u00edgrafo portaagujas, capuch\u00f3n de seguridad, clip para el bolsillo y bl\u00edster con 10 agujas especiales intercambiables.<\/p>\n<p style=\"text-align: justify;\">Para eliminar la contaminaci\u00f3n de la pintura o barniz h\u00famedos (pelos, mosquitos, polvo, fibras, etc.).<\/p>\n<p style=\"text-align: justify;\">Sus \u201cmicro-ganchos\u201d especiales atrapan las part\u00edculas sin da\u00f1ar la pintura fresca.<\/p>\n<p style=\"text-align: justify;\">El bol\u00edgrafo, de pl\u00e1stico, se puede lavar con disolventes.<\/p>\n<p>&nbsp;<\/p>\n<div id=\"footable_parent_21804\"\n         class=\" footable_parent ninja_table_wrapper loading_ninja_table wp_table_data_press_parent bootstrap4 \">\n                <table data-ninja_table_instance=\"ninja_table_instance_0\" data-footable_id=\"21804\" data-filter-delay=\"1000\" aria-label=\"Paint Dirt Remover( INGLESE )\"            id=\"footable_21804\"\n           data-unique_identifier=\"ninja_table_unique_id_732067581_21804\"\n           class=\" foo-table ninja_footable foo_table_21804 ninja_table_unique_id_732067581_21804 table  nt_type_ajax_table table-bordered table-hover table-sm vertical_centered  footable-paging-right ninja_table_search_disabled\">\n                <colgroup>\n                            <col class=\"ninja_column_0 \">\n                            <col class=\"ninja_column_1 \">\n                            <col class=\"ninja_column_2 \">\n                    <\/colgroup>\n            <\/table>\n                    <style type=\"text\/css\" id='ninja_table_custom_css_21804'>\n                        #footable_21804  {\n        font-family: sans-serif;\n        font-size: 14px;\n    }\n\n#footable_21804 td.ninja_column_0 { text-align: center; }#footable_21804 th.ninja_column_0 { text-align: center; }#footable_21804 td.ninja_column_1 { text-align: center; }#footable_21804 th.ninja_column_1 { text-align: center; }#footable_21804 td.ninja_column_2 { text-align: center; }#footable_21804 th.ninja_column_2 { text-align: center; }                <\/style>\n                \n    \n    \n<\/div>\n\n<p>&nbsp;<\/p>\n<div class=\"hidden\">138.0051, 138.0052<\/div>\n","protected":false},"excerpt":{"rendered":"<p>Kit con bol\u00edgrafo portaagujas, capuch\u00f3n de seguridad, clip para el bolsillo y bl\u00edster con 10 agujas especiales intercambiables. Para eliminar la contaminaci\u00f3n de la pintura o barniz h\u00famedos (pelos, mosquitos, polvo, fibras, etc.). Sus \u201cmicro-ganchos\u201d especiales atrapan las part\u00edculas sin da\u00f1ar la pintura fresca. El bol\u00edgrafo, de pl\u00e1stico, se puede lavar con disolventes. &nbsp; &nbsp;&#8230;<\/p>\n","protected":false},"featured_media":18863,"template":"","meta":[],"product_cat":[318,317],"product_tag":[],"acf":[],"_links":{"self":[{"href":"https:\/\/www.sistar.it\/es\/wp-json\/wp\/v2\/product\/21805"}],"collection":[{"href":"https:\/\/www.sistar.it\/es\/wp-json\/wp\/v2\/product"}],"about":[{"href":"https:\/\/www.sistar.it\/es\/wp-json\/wp\/v2\/types\/product"}],"wp:featuredmedia":[{"embeddable":true,"href":"https:\/\/www.sistar.it\/es\/wp-json\/wp\/v2\/media\/18863"}],"wp:attachment":[{"href":"https:\/\/www.sistar.it\/es\/wp-json\/wp\/v2\/media?parent=21805"}],"wp:term":[{"taxonomy":"product_cat","embeddable":true,"href":"https:\/\/www.sistar.it\/es\/wp-json\/wp\/v2\/product_cat?post=21805"},{"taxonomy":"product_tag","embeddable":true,"href":"https:\/\/www.sistar.it\/es\/wp-json\/wp\/v2\/product_tag?post=21805"}],"curies":[{"name":"wp","href":"https:\/\/api.w.org\/{rel}","templated":true}]}}