{"id":21802,"date":"2013-04-16T11:34:56","date_gmt":"2013-04-16T11:34:56","guid":{"rendered":"https:\/\/www.sistar.it\/prodotti\/removing-adhesive-wheel\/"},"modified":"2024-06-06T14:44:44","modified_gmt":"2024-06-06T14:44:44","slug":"disco-quita-pegatinas","status":"publish","type":"product","link":"https:\/\/www.sistar.it\/es\/prodotti\/disco-quita-pegatinas\/","title":{"rendered":"Disco quita pegatinas"},"content":{"rendered":"<p style=\"text-align: justify;\">Disco de goma para eliminar adhesivos y residuos de pegamento de las superficies sin da\u00f1ar la pintura. Se usa con la herramienta Eraser cod. 471.0875.<\/p>\n<p style=\"text-align: justify;\">Tambi\u00e9n disponible el adaptador para montar el disco en un taladro.<\/p>\n<p><strong>Caracter\u00edsticas:<\/strong><\/p>\n<ul>\n<li>Rosca: 5\/16&#8243;<\/li>\n<li>Revoluciones por minuto: 2500 max<\/li>\n<\/ul>\n<p>&nbsp;<\/p>\n<div id=\"footable_parent_21801\"\n         class=\" footable_parent ninja_table_wrapper loading_ninja_table wp_table_data_press_parent bootstrap4 colored_table\">\n                <table data-ninja_table_instance=\"ninja_table_instance_0\" data-footable_id=\"21801\" data-filter-delay=\"1000\" aria-label=\"Disco elimina adesivi( INGLESE )\"            id=\"footable_21801\"\n           data-unique_identifier=\"ninja_table_unique_id_1538763677_21801\"\n           class=\" foo-table ninja_footable foo_table_21801 ninja_table_unique_id_1538763677_21801 table  white nt_type_ajax_table table-hover vertical_centered inverted footable-paging-right ninja_table_search_disabled\">\n                <colgroup>\n                            <col class=\"ninja_column_0 \">\n                            <col class=\"ninja_column_1 \">\n                            <col class=\"ninja_column_2 \">\n                    <\/colgroup>\n            <\/table>\n                    <style type=\"text\/css\" id='ninja_table_custom_css_21801'>\n                        #footable_21801  {\n        font-family: sans-serif;\n        font-size: 14px;\n    }\n\n#footable_21801 td.ninja_column_0 { text-align: center; }#footable_21801 th.ninja_column_0 { text-align: center; }#footable_21801 td.ninja_column_1 { text-align: center; }#footable_21801 th.ninja_column_1 { text-align: center; }#footable_21801 td.ninja_column_2 { text-align: center; }#footable_21801 th.ninja_column_2 { text-align: center; }                <\/style>\n                \n    \n    \n<\/div>\n\n<p>&nbsp;<\/p>\n<div class=\"hidden\">176.0500, 176.0501<\/div>\n","protected":false},"excerpt":{"rendered":"<p>Disco de goma para eliminar adhesivos y residuos de pegamento de las superficies sin da\u00f1ar la pintura. Se usa con la herramienta Eraser cod. 471.0875. Tambi\u00e9n disponible el adaptador para montar el disco en un taladro. Caracter\u00edsticas: Rosca: 5\/16&#8243; Revoluciones por minuto: 2500 max &nbsp; &nbsp; 176.0500, 176.0501<\/p>\n","protected":false},"featured_media":17478,"template":"","meta":[],"product_cat":[292],"product_tag":[],"acf":[],"_links":{"self":[{"href":"https:\/\/www.sistar.it\/es\/wp-json\/wp\/v2\/product\/21802"}],"collection":[{"href":"https:\/\/www.sistar.it\/es\/wp-json\/wp\/v2\/product"}],"about":[{"href":"https:\/\/www.sistar.it\/es\/wp-json\/wp\/v2\/types\/product"}],"wp:featuredmedia":[{"embeddable":true,"href":"https:\/\/www.sistar.it\/es\/wp-json\/wp\/v2\/media\/17478"}],"wp:attachment":[{"href":"https:\/\/www.sistar.it\/es\/wp-json\/wp\/v2\/media?parent=21802"}],"wp:term":[{"taxonomy":"product_cat","embeddable":true,"href":"https:\/\/www.sistar.it\/es\/wp-json\/wp\/v2\/product_cat?post=21802"},{"taxonomy":"product_tag","embeddable":true,"href":"https:\/\/www.sistar.it\/es\/wp-json\/wp\/v2\/product_tag?post=21802"}],"curies":[{"name":"wp","href":"https:\/\/api.w.org\/{rel}","templated":true}]}}