{"id":21781,"date":"2013-03-01T10:53:55","date_gmt":"2013-03-01T10:53:55","guid":{"rendered":"https:\/\/www.sistar.it\/prodotti\/filter-for-suction-feed-spray-gun\/"},"modified":"2024-03-14T11:01:54","modified_gmt":"2024-03-14T11:01:54","slug":"filtro-para-pistolas-de-succion","status":"publish","type":"product","link":"https:\/\/www.sistar.it\/es\/prodotti\/filtro-para-pistolas-de-succion\/","title":{"rendered":"Filtro para pistolas de succi\u00f3n"},"content":{"rendered":"<p>Filtro de pl\u00e1stico con malla de nylon y fondo abierto, lavable y reutilizable, para pistolas de succi\u00f3n.<\/p>\n<div id=\"footable_parent_21779\"\n         class=\" footable_parent ninja_table_wrapper loading_ninja_table wp_table_data_press_parent bootstrap4 \">\n                <table data-ninja_table_instance=\"ninja_table_instance_0\" data-footable_id=\"21779\" data-filter-delay=\"1000\" aria-label=\"Filtro per Pistole ad Aspirazione( INGLESE )\"            id=\"footable_21779\"\n           data-unique_identifier=\"ninja_table_unique_id_2120242190_21779\"\n           class=\" foo-table ninja_footable foo_table_21779 ninja_table_unique_id_2120242190_21779 table  nt_type_ajax_table table-bordered table-hover table-sm vertical_centered  footable-paging-right ninja_table_search_disabled\">\n                <colgroup>\n                            <col class=\"ninja_column_0 \">\n                            <col class=\"ninja_column_1 \">\n                            <col class=\"ninja_column_2 \">\n                            <col class=\"ninja_column_3 \">\n                    <\/colgroup>\n            <\/table>\n                    <style type=\"text\/css\" id='ninja_table_custom_css_21779'>\n                        #footable_21779  {\n        font-family: sans-serif;\n        font-size: 14px;\n    }\n\n#footable_21779 td.ninja_column_0 { text-align: center; }#footable_21779 th.ninja_column_0 { text-align: center; }#footable_21779 td.ninja_column_1 { text-align: center; }#footable_21779 th.ninja_column_1 { text-align: center; }#footable_21779 td.ninja_column_2 { text-align: center; }#footable_21779 th.ninja_column_2 { text-align: center; }#footable_21779 td.ninja_column_3 { text-align: center; }#footable_21779 th.ninja_column_3 { text-align: center; }                <\/style>\n                \n    \n    \n<\/div>\n\n<p>&nbsp;<\/p>\n<div class=\"hidden\">131.1100, 131.1110, 131.1120<\/div>\n","protected":false},"excerpt":{"rendered":"<p>Filtro de pl\u00e1stico con malla de nylon y fondo abierto, lavable y reutilizable, para pistolas de succi\u00f3n. &nbsp; 131.1100, 131.1110, 131.1120<\/p>\n","protected":false},"featured_media":18740,"template":"","meta":[],"product_cat":[318,322],"product_tag":[],"acf":[],"_links":{"self":[{"href":"https:\/\/www.sistar.it\/es\/wp-json\/wp\/v2\/product\/21781"}],"collection":[{"href":"https:\/\/www.sistar.it\/es\/wp-json\/wp\/v2\/product"}],"about":[{"href":"https:\/\/www.sistar.it\/es\/wp-json\/wp\/v2\/types\/product"}],"wp:featuredmedia":[{"embeddable":true,"href":"https:\/\/www.sistar.it\/es\/wp-json\/wp\/v2\/media\/18740"}],"wp:attachment":[{"href":"https:\/\/www.sistar.it\/es\/wp-json\/wp\/v2\/media?parent=21781"}],"wp:term":[{"taxonomy":"product_cat","embeddable":true,"href":"https:\/\/www.sistar.it\/es\/wp-json\/wp\/v2\/product_cat?post=21781"},{"taxonomy":"product_tag","embeddable":true,"href":"https:\/\/www.sistar.it\/es\/wp-json\/wp\/v2\/product_tag?post=21781"}],"curies":[{"name":"wp","href":"https:\/\/api.w.org\/{rel}","templated":true}]}}