{"id":21756,"date":"2013-04-22T08:48:51","date_gmt":"2013-04-22T08:48:51","guid":{"rendered":"https:\/\/www.sistar.it\/prodotti\/rubber-spreader\/"},"modified":"2025-01-15T13:52:04","modified_gmt":"2025-01-15T13:52:04","slug":"espatula-de-goma","status":"publish","type":"product","link":"https:\/\/www.sistar.it\/es\/prodotti\/espatula-de-goma\/","title":{"rendered":"Esp\u00e1tula de goma"},"content":{"rendered":"<p>Esp\u00e1tula de goma neopr\u00e9nica flexible, resistente a disolventes.<\/p>\n<p>&nbsp;<\/p>\n<div id=\"footable_parent_21754\"\n         class=\" footable_parent ninja_table_wrapper loading_ninja_table wp_table_data_press_parent bootstrap4 \">\n                <table data-ninja_table_instance=\"ninja_table_instance_0\" data-footable_id=\"21754\" data-filter-delay=\"1000\" aria-label=\"Spatola in gomma( INGLESE )\"            id=\"footable_21754\"\n           data-unique_identifier=\"ninja_table_unique_id_562889204_21754\"\n           class=\" foo-table ninja_footable foo_table_21754 ninja_table_unique_id_562889204_21754 table  nt_type_ajax_table table-bordered table-hover table-sm vertical_centered  footable-paging-right ninja_table_search_disabled\">\n                <colgroup>\n                            <col class=\"ninja_column_0 \">\n                            <col class=\"ninja_column_1 \">\n                            <col class=\"ninja_column_2 \">\n                            <col class=\"ninja_column_3 \">\n                    <\/colgroup>\n            <\/table>\n                    <style type=\"text\/css\" id='ninja_table_custom_css_21754'>\n                        #footable_21754  {\n        font-family: sans-serif;\n        font-size: 14px;\n    }\n\n#footable_21754 td.ninja_column_0 { text-align: center; }#footable_21754 th.ninja_column_0 { text-align: center; }#footable_21754 td.ninja_column_1 { text-align: center; }#footable_21754 th.ninja_column_1 { text-align: center; }#footable_21754 td.ninja_column_2 { text-align: center; }#footable_21754 th.ninja_column_2 { text-align: center; }#footable_21754 td.ninja_column_3 { text-align: center; }#footable_21754 th.ninja_column_3 { text-align: center; }                <\/style>\n                \n    \n    \n<\/div>\n\n<div class=\"hidden\">176.1550, 176.1555<\/div>\n","protected":false},"excerpt":{"rendered":"<p>Esp\u00e1tula de goma neopr\u00e9nica flexible, resistente a disolventes. &nbsp; 176.1550, 176.1555<\/p>\n","protected":false},"featured_media":33881,"template":"","meta":[],"product_cat":[292],"product_tag":[],"acf":[],"_links":{"self":[{"href":"https:\/\/www.sistar.it\/es\/wp-json\/wp\/v2\/product\/21756"}],"collection":[{"href":"https:\/\/www.sistar.it\/es\/wp-json\/wp\/v2\/product"}],"about":[{"href":"https:\/\/www.sistar.it\/es\/wp-json\/wp\/v2\/types\/product"}],"wp:featuredmedia":[{"embeddable":true,"href":"https:\/\/www.sistar.it\/es\/wp-json\/wp\/v2\/media\/33881"}],"wp:attachment":[{"href":"https:\/\/www.sistar.it\/es\/wp-json\/wp\/v2\/media?parent=21756"}],"wp:term":[{"taxonomy":"product_cat","embeddable":true,"href":"https:\/\/www.sistar.it\/es\/wp-json\/wp\/v2\/product_cat?post=21756"},{"taxonomy":"product_tag","embeddable":true,"href":"https:\/\/www.sistar.it\/es\/wp-json\/wp\/v2\/product_tag?post=21756"}],"curies":[{"name":"wp","href":"https:\/\/api.w.org\/{rel}","templated":true}]}}