{"id":21725,"date":"2013-03-01T11:37:43","date_gmt":"2013-03-01T11:37:43","guid":{"rendered":"https:\/\/www.sistar.it\/prodotti\/dosing-bottle\/"},"modified":"2024-03-14T09:25:54","modified_gmt":"2024-03-14T09:25:54","slug":"botella-dosificadora","status":"publish","type":"product","link":"https:\/\/www.sistar.it\/es\/prodotti\/botella-dosificadora\/","title":{"rendered":"Botella dosificadora"},"content":{"rendered":"<p>Botella dosificadora hecha en polietileno con c\u00e1nula curva.<\/p>\n<p>Dise\u00f1ada para dosificar con precisi\u00f3n peque\u00f1as cantidades de l\u00edquidos, productos qu\u00edmicos, aditivos, disolventes.<\/p>\n<p>&nbsp;<\/p>\n<div id=\"footable_parent_21724\"\n         class=\" footable_parent ninja_table_wrapper loading_ninja_table wp_table_data_press_parent bootstrap4 \">\n                <table data-ninja_table_instance=\"ninja_table_instance_0\" data-footable_id=\"21724\" data-filter-delay=\"1000\" aria-label=\"Spruzzetta dosatrice( INGLESE )\"            id=\"footable_21724\"\n           data-unique_identifier=\"ninja_table_unique_id_2100140489_21724\"\n           class=\" foo-table ninja_footable foo_table_21724 ninja_table_unique_id_2100140489_21724 table  nt_type_ajax_table table-bordered table-hover table-sm vertical_centered  footable-paging-right ninja_table_search_disabled\">\n                <colgroup>\n                            <col class=\"ninja_column_0 \">\n                            <col class=\"ninja_column_1 \">\n                            <col class=\"ninja_column_2 \">\n                    <\/colgroup>\n            <\/table>\n                    <style type=\"text\/css\" id='ninja_table_custom_css_21724'>\n                        #footable_21724  {\n        font-family: sans-serif;\n        font-size: 14px;\n    }\n\n#footable_21724 td.ninja_column_0 { text-align: center; }#footable_21724 th.ninja_column_0 { text-align: center; }#footable_21724 td.ninja_column_1 { text-align: center; }#footable_21724 th.ninja_column_1 { text-align: center; }#footable_21724 td.ninja_column_2 { text-align: center; }#footable_21724 th.ninja_column_2 { text-align: center; }                <\/style>\n                \n    \n    \n<\/div>\n\n<div class=\"hidden\">133.0305, 133.0310<\/div>\n","protected":false},"excerpt":{"rendered":"<p>Botella dosificadora hecha en polietileno con c\u00e1nula curva. Dise\u00f1ada para dosificar con precisi\u00f3n peque\u00f1as cantidades de l\u00edquidos, productos qu\u00edmicos, aditivos, disolventes. &nbsp; 133.0305, 133.0310<\/p>\n","protected":false},"featured_media":18606,"template":"","meta":[],"product_cat":[318,320],"product_tag":[],"acf":[],"_links":{"self":[{"href":"https:\/\/www.sistar.it\/es\/wp-json\/wp\/v2\/product\/21725"}],"collection":[{"href":"https:\/\/www.sistar.it\/es\/wp-json\/wp\/v2\/product"}],"about":[{"href":"https:\/\/www.sistar.it\/es\/wp-json\/wp\/v2\/types\/product"}],"wp:featuredmedia":[{"embeddable":true,"href":"https:\/\/www.sistar.it\/es\/wp-json\/wp\/v2\/media\/18606"}],"wp:attachment":[{"href":"https:\/\/www.sistar.it\/es\/wp-json\/wp\/v2\/media?parent=21725"}],"wp:term":[{"taxonomy":"product_cat","embeddable":true,"href":"https:\/\/www.sistar.it\/es\/wp-json\/wp\/v2\/product_cat?post=21725"},{"taxonomy":"product_tag","embeddable":true,"href":"https:\/\/www.sistar.it\/es\/wp-json\/wp\/v2\/product_tag?post=21725"}],"curies":[{"name":"wp","href":"https:\/\/api.w.org\/{rel}","templated":true}]}}