{"id":21715,"date":"2013-03-01T11:43:04","date_gmt":"2013-03-01T11:43:04","guid":{"rendered":"https:\/\/www.sistar.it\/prodotti\/sprayer\/"},"modified":"2024-04-12T07:58:01","modified_gmt":"2024-04-12T07:58:01","slug":"sprayer","status":"publish","type":"product","link":"https:\/\/www.sistar.it\/es\/prodotti\/sprayer\/","title":{"rendered":"Sprayer"},"content":{"rendered":"<p>Bomba de presi\u00f3n manual con lanza atomizadora y boquilla ajustable, ideal para pulverizar l\u00edquido No-Dust Long Time en el suelo de la cabina de pulverizaci\u00f3n y alrededores.<\/p>\n<p><strong>Caracter\u00edsticas:<\/strong><\/p>\n<ul>\n<li>Material: HDPE, polietileno de alta densidad<\/li>\n<li>Capacidad: 6,86 L &#8211; 5,49 L m\u00e1x<\/li>\n<li>Tama\u00f1o: \u00d8 19 x 42 cm<\/li>\n<li>Juntas de NBR (caucho de nitrilo) resistentes a los hidrocarburos<\/li>\n<li>Lanza de pl\u00e1stico: 63 cm<\/li>\n<li>Correa regulables: 90 cm<\/li>\n<li>Manguera: 140 cm<\/li>\n<li>Completo con tirantes<\/li>\n<\/ul>\n<p>&nbsp;<\/p>\n<div id=\"footable_parent_21712\"\n         class=\" footable_parent ninja_table_wrapper loading_ninja_table wp_table_data_press_parent bootstrap4 \">\n                <table data-ninja_table_instance=\"ninja_table_instance_0\" data-footable_id=\"21712\" data-filter-delay=\"1000\" aria-label=\"Sprayer( INGLESE )\"            id=\"footable_21712\"\n           data-unique_identifier=\"ninja_table_unique_id_1221782098_21712\"\n           class=\" foo-table ninja_footable foo_table_21712 ninja_table_unique_id_1221782098_21712 table  nt_type_ajax_table table-bordered table-hover table-sm vertical_centered  footable-paging-right ninja_table_search_disabled\">\n                <colgroup>\n                            <col class=\"ninja_column_0 \">\n                            <col class=\"ninja_column_1 \">\n                            <col class=\"ninja_column_2 \">\n                    <\/colgroup>\n            <\/table>\n                    <style type=\"text\/css\" id='ninja_table_custom_css_21712'>\n                        #footable_21712  {\n        font-family: sans-serif;\n        font-size: 14px;\n    }\n\n#footable_21712 td.ninja_column_0 { text-align: center; }#footable_21712 th.ninja_column_0 { text-align: center; }#footable_21712 td.ninja_column_1 { text-align: center; }#footable_21712 th.ninja_column_1 { text-align: center; }#footable_21712 td.ninja_column_2 { text-align: center; }#footable_21712 th.ninja_column_2 { text-align: center; }                <\/style>\n                \n    \n    \n<\/div>\n\n<p>&nbsp;<\/p>\n<div class=\"hidden\">133.1500<\/div>\n","protected":false},"excerpt":{"rendered":"<p>Bomba de presi\u00f3n manual con lanza atomizadora y boquilla ajustable, ideal para pulverizar l\u00edquido No-Dust Long Time en el suelo de la cabina de pulverizaci\u00f3n y alrededores. Caracter\u00edsticas: Material: HDPE, polietileno de alta densidad Capacidad: 6,86 L &#8211; 5,49 L m\u00e1x Tama\u00f1o: \u00d8 19 x 42 cm Juntas de NBR (caucho de nitrilo) resistentes a&#8230;<\/p>\n","protected":false},"featured_media":18646,"template":"","meta":[],"product_cat":[318,320],"product_tag":[],"acf":[],"_links":{"self":[{"href":"https:\/\/www.sistar.it\/es\/wp-json\/wp\/v2\/product\/21715"}],"collection":[{"href":"https:\/\/www.sistar.it\/es\/wp-json\/wp\/v2\/product"}],"about":[{"href":"https:\/\/www.sistar.it\/es\/wp-json\/wp\/v2\/types\/product"}],"wp:featuredmedia":[{"embeddable":true,"href":"https:\/\/www.sistar.it\/es\/wp-json\/wp\/v2\/media\/18646"}],"wp:attachment":[{"href":"https:\/\/www.sistar.it\/es\/wp-json\/wp\/v2\/media?parent=21715"}],"wp:term":[{"taxonomy":"product_cat","embeddable":true,"href":"https:\/\/www.sistar.it\/es\/wp-json\/wp\/v2\/product_cat?post=21715"},{"taxonomy":"product_tag","embeddable":true,"href":"https:\/\/www.sistar.it\/es\/wp-json\/wp\/v2\/product_tag?post=21715"}],"curies":[{"name":"wp","href":"https:\/\/api.w.org\/{rel}","templated":true}]}}