{"id":21707,"date":"2013-03-01T11:45:46","date_gmt":"2013-03-01T11:45:46","guid":{"rendered":"https:\/\/www.sistar.it\/prodotti\/spray-matic\/"},"modified":"2024-07-08T14:00:31","modified_gmt":"2024-07-08T14:00:31","slug":"spray-matic","status":"publish","type":"product","link":"https:\/\/www.sistar.it\/es\/prodotti\/spray-matic\/","title":{"rendered":"Spray Matic VITON"},"content":{"rendered":"<p>Botella pulverizadora a presi\u00f3n, hecha en polietileno HDPE.<\/p>\n<p>Las juntas de VITON\/FPM permiten su uso con m\u00faltiples componentes qu\u00edmicos (\u00e1cidos con un ph m\u00e1ximo de 9), desengrasantes base agua o disolvente.<\/p>\n<p>Dispone de un dispositivo de bloqueo o continuado del pulverizado. Boquilla regulable.<\/p>\n<p><span style=\"font-size: 12pt;\"><strong>Caracter\u00edsticas:<\/strong><\/span><\/p>\n<ul>\n<li>Capacidad: 1,5 L &#8211; 1,71 L max<\/li>\n<li>Tama\u00f1o: \u00d8 130 x 280 mm<\/li>\n<li>FPM Juntas de caucho Viton\u00ae para productos con PH 0-9 (\u00e1cidos)<\/li>\n<\/ul>\n<p>&nbsp;<\/p>\n<div id=\"footable_parent_21703\"\n         class=\" footable_parent ninja_table_wrapper loading_ninja_table wp_table_data_press_parent bootstrap4 \">\n                <table data-ninja_table_instance=\"ninja_table_instance_0\" data-footable_id=\"21703\" data-filter-delay=\"1000\" aria-label=\"Spray Matic VITON( INGLESE )\"            id=\"footable_21703\"\n           data-unique_identifier=\"ninja_table_unique_id_942565058_21703\"\n           class=\" foo-table ninja_footable foo_table_21703 ninja_table_unique_id_942565058_21703 table  nt_type_ajax_table table-bordered table-hover table-sm vertical_centered  footable-paging-right ninja_table_search_disabled\">\n                <colgroup>\n                            <col class=\"ninja_column_0 \">\n                            <col class=\"ninja_column_1 \">\n                            <col class=\"ninja_column_2 \">\n                    <\/colgroup>\n            <\/table>\n                    <style type=\"text\/css\" id='ninja_table_custom_css_21703'>\n                        #footable_21703  {\n        font-family: sans-serif;\n        font-size: 14px;\n    }\n\n#footable_21703 td.ninja_column_0 { text-align: center; }#footable_21703 th.ninja_column_0 { text-align: center; }#footable_21703 td.ninja_column_1 { text-align: center; }#footable_21703 th.ninja_column_1 { text-align: center; }#footable_21703 td.ninja_column_2 { text-align: center; }#footable_21703 th.ninja_column_2 { text-align: center; }                <\/style>\n                \n    \n    \n<\/div>\n\n<div class=\"hidden\">133.1502<\/div>\n","protected":false},"excerpt":{"rendered":"<p>Botella pulverizadora a presi\u00f3n, hecha en polietileno HDPE. Las juntas de VITON\/FPM permiten su uso con m\u00faltiples componentes qu\u00edmicos (\u00e1cidos con un ph m\u00e1ximo de 9), desengrasantes base agua o disolvente. Dispone de un dispositivo de bloqueo o continuado del pulverizado. Boquilla regulable. Caracter\u00edsticas: Capacidad: 1,5 L &#8211; 1,71 L max Tama\u00f1o: \u00d8 130 x&#8230;<\/p>\n","protected":false},"featured_media":18623,"template":"","meta":[],"product_cat":[318,320,328,327],"product_tag":[],"acf":[],"_links":{"self":[{"href":"https:\/\/www.sistar.it\/es\/wp-json\/wp\/v2\/product\/21707"}],"collection":[{"href":"https:\/\/www.sistar.it\/es\/wp-json\/wp\/v2\/product"}],"about":[{"href":"https:\/\/www.sistar.it\/es\/wp-json\/wp\/v2\/types\/product"}],"wp:featuredmedia":[{"embeddable":true,"href":"https:\/\/www.sistar.it\/es\/wp-json\/wp\/v2\/media\/18623"}],"wp:attachment":[{"href":"https:\/\/www.sistar.it\/es\/wp-json\/wp\/v2\/media?parent=21707"}],"wp:term":[{"taxonomy":"product_cat","embeddable":true,"href":"https:\/\/www.sistar.it\/es\/wp-json\/wp\/v2\/product_cat?post=21707"},{"taxonomy":"product_tag","embeddable":true,"href":"https:\/\/www.sistar.it\/es\/wp-json\/wp\/v2\/product_tag?post=21707"}],"curies":[{"name":"wp","href":"https:\/\/api.w.org\/{rel}","templated":true}]}}