{"id":21685,"date":"2013-03-01T11:50:46","date_gmt":"2013-03-01T11:50:46","guid":{"rendered":"https:\/\/www.sistar.it\/prodotti\/colour-matching-plate\/"},"modified":"2025-04-30T15:19:50","modified_gmt":"2025-04-30T15:19:50","slug":"chapas-de-metal-para-pruebas-de-color","status":"publish","type":"product","link":"https:\/\/www.sistar.it\/es\/prodotti\/chapas-de-metal-para-pruebas-de-color\/","title":{"rendered":"Chapas de metal para pruebas de color"},"content":{"rendered":"<p>Chapas de metal para pruebas de color, tratadas con imprimaci\u00f3n acr\u00edlica para una adherencia perfecta y sin rechupados.<\/p>\n<p>La banda negra permite controlar la cubrici\u00f3n, p.ej. en los rojos.<\/p>\n<p>Adecuadas para ensayos de durabilidad en el exterior y de la adherencia de la pintura con el ensayo de secci\u00f3n transversal.<\/p>\n<p><strong>Caracter\u00edsticas:<\/strong><\/p>\n<ul>\n<li>Grosor: 0,15mm<\/li>\n<\/ul>\n<p>&nbsp;<\/p>\n<div id=\"footable_parent_21679\"\n         class=\" footable_parent ninja_table_wrapper loading_ninja_table wp_table_data_press_parent bootstrap4 \">\n                <table data-ninja_table_instance=\"ninja_table_instance_0\" data-footable_id=\"21679\" data-filter-delay=\"1000\" aria-label=\"Lamierino provatinta( INGLESE )\"            id=\"footable_21679\"\n           data-unique_identifier=\"ninja_table_unique_id_1919922389_21679\"\n           class=\" foo-table ninja_footable foo_table_21679 ninja_table_unique_id_1919922389_21679 table  nt_type_ajax_table table-bordered table-hover table-sm vertical_centered  footable-paging-right ninja_table_search_disabled\">\n                <colgroup>\n                            <col class=\"ninja_column_0 \">\n                            <col class=\"ninja_column_1 \">\n                            <col class=\"ninja_column_2 \">\n                            <col class=\"ninja_column_3 \">\n                    <\/colgroup>\n            <\/table>\n                    <style type=\"text\/css\" id='ninja_table_custom_css_21679'>\n                        #footable_21679  {\n        font-family: sans-serif;\n        font-size: 14px;\n    }\n\n#footable_21679 td.ninja_column_0 { text-align: center; }#footable_21679 th.ninja_column_0 { text-align: center; }#footable_21679 td.ninja_column_1 { text-align: center; }#footable_21679 th.ninja_column_1 { text-align: center; }#footable_21679 td.ninja_column_2 { text-align: center; }#footable_21679 th.ninja_column_2 { text-align: center; }#footable_21679 td.ninja_column_3 { text-align: center; }#footable_21679 th.ninja_column_3 { text-align: center; }                <\/style>\n                \n    \n    \n<\/div>\n\n<div class=\"hidden\">134.0135, 134.0140, 134.0132<\/div>\n","protected":false},"excerpt":{"rendered":"<p>Chapas de metal para pruebas de color, tratadas con imprimaci\u00f3n acr\u00edlica para una adherencia perfecta y sin rechupados. La banda negra permite controlar la cubrici\u00f3n, p.ej. en los rojos. Adecuadas para ensayos de durabilidad en el exterior y de la adherencia de la pintura con el ensayo de secci\u00f3n transversal. Caracter\u00edsticas: Grosor: 0,15mm &nbsp; 134.0135,&#8230;<\/p>\n","protected":false},"featured_media":18776,"template":"","meta":[],"product_cat":[318,317],"product_tag":[],"acf":[],"_links":{"self":[{"href":"https:\/\/www.sistar.it\/es\/wp-json\/wp\/v2\/product\/21685"}],"collection":[{"href":"https:\/\/www.sistar.it\/es\/wp-json\/wp\/v2\/product"}],"about":[{"href":"https:\/\/www.sistar.it\/es\/wp-json\/wp\/v2\/types\/product"}],"wp:featuredmedia":[{"embeddable":true,"href":"https:\/\/www.sistar.it\/es\/wp-json\/wp\/v2\/media\/18776"}],"wp:attachment":[{"href":"https:\/\/www.sistar.it\/es\/wp-json\/wp\/v2\/media?parent=21685"}],"wp:term":[{"taxonomy":"product_cat","embeddable":true,"href":"https:\/\/www.sistar.it\/es\/wp-json\/wp\/v2\/product_cat?post=21685"},{"taxonomy":"product_tag","embeddable":true,"href":"https:\/\/www.sistar.it\/es\/wp-json\/wp\/v2\/product_tag?post=21685"}],"curies":[{"name":"wp","href":"https:\/\/api.w.org\/{rel}","templated":true}]}}