{"id":21666,"date":"2013-03-01T11:56:18","date_gmt":"2013-03-01T11:56:18","guid":{"rendered":"https:\/\/www.sistar.it\/prodotti\/colour-matching-card-board\/"},"modified":"2024-07-22T13:29:10","modified_gmt":"2024-07-22T13:29:10","slug":"carton-para-pruebas-de-color","status":"publish","type":"product","link":"https:\/\/www.sistar.it\/es\/prodotti\/carton-para-pruebas-de-color\/","title":{"rendered":"Cart\u00f3n para pruebas de color"},"content":{"rendered":"<p style=\"text-align: justify;\">Cart\u00f3n para prueba de color, tratados para evitar rechupados y la alteraci\u00f3n del color.<\/p>\n<p style=\"text-align: justify;\">Con banda negra a cuadros para controlar la cubrici\u00f3n.<\/p>\n<p style=\"text-align: justify;\">Parte posterior dise\u00f1ada para escribir los datos del veh\u00edculo y la f\u00f3rmula del color.<\/p>\n<p>&nbsp;<\/p>\n<div id=\"footable_parent_21664\"\n         class=\" footable_parent ninja_table_wrapper loading_ninja_table wp_table_data_press_parent bootstrap4 \">\n                <table data-ninja_table_instance=\"ninja_table_instance_0\" data-footable_id=\"21664\" data-filter-delay=\"1000\" aria-label=\"Cartoncini Provatinta( INGLESE )\"            id=\"footable_21664\"\n           data-unique_identifier=\"ninja_table_unique_id_33223676_21664\"\n           class=\" foo-table ninja_footable foo_table_21664 ninja_table_unique_id_33223676_21664 table  nt_type_ajax_table table-bordered table-hover table-sm vertical_centered  footable-paging-right ninja_table_search_disabled\">\n                <colgroup>\n                            <col class=\"ninja_column_0 \">\n                            <col class=\"ninja_column_1 \">\n                            <col class=\"ninja_column_2 \">\n                            <col class=\"ninja_column_3 \">\n                    <\/colgroup>\n            <\/table>\n                    <style type=\"text\/css\" id='ninja_table_custom_css_21664'>\n                        #footable_21664  {\n        font-family: sans-serif;\n        font-size: 14px;\n    }\n\n#footable_21664 td.ninja_column_0 { text-align: center; }#footable_21664 th.ninja_column_0 { text-align: center; }#footable_21664 td.ninja_column_1 { text-align: center; }#footable_21664 th.ninja_column_1 { text-align: center; }#footable_21664 td.ninja_column_2 { text-align: center; }#footable_21664 th.ninja_column_2 { text-align: center; }#footable_21664 td.ninja_column_3 { text-align: center; }#footable_21664 th.ninja_column_3 { text-align: center; }                <\/style>\n                \n    \n    \n<\/div>\n\n<div class=\"hidden\">134.0200, 134.0205, 134.0210<\/div>\n","protected":false},"excerpt":{"rendered":"<p>Cart\u00f3n para prueba de color, tratados para evitar rechupados y la alteraci\u00f3n del color. Con banda negra a cuadros para controlar la cubrici\u00f3n. Parte posterior dise\u00f1ada para escribir los datos del veh\u00edculo y la f\u00f3rmula del color. &nbsp; 134.0200, 134.0205, 134.0210<\/p>\n","protected":false},"featured_media":34990,"template":"","meta":[],"product_cat":[318,317],"product_tag":[],"acf":[],"_links":{"self":[{"href":"https:\/\/www.sistar.it\/es\/wp-json\/wp\/v2\/product\/21666"}],"collection":[{"href":"https:\/\/www.sistar.it\/es\/wp-json\/wp\/v2\/product"}],"about":[{"href":"https:\/\/www.sistar.it\/es\/wp-json\/wp\/v2\/types\/product"}],"wp:featuredmedia":[{"embeddable":true,"href":"https:\/\/www.sistar.it\/es\/wp-json\/wp\/v2\/media\/34990"}],"wp:attachment":[{"href":"https:\/\/www.sistar.it\/es\/wp-json\/wp\/v2\/media?parent=21666"}],"wp:term":[{"taxonomy":"product_cat","embeddable":true,"href":"https:\/\/www.sistar.it\/es\/wp-json\/wp\/v2\/product_cat?post=21666"},{"taxonomy":"product_tag","embeddable":true,"href":"https:\/\/www.sistar.it\/es\/wp-json\/wp\/v2\/product_tag?post=21666"}],"curies":[{"name":"wp","href":"https:\/\/api.w.org\/{rel}","templated":true}]}}