{"id":21655,"date":"2013-03-01T11:59:37","date_gmt":"2013-03-01T11:59:37","guid":{"rendered":"https:\/\/www.sistar.it\/prodotti\/star-mix\/"},"modified":"2024-06-10T07:04:16","modified_gmt":"2024-06-10T07:04:16","slug":"star-mix","status":"publish","type":"product","link":"https:\/\/www.sistar.it\/es\/prodotti\/star-mix\/","title":{"rendered":"Star mix\u2122"},"content":{"rendered":"<p style=\"text-align: justify;\">Removedores de pintura reutilizables, hechos de nylon o PP Polipropileno. En dos opciones: r\u00edgidos o flexibles.<\/p>\n<p style=\"text-align: justify;\">Dise\u00f1ados para una mezcla perfecta de los b\u00e1sicos de las pinturas. Bordes lisos y terminaci\u00f3n en punta para reba\u00f1ar las paredes y el fondo del vaso de mezclas.<\/p>\n<p style=\"text-align: justify;\">Sin relieves o agujeros para una f\u00e1cil limpieza.<\/p>\n<ul>\n<li>Tama\u00f1o: 295 x 25 mm<\/li>\n<\/ul>\n<p>&nbsp;<\/p>\n<div id=\"footable_parent_21654\"\n         class=\" footable_parent ninja_table_wrapper loading_ninja_table wp_table_data_press_parent bootstrap4 \">\n                <table data-ninja_table_instance=\"ninja_table_instance_0\" data-footable_id=\"21654\" data-filter-delay=\"1000\" aria-label=\"Star Mix \u2122( INGLESE )\"            id=\"footable_21654\"\n           data-unique_identifier=\"ninja_table_unique_id_503389825_21654\"\n           class=\" foo-table ninja_footable foo_table_21654 ninja_table_unique_id_503389825_21654 table  nt_type_ajax_table table-bordered table-hover table-sm vertical_centered  footable-paging-right ninja_table_search_disabled\">\n                <colgroup>\n                            <col class=\"ninja_column_0 \">\n                            <col class=\"ninja_column_1 \">\n                            <col class=\"ninja_column_2 \">\n                    <\/colgroup>\n            <\/table>\n                    <style type=\"text\/css\" id='ninja_table_custom_css_21654'>\n                        #footable_21654  {\n        font-family: sans-serif;\n        font-size: 14px;\n    }\n\n#footable_21654 td.ninja_column_0 { text-align: center; }#footable_21654 th.ninja_column_0 { text-align: center; }#footable_21654 td.ninja_column_1 { text-align: center; }#footable_21654 th.ninja_column_1 { text-align: center; }#footable_21654 td.ninja_column_2 { text-align: center; }#footable_21654 th.ninja_column_2 { text-align: center; }                <\/style>\n                \n    \n    \n<\/div>\n\n<p>&nbsp;<\/p>\n<div class=\"hidden\">134.1012, 134.1014<\/div>\n","protected":false},"excerpt":{"rendered":"<p>Removedores de pintura reutilizables, hechos de nylon o PP Polipropileno. En dos opciones: r\u00edgidos o flexibles. Dise\u00f1ados para una mezcla perfecta de los b\u00e1sicos de las pinturas. Bordes lisos y terminaci\u00f3n en punta para reba\u00f1ar las paredes y el fondo del vaso de mezclas. Sin relieves o agujeros para una f\u00e1cil limpieza. Tama\u00f1o: 295 x&#8230;<\/p>\n","protected":false},"featured_media":18807,"template":"","meta":[],"product_cat":[318,317],"product_tag":[],"acf":[],"_links":{"self":[{"href":"https:\/\/www.sistar.it\/es\/wp-json\/wp\/v2\/product\/21655"}],"collection":[{"href":"https:\/\/www.sistar.it\/es\/wp-json\/wp\/v2\/product"}],"about":[{"href":"https:\/\/www.sistar.it\/es\/wp-json\/wp\/v2\/types\/product"}],"wp:featuredmedia":[{"embeddable":true,"href":"https:\/\/www.sistar.it\/es\/wp-json\/wp\/v2\/media\/18807"}],"wp:attachment":[{"href":"https:\/\/www.sistar.it\/es\/wp-json\/wp\/v2\/media?parent=21655"}],"wp:term":[{"taxonomy":"product_cat","embeddable":true,"href":"https:\/\/www.sistar.it\/es\/wp-json\/wp\/v2\/product_cat?post=21655"},{"taxonomy":"product_tag","embeddable":true,"href":"https:\/\/www.sistar.it\/es\/wp-json\/wp\/v2\/product_tag?post=21655"}],"curies":[{"name":"wp","href":"https:\/\/api.w.org\/{rel}","templated":true}]}}