{"id":21638,"date":"2013-03-01T12:09:06","date_gmt":"2013-03-01T12:09:06","guid":{"rendered":"https:\/\/www.sistar.it\/prodotti\/magnetic-pad\/"},"modified":"2024-03-13T16:06:48","modified_gmt":"2024-03-13T16:06:48","slug":"soporte-magnetico","status":"publish","type":"product","link":"https:\/\/www.sistar.it\/es\/prodotti\/soporte-magnetico\/","title":{"rendered":"Soporte magn\u00e9tico"},"content":{"rendered":"<p>Soporte de dos caras. Una magn\u00e9tica, para usar con comodidad la l\u00e1mina para rectificados (c\u00f3digo 138.0055, no incluida), otra cara de vinilo para aplicar los mini discos abrasivos con fijaci\u00f3n adhesiva.<\/p>\n<p>&nbsp;<\/p>\n<div id=\"footable_parent_21636\"\n         class=\" footable_parent ninja_table_wrapper loading_ninja_table wp_table_data_press_parent bootstrap4 \">\n                <table data-ninja_table_instance=\"ninja_table_instance_0\" data-footable_id=\"21636\" data-filter-delay=\"1000\" aria-label=\"Tamponcino calamitato e velcrato( INGLESE )\"            id=\"footable_21636\"\n           data-unique_identifier=\"ninja_table_unique_id_1727641630_21636\"\n           class=\" foo-table ninja_footable foo_table_21636 ninja_table_unique_id_1727641630_21636 table  nt_type_ajax_table table-bordered table-hover table-sm vertical_centered  footable-paging-right ninja_table_search_disabled\">\n                <colgroup>\n                            <col class=\"ninja_column_0 \">\n                            <col class=\"ninja_column_1 \">\n                            <col class=\"ninja_column_2 \">\n                    <\/colgroup>\n            <\/table>\n                    <style type=\"text\/css\" id='ninja_table_custom_css_21636'>\n                        #footable_21636  {\n        font-family: sans-serif;\n        font-size: 14px;\n    }\n\n#footable_21636 td.ninja_column_0 { text-align: center; }#footable_21636 th.ninja_column_0 { text-align: center; }#footable_21636 td.ninja_column_1 { text-align: center; }#footable_21636 th.ninja_column_1 { text-align: center; }#footable_21636 td.ninja_column_2 { text-align: center; }#footable_21636 th.ninja_column_2 { text-align: center; }                <\/style>\n                \n    \n    \n<\/div>\n\n<div class=\"hidden\">138.0056<\/div>\n","protected":false},"excerpt":{"rendered":"<p>Soporte de dos caras. Una magn\u00e9tica, para usar con comodidad la l\u00e1mina para rectificados (c\u00f3digo 138.0055, no incluida), otra cara de vinilo para aplicar los mini discos abrasivos con fijaci\u00f3n adhesiva. &nbsp; 138.0056<\/p>\n","protected":false},"featured_media":18838,"template":"","meta":[],"product_cat":[318,317],"product_tag":[],"acf":[],"_links":{"self":[{"href":"https:\/\/www.sistar.it\/es\/wp-json\/wp\/v2\/product\/21638"}],"collection":[{"href":"https:\/\/www.sistar.it\/es\/wp-json\/wp\/v2\/product"}],"about":[{"href":"https:\/\/www.sistar.it\/es\/wp-json\/wp\/v2\/types\/product"}],"wp:featuredmedia":[{"embeddable":true,"href":"https:\/\/www.sistar.it\/es\/wp-json\/wp\/v2\/media\/18838"}],"wp:attachment":[{"href":"https:\/\/www.sistar.it\/es\/wp-json\/wp\/v2\/media?parent=21638"}],"wp:term":[{"taxonomy":"product_cat","embeddable":true,"href":"https:\/\/www.sistar.it\/es\/wp-json\/wp\/v2\/product_cat?post=21638"},{"taxonomy":"product_tag","embeddable":true,"href":"https:\/\/www.sistar.it\/es\/wp-json\/wp\/v2\/product_tag?post=21638"}],"curies":[{"name":"wp","href":"https:\/\/api.w.org\/{rel}","templated":true}]}}