{"id":21599,"date":"2015-01-22T11:32:04","date_gmt":"2015-01-22T11:32:04","guid":{"rendered":"https:\/\/www.sistar.it\/prodotti\/shim-mask-by-devilbiss\/"},"modified":"2025-05-06T08:40:34","modified_gmt":"2025-05-06T08:40:34","slug":"shim-mask-by-devilbiss","status":"publish","type":"product","link":"https:\/\/www.sistar.it\/es\/prodotti\/shim-mask-by-devilbiss\/","title":{"rendered":"SHIM-MASK by DeVilbiss"},"content":{"rendered":"<p>L\u00e1minas hechas en acero inoxidable para lijar o eliminar peque\u00f1as imperfecciones de pintura. Evita el da\u00f1o en la superficie adyacente.<\/p>\n<p>Dispone de cuatro dise\u00f1os diferentes, seg\u00fan la forma del defecto. Embalaje 1 Kit de 3 Shim-Mask.<\/p>\n<p>&nbsp;<\/p>\n<p hidden=\"\"><iframe loading=\"lazy\" src=\"\/\/www.youtube.com\/embed\/9KYbj5w3zHc?feature=player_detailpage\" width=\"640\" height=\"360\" frameborder=\"0\"><\/iframe><\/p>\n<div id=\"footable_parent_21598\"\n         class=\" footable_parent ninja_table_wrapper loading_ninja_table wp_table_data_press_parent bootstrap4 \">\n                <table data-ninja_table_instance=\"ninja_table_instance_0\" data-footable_id=\"21598\" data-filter-delay=\"1000\" aria-label=\"Shim-Mask by DeVilbiss( INGLESE )\"            id=\"footable_21598\"\n           data-unique_identifier=\"ninja_table_unique_id_691173046_21598\"\n           class=\" foo-table ninja_footable foo_table_21598 ninja_table_unique_id_691173046_21598 table  nt_type_ajax_table table-bordered table-hover table-sm vertical_centered  footable-paging-right ninja_table_search_disabled\">\n                <colgroup>\n                            <col class=\"ninja_column_0 \">\n                            <col class=\"ninja_column_1 \">\n                            <col class=\"ninja_column_2 \">\n                    <\/colgroup>\n            <\/table>\n                    <style type=\"text\/css\" id='ninja_table_custom_css_21598'>\n                        #footable_21598  {\n        font-family: sans-serif;\n        font-size: 14px;\n    }\n\n#footable_21598 td.ninja_column_0 { text-align: center; }#footable_21598 th.ninja_column_0 { text-align: center; }#footable_21598 td.ninja_column_1 { text-align: center; }#footable_21598 th.ninja_column_1 { text-align: center; }#footable_21598 td.ninja_column_2 { text-align: center; }#footable_21598 th.ninja_column_2 { text-align: center; }                <\/style>\n                \n    \n    \n<\/div>\n\n<div class=\"hidden\">138.0070<\/div>\n","protected":false},"excerpt":{"rendered":"<p>&nbsp;<\/p>\n<p>&nbsp;<\/p>\n","protected":false},"featured_media":18843,"template":"","meta":[],"product_cat":[318,317],"product_tag":[324],"acf":[],"_links":{"self":[{"href":"https:\/\/www.sistar.it\/es\/wp-json\/wp\/v2\/product\/21599"}],"collection":[{"href":"https:\/\/www.sistar.it\/es\/wp-json\/wp\/v2\/product"}],"about":[{"href":"https:\/\/www.sistar.it\/es\/wp-json\/wp\/v2\/types\/product"}],"wp:featuredmedia":[{"embeddable":true,"href":"https:\/\/www.sistar.it\/es\/wp-json\/wp\/v2\/media\/18843"}],"wp:attachment":[{"href":"https:\/\/www.sistar.it\/es\/wp-json\/wp\/v2\/media?parent=21599"}],"wp:term":[{"taxonomy":"product_cat","embeddable":true,"href":"https:\/\/www.sistar.it\/es\/wp-json\/wp\/v2\/product_cat?post=21599"},{"taxonomy":"product_tag","embeddable":true,"href":"https:\/\/www.sistar.it\/es\/wp-json\/wp\/v2\/product_tag?post=21599"}],"curies":[{"name":"wp","href":"https:\/\/api.w.org\/{rel}","templated":true}]}}